{"id":26315,"date":"2026-02-27T00:32:02","date_gmt":"2026-02-27T00:32:02","guid":{"rendered":"https:\/\/nordicmart.andreevmaster.com\/product\/gyngestol-kan-belastes-med-op-til-150-kg-2\/"},"modified":"2026-02-27T09:11:41","modified_gmt":"2026-02-27T09:11:41","slug":"gyngestol-kan-belastes-med-op-til-150-kg-2","status":"publish","type":"product","link":"https:\/\/nordicmart.andreevmaster.com\/da\/vare\/gyngestol-kan-belastes-med-op-til-150-kg-2\/","title":{"rendered":"Gyngestol kan belastes med op til 150 kg"},"content":{"rendered":"<p>N\u00e5r du f\u00f8rst har pr\u00f8vet den komfortable gyngestol fra SONGMICS, vil du elske den! Komfort &#038; sikkerhed Gyngestolen er kendetegnet ved sit moderne udseende og bl\u00f8de s\u00e6de og er ideel til alle, b\u00e5de voksne og b\u00f8rn. Fodst\u00f8tten kan ogs\u00e5 justeres til forskellige h\u00f8jder, s\u00e5 dine ben altid er i en behagelig position. Takket v\u00e6re det robuste birketr\u00e6sstel og den skridsikre filt p\u00e5 f\u00f8dderne kan du trygt vugge frem og tilbage i gyngestolen. En fleksibel hovedpude Hovedpuden er fastgjort til rygl\u00e6net med en velcrolukning. Du kan tage den af, hvis det er n\u00f8dvendigt, vende den og s\u00e6tte den fast p\u00e5 rygl\u00e6net igen og h\u00e6ve det et par centimeter. Puden har ogs\u00e5 en anden fordel: Betr\u00e6kket er let at tage af, hvilket g\u00f8r reng\u00f8ringen lettere. T\u00f8v ikke, og fork\u00e6l dig selv med en gyngestol til afslapning!Produktdetaljer:- Farve: Sort- Materiale: Birk, skum, metal- V\u00e6gt: 11 kg- St\u00f8rrelse: 67 x 115 x 91 cm (L x B x H)- Rygl\u00e6nets h\u00f8jde: 73 cm- Dybde p\u00e5 s\u00e6de: 48 cm- L\u00e6ngde p\u00e5 fodst\u00f8tte: 33 cmLeveringsomfang:- 1 x gyngestol- 1 x brugsanvisning (DE, EN, FR, ES, IT)SONGMICS Bem\u00e6rkninger:- Sp\u00e6nd ikke skruerne med det samme under monteringen. F\u00f8rst n\u00e5r du har sat alle skruerne i, skal du stramme dem forsigtigt.- Undg\u00e5 venligst at placere produktet udend\u00f8rs i l\u00e6ngere tid.<\/p>\n","protected":false},"excerpt":{"rendered":"<p>N\u00e5r du f\u00f8rst har pr\u00f8vet den komfortable gyngestol fra SONGMICS, vil du elske den! Komfort &#038; sikkerhed Gyngestolen er kendetegnet ved sit moderne udseende og bl\u00f8de s\u00e6de og er ideel til alle, b\u00e5de voksne og b\u00f8rn. Fodst\u00f8tten kan ogs\u00e5 justeres til forskellige h\u00f8jder, s\u00e5 dine ben altid er i en behagelig position. Takket v\u00e6re det [&hellip;]<\/p>\n","protected":false},"featured_media":0,"comment_status":"open","ping_status":"closed","template":"","meta":[],"product_brand":[],"product_cat":[31],"product_tag":[],"class_list":{"0":"post-26315","1":"product","2":"type-product","3":"status-publish","5":"product_cat-uncategorized-da","7":"first","8":"instock","9":"shipping-taxable","10":"product-type-simple"},"_links":{"self":[{"href":"https:\/\/nordicmart.andreevmaster.com\/da\/wp-json\/wp\/v2\/product\/26315","targetHints":{"allow":["GET"]}}],"collection":[{"href":"https:\/\/nordicmart.andreevmaster.com\/da\/wp-json\/wp\/v2\/product"}],"about":[{"href":"https:\/\/nordicmart.andreevmaster.com\/da\/wp-json\/wp\/v2\/types\/product"}],"replies":[{"embeddable":true,"href":"https:\/\/nordicmart.andreevmaster.com\/da\/wp-json\/wp\/v2\/comments?post=26315"}],"wp:attachment":[{"href":"https:\/\/nordicmart.andreevmaster.com\/da\/wp-json\/wp\/v2\/media?parent=26315"}],"wp:term":[{"taxonomy":"product_brand","embeddable":true,"href":"https:\/\/nordicmart.andreevmaster.com\/da\/wp-json\/wp\/v2\/product_brand?post=26315"},{"taxonomy":"product_cat","embeddable":true,"href":"https:\/\/nordicmart.andreevmaster.com\/da\/wp-json\/wp\/v2\/product_cat?post=26315"},{"taxonomy":"product_tag","embeddable":true,"href":"https:\/\/nordicmart.andreevmaster.com\/da\/wp-json\/wp\/v2\/product_tag?post=26315"}],"curies":[{"name":"wp","href":"https:\/\/api.w.org\/{rel}","templated":true}]}}