{"id":26238,"date":"2026-02-27T00:31:38","date_gmt":"2026-02-27T00:31:38","guid":{"rendered":"https:\/\/nordicmart.andreevmaster.com\/product\/seinakiinnitteinen-vaateteline-3\/"},"modified":"2026-02-27T09:11:20","modified_gmt":"2026-02-27T09:11:20","slug":"seinakiinnitteinen-vaateteline-3","status":"publish","type":"product","link":"https:\/\/nordicmart.andreevmaster.com\/da\/vare\/seinakiinnitteinen-vaateteline-3\/","title":{"rendered":"Sein\u00e4kiinnitteinen vaateteline"},"content":{"rendered":"<p>Er gulvpladsen i entreen begr\u00e6nset, eller vil du gerne holde den ren? Denne v\u00e6gmonterede t\u00f8jstativpanel er svaret p\u00e5 dine l\u00e6nge ventede \u00f8nsker. Det v\u00e6gmonterede t\u00f8jstativ har 3 kroge, en oph\u00e6ngningsstang og en hylde, og det er n\u00e6sten den perfekte l\u00f8sning til alt i &#8220;entreen&#8221;.Med 3 knapper kan du nemt h\u00e6nge din h\u00e5ndtaske eller rygs\u00e6k p\u00e5 dette v\u00e6gmonterede t\u00f8jstativ til praktisk opbevaring. H\u00e6ngestangen er ideel til at h\u00e6nge jakker og skjorter, som du ikke \u00f8nsker skal f\u00e5 skulderskader. Den \u00f8verste hylde er perfekt til opbevaring af n\u00f8gler, tegneb\u00f8ger eller sm\u00e5 dekorationsgenstande.Glem alt om at bruge timevis p\u00e5 at fors\u00f8ge at samle dit garderobestativ til entreen perfekt. Dette VASAGLE-garderobepanel leveres med detaljerede instruktioner og nummererede dele, s\u00e5 samlingen er helt enkel. N\u00e5r alt er monteret, har du en entr\u00e9 klar til dine frakker og andre ting. <\/p>\n<p>Denne v\u00e6gmonterede t\u00f8jstativpanel f\u00e5s i 3 forskellige stilarter, s\u00e5 du har rigeligt med valgmuligheder til at skabe den ideelle entr\u00e9. Du kan v\u00e6lge en brun panel og en sort hylde i rustik stil, en sort panel og en brun hylde i moderne stil eller en helt hvid garderobestativ i minimalistisk design. Tekniske oplysninger: &#8211; Farve: &#8211; Farve: 1: Rustik brun (X01)\/Sort (B01)\/Hvid (W01) &#8211; Materiale: Sp\u00e5nplade, metal &#8211; Produktst\u00f8rrelse: 60 x 21,5 x 40 cmIndhold i pakken:- 1 x V\u00e6gmonteret t\u00f8jstativ- 1 x Monteringss\u00e6t- 1 x Brugsanvisning (EN, DE, FR, ES, IT)<\/p>\n","protected":false},"excerpt":{"rendered":"<p>Er gulvpladsen i entreen begr\u00e6nset, eller vil du gerne holde den ren? Denne v\u00e6gmonterede t\u00f8jstativpanel er svaret p\u00e5 dine l\u00e6nge ventede \u00f8nsker. Det v\u00e6gmonterede t\u00f8jstativ har 3 kroge, en oph\u00e6ngningsstang og en hylde, og det er n\u00e6sten den perfekte l\u00f8sning til alt i &#8220;entreen&#8221;.Med 3 knapper kan du nemt h\u00e6nge din h\u00e5ndtaske eller rygs\u00e6k p\u00e5 [&hellip;]<\/p>\n","protected":false},"featured_media":0,"comment_status":"open","ping_status":"closed","template":"","meta":[],"product_brand":[],"product_cat":[31],"product_tag":[],"class_list":{"0":"post-26238","1":"product","2":"type-product","3":"status-publish","5":"product_cat-uncategorized-da","7":"first","8":"instock","9":"shipping-taxable","10":"product-type-simple"},"_links":{"self":[{"href":"https:\/\/nordicmart.andreevmaster.com\/da\/wp-json\/wp\/v2\/product\/26238","targetHints":{"allow":["GET"]}}],"collection":[{"href":"https:\/\/nordicmart.andreevmaster.com\/da\/wp-json\/wp\/v2\/product"}],"about":[{"href":"https:\/\/nordicmart.andreevmaster.com\/da\/wp-json\/wp\/v2\/types\/product"}],"replies":[{"embeddable":true,"href":"https:\/\/nordicmart.andreevmaster.com\/da\/wp-json\/wp\/v2\/comments?post=26238"}],"wp:attachment":[{"href":"https:\/\/nordicmart.andreevmaster.com\/da\/wp-json\/wp\/v2\/media?parent=26238"}],"wp:term":[{"taxonomy":"product_brand","embeddable":true,"href":"https:\/\/nordicmart.andreevmaster.com\/da\/wp-json\/wp\/v2\/product_brand?post=26238"},{"taxonomy":"product_cat","embeddable":true,"href":"https:\/\/nordicmart.andreevmaster.com\/da\/wp-json\/wp\/v2\/product_cat?post=26238"},{"taxonomy":"product_tag","embeddable":true,"href":"https:\/\/nordicmart.andreevmaster.com\/da\/wp-json\/wp\/v2\/product_tag?post=26238"}],"curies":[{"name":"wp","href":"https:\/\/api.w.org\/{rel}","templated":true}]}}