{"id":26093,"date":"2026-02-27T00:30:56","date_gmt":"2026-02-27T00:30:56","guid":{"rendered":"https:\/\/nordicmart.andreevmaster.com\/product\/vintage-brun-sort-kommode-2\/"},"modified":"2026-02-27T09:10:47","modified_gmt":"2026-02-27T09:10:47","slug":"vintage-brun-sort-kommode-2","status":"publish","type":"product","link":"https:\/\/nordicmart.andreevmaster.com\/da\/vare\/vintage-brun-sort-kommode-2\/","title":{"rendered":"Vintage brun-sort kommode"},"content":{"rendered":"<p>Med stor opm\u00e6rksomhed p\u00e5 detaljerne: Du skal ikke bekymre dig, hvis du har b\u00f8rn, for designet af dette sengebord er b\u00f8rnevenligt. Den medf\u00f8lgende tipsikring sikrer et sikkert milj\u00f8 for din familie, og stofskufferne betyder, at sm\u00e5 h\u00e6nder ikke kan komme i klemme, n\u00e5r de sm\u00e5 selv vil l\u00e6gge deres t\u00f8j i skufferne.Problemfri montering: Takket v\u00e6re det enkle design og det medf\u00f8lgende monteringstilbeh\u00f8r beh\u00f8ver du ikke bruge hele din s\u00f8ndag eftermiddag p\u00e5 at samle det. Bare f\u00f8lg den nemme vejledning, s\u00e5 har du samlet sidebordet p\u00e5 ingen tid.Produktdetaljer:Farve: Vintage brun-sortMateriale: MDF (medium density fibreboard), metal, skuffefront af imiteret ruskind, underside af Oxford-stof, ikke-v\u00e6vet stofSt\u00f8rrelse: 80 x 30 x 70 cm (L x B x H)V\u00e6gt: 8,4 kgMax. statisk belastningskapacitet p\u00e5 overfladen: 15 kgMax. statisk belastningskapacitet pr. skuffe: 15 kgMax. statisk belastningskapacitet pr. skuffe: 15 kg. statisk belastningskapacitet pr. skuffe: 3 kgLeveringsomfang:1 x kommode12 x label1 x unbrakon\u00f8gle1 x tilbeh\u00f8rspakkeSONGMICS Bem\u00e6rkninger:Fyld ikke skufferne med for tunge genstande.T\u00f8r produktet af med en fugtig klud til daglig reng\u00f8ring.Hvis produktet lugter &#8220;nyt&#8221; efter udpakning, skal du placere det p\u00e5 et godt ventileret sted i kort tid.<\/p>\n","protected":false},"excerpt":{"rendered":"<p>Med stor opm\u00e6rksomhed p\u00e5 detaljerne: Du skal ikke bekymre dig, hvis du har b\u00f8rn, for designet af dette sengebord er b\u00f8rnevenligt. Den medf\u00f8lgende tipsikring sikrer et sikkert milj\u00f8 for din familie, og stofskufferne betyder, at sm\u00e5 h\u00e6nder ikke kan komme i klemme, n\u00e5r de sm\u00e5 selv vil l\u00e6gge deres t\u00f8j i skufferne.Problemfri montering: Takket v\u00e6re [&hellip;]<\/p>\n","protected":false},"featured_media":0,"comment_status":"open","ping_status":"closed","template":"","meta":[],"product_brand":[],"product_cat":[31],"product_tag":[],"class_list":{"0":"post-26093","1":"product","2":"type-product","3":"status-publish","5":"product_cat-uncategorized-da","7":"first","8":"instock","9":"shipping-taxable","10":"product-type-simple"},"_links":{"self":[{"href":"https:\/\/nordicmart.andreevmaster.com\/da\/wp-json\/wp\/v2\/product\/26093","targetHints":{"allow":["GET"]}}],"collection":[{"href":"https:\/\/nordicmart.andreevmaster.com\/da\/wp-json\/wp\/v2\/product"}],"about":[{"href":"https:\/\/nordicmart.andreevmaster.com\/da\/wp-json\/wp\/v2\/types\/product"}],"replies":[{"embeddable":true,"href":"https:\/\/nordicmart.andreevmaster.com\/da\/wp-json\/wp\/v2\/comments?post=26093"}],"wp:attachment":[{"href":"https:\/\/nordicmart.andreevmaster.com\/da\/wp-json\/wp\/v2\/media?parent=26093"}],"wp:term":[{"taxonomy":"product_brand","embeddable":true,"href":"https:\/\/nordicmart.andreevmaster.com\/da\/wp-json\/wp\/v2\/product_brand?post=26093"},{"taxonomy":"product_cat","embeddable":true,"href":"https:\/\/nordicmart.andreevmaster.com\/da\/wp-json\/wp\/v2\/product_cat?post=26093"},{"taxonomy":"product_tag","embeddable":true,"href":"https:\/\/nordicmart.andreevmaster.com\/da\/wp-json\/wp\/v2\/product_tag?post=26093"}],"curies":[{"name":"wp","href":"https:\/\/api.w.org\/{rel}","templated":true}]}}