{"id":26057,"date":"2026-02-27T00:30:46","date_gmt":"2026-02-27T00:30:46","guid":{"rendered":"https:\/\/nordicmart.andreevmaster.com\/product\/lumi-2-dors-skab\/"},"modified":"2026-02-27T09:10:39","modified_gmt":"2026-02-27T09:10:39","slug":"lumi-2-dors-skab","status":"publish","type":"product","link":"https:\/\/nordicmart.andreevmaster.com\/da\/vare\/lumi-2-dors-skab\/","title":{"rendered":"Lumi 2-d\u00f8rs skab"},"content":{"rendered":"<p>Vigtigste fordele: <\/p>\n<p>&#8211; 2 rummelige skuffer,<br \/>\n &#8211; 4 hylder, heraf 3 med justerbar position<br \/>\n &#8211; mulighed for montering p\u00e5 v\u00e6ggen &#8211; anbefales,<br \/>\n &#8211; opfylder europ\u00e6iske sikkerhedsstandarder og normer. <\/p>\n<p>M\u00e5l (cm):<br \/>\n h\u00f8jde: 170<br \/>\n dybde: 40<br \/>\n bredde: 80 <\/p>\n<p> Yderligere oplysninger:<br \/>\n &#8211; lamineret plade af h\u00f8j kvalitet, der er modstandsdygtig over for skader og fugt og let at holde ren<br \/>\n &#8211; cellul\u00e6rt polycarbonat,<br \/>\n &#8211; ben og h\u00e5ndtag i metal<br \/>\n &#8211; Hafele-skinner udstyret med et system, der bremser lukningen af skufferne <\/p>\n<p> Farver:<br \/>\n &#8211; Hvid\/sort <\/p>\n<p>Brugsanvisning: <\/p>\n<p>M\u00f8blerne skal t\u00f8rres af med en bl\u00f8d bomuldsklud fugtet med vand eller et m\u00f8belplejemiddel. <\/p>\n<p>Samling: <\/p>\n<p>M\u00f8blerne leveres i pakker til selvmontering. Der medf\u00f8lger detaljerede monteringsvejledninger i pakkerne sammen med udstyret.<\/p>\n","protected":false},"excerpt":{"rendered":"<p>Vigtigste fordele: &#8211; 2 rummelige skuffer, &#8211; 4 hylder, heraf 3 med justerbar position &#8211; mulighed for montering p\u00e5 v\u00e6ggen &#8211; anbefales, &#8211; opfylder europ\u00e6iske sikkerhedsstandarder og normer. M\u00e5l (cm): h\u00f8jde: 170 dybde: 40 bredde: 80 Yderligere oplysninger: &#8211; lamineret plade af h\u00f8j kvalitet, der er modstandsdygtig over for skader og fugt og let at [&hellip;]<\/p>\n","protected":false},"featured_media":0,"comment_status":"open","ping_status":"closed","template":"","meta":[],"product_brand":[],"product_cat":[31],"product_tag":[],"class_list":{"0":"post-26057","1":"product","2":"type-product","3":"status-publish","5":"product_cat-uncategorized-da","7":"first","8":"instock","9":"shipping-taxable","10":"purchasable","11":"product-type-simple"},"_links":{"self":[{"href":"https:\/\/nordicmart.andreevmaster.com\/da\/wp-json\/wp\/v2\/product\/26057","targetHints":{"allow":["GET"]}}],"collection":[{"href":"https:\/\/nordicmart.andreevmaster.com\/da\/wp-json\/wp\/v2\/product"}],"about":[{"href":"https:\/\/nordicmart.andreevmaster.com\/da\/wp-json\/wp\/v2\/types\/product"}],"replies":[{"embeddable":true,"href":"https:\/\/nordicmart.andreevmaster.com\/da\/wp-json\/wp\/v2\/comments?post=26057"}],"wp:attachment":[{"href":"https:\/\/nordicmart.andreevmaster.com\/da\/wp-json\/wp\/v2\/media?parent=26057"}],"wp:term":[{"taxonomy":"product_brand","embeddable":true,"href":"https:\/\/nordicmart.andreevmaster.com\/da\/wp-json\/wp\/v2\/product_brand?post=26057"},{"taxonomy":"product_cat","embeddable":true,"href":"https:\/\/nordicmart.andreevmaster.com\/da\/wp-json\/wp\/v2\/product_cat?post=26057"},{"taxonomy":"product_tag","embeddable":true,"href":"https:\/\/nordicmart.andreevmaster.com\/da\/wp-json\/wp\/v2\/product_tag?post=26057"}],"curies":[{"name":"wp","href":"https:\/\/api.w.org\/{rel}","templated":true}]}}