{"id":26056,"date":"2026-02-27T00:30:46","date_gmt":"2026-02-27T00:30:46","guid":{"rendered":"https:\/\/nordicmart.andreevmaster.com\/product\/lumi-skuffe-til-barneseng-70x140\/"},"modified":"2026-02-27T09:10:39","modified_gmt":"2026-02-27T09:10:39","slug":"lumi-skuffe-til-barneseng-70x140","status":"publish","type":"product","link":"https:\/\/nordicmart.andreevmaster.com\/da\/vare\/lumi-skuffe-til-barneseng-70x140\/","title":{"rendered":"Lumi skuffe til barneseng 70&#215;140"},"content":{"rendered":"<p>Vigtigste fordele: <\/p>\n<p>&#8211; en skuffe p\u00e5 hjul, udstyret med praktiske gummib\u00e5nd for at undg\u00e5 ridser i overfladen, <\/p>\n<p>&#8211; fremstillet i henhold til europ\u00e6iske standarder og sikkerhedsstandarder <\/p>\n<p>M\u00e5l (cm): <\/p>\n<p>l\u00e6ngde: 139,3 <\/p>\n<p>bredde: 73,4 <\/p>\n<p>h\u00f8jde: 13 <\/p>\n<p>Yderligere oplysninger: <\/p>\n<p>&#8211; skuffen passer til en madras med m\u00e5lene: 70 cm x 140 <\/p>\n<p>Design og finish: <\/p>\n<p>&#8211; h\u00f8jkvalitets lamineret plade, der er modstandsdygtig over for skader og fugt og nem at holde ren <\/p>\n<p>Farve: <\/p>\n<p>&#8211; hvid <\/p>\n<p>Brugsanvisning: <\/p>\n<p>M\u00f8blerne skal t\u00f8rres af med en bl\u00f8d bomuldsklud fugtet med vand eller et m\u00f8belplejemiddel. <\/p>\n<p>Samling: <\/p>\n<p>M\u00f8blerne leveres i pakker til selvmontering. Pakkerne indeholder detaljerede monteringsvejledninger samt tilbeh\u00f8r (skruer osv.).<\/p>\n","protected":false},"excerpt":{"rendered":"<p>Vigtigste fordele: &#8211; en skuffe p\u00e5 hjul, udstyret med praktiske gummib\u00e5nd for at undg\u00e5 ridser i overfladen, &#8211; fremstillet i henhold til europ\u00e6iske standarder og sikkerhedsstandarder M\u00e5l (cm): l\u00e6ngde: 139,3 bredde: 73,4 h\u00f8jde: 13 Yderligere oplysninger: &#8211; skuffen passer til en madras med m\u00e5lene: 70 cm x 140 Design og finish: &#8211; h\u00f8jkvalitets lamineret plade, [&hellip;]<\/p>\n","protected":false},"featured_media":0,"comment_status":"open","ping_status":"closed","template":"","meta":[],"product_brand":[],"product_cat":[31],"product_tag":[],"class_list":{"0":"post-26056","1":"product","2":"type-product","3":"status-publish","5":"product_cat-uncategorized-da","7":"first","8":"instock","9":"shipping-taxable","10":"purchasable","11":"product-type-simple"},"_links":{"self":[{"href":"https:\/\/nordicmart.andreevmaster.com\/da\/wp-json\/wp\/v2\/product\/26056","targetHints":{"allow":["GET"]}}],"collection":[{"href":"https:\/\/nordicmart.andreevmaster.com\/da\/wp-json\/wp\/v2\/product"}],"about":[{"href":"https:\/\/nordicmart.andreevmaster.com\/da\/wp-json\/wp\/v2\/types\/product"}],"replies":[{"embeddable":true,"href":"https:\/\/nordicmart.andreevmaster.com\/da\/wp-json\/wp\/v2\/comments?post=26056"}],"wp:attachment":[{"href":"https:\/\/nordicmart.andreevmaster.com\/da\/wp-json\/wp\/v2\/media?parent=26056"}],"wp:term":[{"taxonomy":"product_brand","embeddable":true,"href":"https:\/\/nordicmart.andreevmaster.com\/da\/wp-json\/wp\/v2\/product_brand?post=26056"},{"taxonomy":"product_cat","embeddable":true,"href":"https:\/\/nordicmart.andreevmaster.com\/da\/wp-json\/wp\/v2\/product_cat?post=26056"},{"taxonomy":"product_tag","embeddable":true,"href":"https:\/\/nordicmart.andreevmaster.com\/da\/wp-json\/wp\/v2\/product_tag?post=26056"}],"curies":[{"name":"wp","href":"https:\/\/api.w.org\/{rel}","templated":true}]}}