{"id":26055,"date":"2026-02-27T00:30:46","date_gmt":"2026-02-27T00:30:46","guid":{"rendered":"https:\/\/nordicmart.andreevmaster.com\/product\/lumi-ratata-puslebord\/"},"modified":"2026-02-27T09:10:39","modified_gmt":"2026-02-27T09:10:39","slug":"lumi-ratata-puslebord","status":"publish","type":"product","link":"https:\/\/nordicmart.andreevmaster.com\/da\/vare\/lumi-ratata-puslebord\/","title":{"rendered":"Lumi \/  Ratata puslebord"},"content":{"rendered":"<p>Vigtigste fordele: <\/p>\n<p>&#8211; sikkert, praktisk og behageligt sted, der g\u00f8r det lettere at skifte babyens bleer, <\/p>\n<p>&#8211; udvider kommodens overflade, s\u00e5 barnet er i sikkerhed, og alle plejeprodukter er inden for r\u00e6kkevidde, <\/p>\n<p>&#8211; passer perfekt til LUMI-kommoden, <\/p>\n<p>&#8211; kan monteres p\u00e5 venstre og h\u00f8jre side samt i midten af kommoden, <\/p>\n<p>&#8211; kan monteres p\u00e5 en barneseng fra LUMI-kollektionen <\/p>\n<p>&#8211; b\u00e5de montering og demontering er meget hurtig og nem; efter fjernelse er der ingen m\u00e6rker tilbage p\u00e5 kommoden, <\/p>\n<p>&#8211; overholder de europ\u00e6iske sikkerhedsstandarder og -normer. <\/p>\n<p>M\u00e5l (cm): <\/p>\n<p>h\u00f8jde: 8 <\/p>\n<p>bredde: 59 <\/p>\n<p>dybde: 85 <\/p>\n<p> Yderligere oplysninger : <\/p>\n<p>-tekstilindsatser\/puslem\u00e5tter med maksimale m\u00e5l p\u00e5 56 cm x 75 cm kan fastg\u00f8res til puslepladen <\/p>\n<p>-maksimal v\u00e6gt af et barn p\u00e5 pusleborde: 15 kg <\/p>\n<p> Design og finish: <\/p>\n<p>&#8211; lamineret plade af h\u00f8j kvalitet, der er modstandsdygtig over for skader og fugt, let at holde ren, <\/p>\n<p> Farver:<br \/>\n &#8211; hvid <\/p>\n<p>Brugsanvisning: <\/p>\n<p>M\u00f8blerne skal t\u00f8rres af med en bl\u00f8d bomuldsklud fugtet med vand eller et m\u00f8belplejeprodukt. <\/p>\n<p>Samling: <\/p>\n<p>M\u00f8blerne leveres i pakker til selvmontering. Der medf\u00f8lger detaljerede monteringsvejledninger i pakkerne sammen med udstyret.<\/p>\n","protected":false},"excerpt":{"rendered":"<p>Vigtigste fordele: &#8211; sikkert, praktisk og behageligt sted, der g\u00f8r det lettere at skifte babyens bleer, &#8211; udvider kommodens overflade, s\u00e5 barnet er i sikkerhed, og alle plejeprodukter er inden for r\u00e6kkevidde, &#8211; passer perfekt til LUMI-kommoden, &#8211; kan monteres p\u00e5 venstre og h\u00f8jre side samt i midten af kommoden, &#8211; kan monteres p\u00e5 en [&hellip;]<\/p>\n","protected":false},"featured_media":0,"comment_status":"open","ping_status":"closed","template":"","meta":[],"product_brand":[],"product_cat":[31],"product_tag":[],"class_list":{"0":"post-26055","1":"product","2":"type-product","3":"status-publish","5":"product_cat-uncategorized-da","7":"first","8":"instock","9":"shipping-taxable","10":"purchasable","11":"product-type-simple"},"_links":{"self":[{"href":"https:\/\/nordicmart.andreevmaster.com\/da\/wp-json\/wp\/v2\/product\/26055","targetHints":{"allow":["GET"]}}],"collection":[{"href":"https:\/\/nordicmart.andreevmaster.com\/da\/wp-json\/wp\/v2\/product"}],"about":[{"href":"https:\/\/nordicmart.andreevmaster.com\/da\/wp-json\/wp\/v2\/types\/product"}],"replies":[{"embeddable":true,"href":"https:\/\/nordicmart.andreevmaster.com\/da\/wp-json\/wp\/v2\/comments?post=26055"}],"wp:attachment":[{"href":"https:\/\/nordicmart.andreevmaster.com\/da\/wp-json\/wp\/v2\/media?parent=26055"}],"wp:term":[{"taxonomy":"product_brand","embeddable":true,"href":"https:\/\/nordicmart.andreevmaster.com\/da\/wp-json\/wp\/v2\/product_brand?post=26055"},{"taxonomy":"product_cat","embeddable":true,"href":"https:\/\/nordicmart.andreevmaster.com\/da\/wp-json\/wp\/v2\/product_cat?post=26055"},{"taxonomy":"product_tag","embeddable":true,"href":"https:\/\/nordicmart.andreevmaster.com\/da\/wp-json\/wp\/v2\/product_tag?post=26055"}],"curies":[{"name":"wp","href":"https:\/\/api.w.org\/{rel}","templated":true}]}}