{"id":26054,"date":"2026-02-27T00:30:45","date_gmt":"2026-02-27T00:30:45","guid":{"rendered":"https:\/\/nordicmart.andreevmaster.com\/product\/lumi-skrivebord-med-lydabsorberende-panel-til-skrivebord\/"},"modified":"2026-02-27T09:10:38","modified_gmt":"2026-02-27T09:10:38","slug":"lumi-skrivebord-med-lydabsorberende-panel-til-skrivebord","status":"publish","type":"product","link":"https:\/\/nordicmart.andreevmaster.com\/da\/vare\/lumi-skrivebord-med-lydabsorberende-panel-til-skrivebord\/","title":{"rendered":"Lumi skrivebord med lydabsorberende panel til skrivebord"},"content":{"rendered":"<p>Elegance, uh\u00f8jtidelighed,  detaljer Kollektion af minimalistiske, afbalancerede og enkle b\u00f8rnem\u00f8bler. Dristig, geometrisk form, beriget med elegante metaldetaljer. Skjulte bev\u00e6gelige dele og st\u00f8jabsorberende skrivebordspaneler giver den rette komfort og sikkerhed. En serie designet i overensstemmelse med principperne i Montesoris holistiske udviklingsfilosofi.<br \/>\nProduktets egenskaber:<br \/>\n&#8211; 2 rummelige skuffer p\u00e5 skinner, der giver nem adgang til dit barns yndlingsskoleartikler<br \/>\n&#8211; dekorativt lydabsorberende panel, der reducerer st\u00f8j og hj\u00e6lper med at \u00f8ge dit barns koncentration, med mulighed for at fastg\u00f8re forskellige billeder eller fotos og forhindre, at genstande falder ned fra skrivebordet (panelet er en valgfri funktion, der kan k\u00f8bes separat)<br \/>\n&#8211; Indbyggede to let tilg\u00e6ngelige opbevaringsrum med tr\u00e6l\u00e5g p\u00e5 bagsiden af skrivebordet &#8211; ideelle til opbevaring af sm\u00e5 genstande eller som kabel- og ledningsorganizer for at opretholde orden p\u00e5 skrivebordet og i rummet <\/p>\n<p>&#8211; Udstyret med et kabelgennemf\u00f8ringshul for at undg\u00e5 un\u00f8dvendigt rod p\u00e5 skrivebordet <\/p>\n<p>&#8211; Den omhyggeligt f\u00e6rdigbehandlede bagside af skrivebordet g\u00f8r det muligt at placere det hvor som helst i rummet, s\u00e5 du kan tilpasse det til dine individuelle behov <\/p>\n<p>&#8211; produceret i overensstemmelse med europ\u00e6iske sikkerhedsstandarder og -regler, hvilket sikrer kvalitet og holdbarhed. <\/p>\n<p>M\u00e5l (cm): <\/p>\n<p>h\u00f8jde: 75,2 <\/p>\n<p>dybde: 64 <\/p>\n<p>bredde: 120 <\/p>\n<p>Design og finish: <\/p>\n<p>&#8211;  lamineret plade af h\u00f8j kvalitet, der er modstandsdygtig over for skader og fugt og nem at holde ren, <\/p>\n<p>&#8211; det \u00f8kologiske, lugtfri og giftfri EcoPET-panel <\/p>\n<p>&#8211; lakeret b\u00f8g og fyrretr\u00e6 <\/p>\n<p>\u2013 metalben   <\/p>\n<p>De lakker, der anvendes i produktionsprocessen, er sikre for b\u00f8rn og certificeret i henhold til EN71\/3   <\/p>\n<p>Farve: <\/p>\n<p>-hvid\/ sort\/ b\u00f8g <\/p>\n<p>Brugsanvisning: <\/p>\n<p>M\u00f8blerne skal t\u00f8rres af med en bl\u00f8d bomuldsklud fugtet med vand eller et m\u00f8belplejemiddel. <\/p>\n<p>Samling: M\u00f8blerne leveres i pakker til selvmontering. Der medf\u00f8lger detaljerede monteringsvejledninger i pakkerne sammen med udstyret.<\/p>\n","protected":false},"excerpt":{"rendered":"<p>Elegance, uh\u00f8jtidelighed, detaljer Kollektion af minimalistiske, afbalancerede og enkle b\u00f8rnem\u00f8bler. Dristig, geometrisk form, beriget med elegante metaldetaljer. Skjulte bev\u00e6gelige dele og st\u00f8jabsorberende skrivebordspaneler giver den rette komfort og sikkerhed. En serie designet i overensstemmelse med principperne i Montesoris holistiske udviklingsfilosofi. Produktets egenskaber: &#8211; 2 rummelige skuffer p\u00e5 skinner, der giver nem adgang til dit barns [&hellip;]<\/p>\n","protected":false},"featured_media":0,"comment_status":"open","ping_status":"closed","template":"","meta":[],"product_brand":[],"product_cat":[31],"product_tag":[],"class_list":{"0":"post-26054","1":"product","2":"type-product","3":"status-publish","5":"product_cat-uncategorized-da","7":"first","8":"instock","9":"shipping-taxable","10":"purchasable","11":"product-type-simple"},"_links":{"self":[{"href":"https:\/\/nordicmart.andreevmaster.com\/da\/wp-json\/wp\/v2\/product\/26054","targetHints":{"allow":["GET"]}}],"collection":[{"href":"https:\/\/nordicmart.andreevmaster.com\/da\/wp-json\/wp\/v2\/product"}],"about":[{"href":"https:\/\/nordicmart.andreevmaster.com\/da\/wp-json\/wp\/v2\/types\/product"}],"replies":[{"embeddable":true,"href":"https:\/\/nordicmart.andreevmaster.com\/da\/wp-json\/wp\/v2\/comments?post=26054"}],"wp:attachment":[{"href":"https:\/\/nordicmart.andreevmaster.com\/da\/wp-json\/wp\/v2\/media?parent=26054"}],"wp:term":[{"taxonomy":"product_brand","embeddable":true,"href":"https:\/\/nordicmart.andreevmaster.com\/da\/wp-json\/wp\/v2\/product_brand?post=26054"},{"taxonomy":"product_cat","embeddable":true,"href":"https:\/\/nordicmart.andreevmaster.com\/da\/wp-json\/wp\/v2\/product_cat?post=26054"},{"taxonomy":"product_tag","embeddable":true,"href":"https:\/\/nordicmart.andreevmaster.com\/da\/wp-json\/wp\/v2\/product_tag?post=26054"}],"curies":[{"name":"wp","href":"https:\/\/api.w.org\/{rel}","templated":true}]}}