{"id":25994,"date":"2026-02-27T00:30:30","date_gmt":"2026-02-27T00:30:30","guid":{"rendered":"https:\/\/nordicmart.andreevmaster.com\/product\/tv-skab-65-tommers-tv-stativ-justerbare-hylder-lage-landlig-design-metalramme-rustikt-brun-og-sort\/"},"modified":"2026-02-27T09:10:26","modified_gmt":"2026-02-27T09:10:26","slug":"tv-skab-65-tommers-tv-stativ-justerbare-hylder-lage-landlig-design-metalramme-rustikt-brun-og-sort","status":"publish","type":"product","link":"https:\/\/nordicmart.andreevmaster.com\/da\/vare\/tv-skab-65-tommers-tv-stativ-justerbare-hylder-lage-landlig-design-metalramme-rustikt-brun-og-sort\/","title":{"rendered":"TV-skab, 65-tommers TV-stativ, justerbare hylder, l\u00e5ge, landlig design, metalramme, rustikt brun og sort"},"content":{"rendered":"<p>[Stabilt stativ] Dens 147 cm overflade passer til tv-apparater p\u00e5 op til 65 tommer. Dette tv-stativ, der er fremstillet af sp\u00e5nplade og st\u00e5l, har opbevaringsplads og kan b\u00e6re en samlet v\u00e6gt p\u00e5 op til 91 kg<br \/>\n[3 opbevaringsmuligheder] 2 justerbare hylder bag l\u00e5gerne, 2 \u00e5bne rum, der er adskilt af en justerbar hylde, og en \u00e5ben hylde under den \u00f8verste del. Rigelig plads til spil, film og multimedieudstyr<br \/>\n[Industriel stil] 2 l\u00e5ger, X-formede rammer og rustik brun farve giver dette tv-skab en industriel stil. Det bliver stjernen i din stue<br \/>\n[Let at samle] Takket v\u00e6re illustrerede instruktioner og nummererede dele er dette tv-skab let at samle.[Praktiske egenskaber] Skabets d\u00f8re holder godt fast. 2 kabelhuller hj\u00e6lper med at holde styr p\u00e5 kablerne. Justerbare ben giver god stabilitet, ogs\u00e5 p\u00e5 lidt uj\u00e6vne gulve.<\/p>\n","protected":false},"excerpt":{"rendered":"<p>[Stabilt stativ] Dens 147 cm overflade passer til tv-apparater p\u00e5 op til 65 tommer. Dette tv-stativ, der er fremstillet af sp\u00e5nplade og st\u00e5l, har opbevaringsplads og kan b\u00e6re en samlet v\u00e6gt p\u00e5 op til 91 kg [3 opbevaringsmuligheder] 2 justerbare hylder bag l\u00e5gerne, 2 \u00e5bne rum, der er adskilt af en justerbar hylde, og en [&hellip;]<\/p>\n","protected":false},"featured_media":0,"comment_status":"open","ping_status":"closed","template":"","meta":[],"product_brand":[],"product_cat":[31],"product_tag":[],"class_list":{"0":"post-25994","1":"product","2":"type-product","3":"status-publish","5":"product_cat-uncategorized-da","7":"first","8":"instock","9":"shipping-taxable","10":"product-type-simple"},"_links":{"self":[{"href":"https:\/\/nordicmart.andreevmaster.com\/da\/wp-json\/wp\/v2\/product\/25994","targetHints":{"allow":["GET"]}}],"collection":[{"href":"https:\/\/nordicmart.andreevmaster.com\/da\/wp-json\/wp\/v2\/product"}],"about":[{"href":"https:\/\/nordicmart.andreevmaster.com\/da\/wp-json\/wp\/v2\/types\/product"}],"replies":[{"embeddable":true,"href":"https:\/\/nordicmart.andreevmaster.com\/da\/wp-json\/wp\/v2\/comments?post=25994"}],"wp:attachment":[{"href":"https:\/\/nordicmart.andreevmaster.com\/da\/wp-json\/wp\/v2\/media?parent=25994"}],"wp:term":[{"taxonomy":"product_brand","embeddable":true,"href":"https:\/\/nordicmart.andreevmaster.com\/da\/wp-json\/wp\/v2\/product_brand?post=25994"},{"taxonomy":"product_cat","embeddable":true,"href":"https:\/\/nordicmart.andreevmaster.com\/da\/wp-json\/wp\/v2\/product_cat?post=25994"},{"taxonomy":"product_tag","embeddable":true,"href":"https:\/\/nordicmart.andreevmaster.com\/da\/wp-json\/wp\/v2\/product_tag?post=25994"}],"curies":[{"name":"wp","href":"https:\/\/api.w.org\/{rel}","templated":true}]}}