{"id":25679,"date":"2026-02-27T00:29:10","date_gmt":"2026-02-27T00:29:10","guid":{"rendered":"https:\/\/nordicmart.andreevmaster.com\/product\/skoaesker-18-stk-plastisk-skoopbevaringsboks\/"},"modified":"2026-02-27T09:09:21","modified_gmt":"2026-02-27T09:09:21","slug":"skoaesker-18-stk-plastisk-skoopbevaringsboks","status":"publish","type":"product","link":"https:\/\/nordicmart.andreevmaster.com\/da\/vare\/skoaesker-18-stk-plastisk-skoopbevaringsboks\/","title":{"rendered":"Sko\u00e6sker, 18 stk., plastisk skoopbevaringsboks"},"content":{"rendered":"<p>Stop med rodede skostakke Smider du altid dine sko i kl\u00e6deskabet, s\u00e5 skostakken efter et stykke tid bliver rodet? Det er en d\u00e5rlig vane, du b\u00f8r komme af med! K\u00f8b disse 18 skokasser og opbevar alle dine sko p\u00e6nt og ordentligt, indtil du har brug for dem igen. Organiser dine sko effektivt Alle sko op til st\u00f8rrelse 42 kan v\u00e6re i disse kasser, hvor de kan opbevares st\u00f8vfrit. Har du brug for dine hvide sandaler? Du finder dem med et enkelt blik, \u00e5bner den relevante kasse og tager simpelthen skoene ud \u2013 den perfekte l\u00f8sning, hvis du har travlt om morgenen! Endnu bedre er det, at flere af disse kasser kan stables oven p\u00e5 hinanden for at spare plads, s\u00e5 de passer perfekt i entreen, kl\u00e6deskabet eller p\u00e5 opbevaringshylden. Produktoplysninger: &#8211; Farve: gennemsigtig ramme, sort &#8211; Materiale: ramme af PP (polypropylen), l\u00e5ge af PS (polystyren) &#8211; St\u00f8rrelse pr. kasse: 33,3 x 23 x 14 cm (L x B x H) &#8211; Indvendig st\u00f8rrelse pr. kasse: Leveringens indhold: &#8211; 18 x skokasse &#8211; 1 x brugsanvisning (DE, EN, FR, ES, IT) SONGMIC Bem\u00e6rkninger: &#8211; F\u00f8lg instruktionerne og videoen for at samle produktet. Undlad at tvinge den fra hinanden. &#8211; M\u00e5l dine sko inden k\u00f8b og kontroller, at de passer til disse skokasser.<\/p>\n","protected":false},"excerpt":{"rendered":"<p>Stop med rodede skostakke Smider du altid dine sko i kl\u00e6deskabet, s\u00e5 skostakken efter et stykke tid bliver rodet? Det er en d\u00e5rlig vane, du b\u00f8r komme af med! K\u00f8b disse 18 skokasser og opbevar alle dine sko p\u00e6nt og ordentligt, indtil du har brug for dem igen. Organiser dine sko effektivt Alle sko op [&hellip;]<\/p>\n","protected":false},"featured_media":0,"comment_status":"open","ping_status":"closed","template":"","meta":[],"product_brand":[],"product_cat":[31],"product_tag":[],"class_list":{"0":"post-25679","1":"product","2":"type-product","3":"status-publish","5":"product_cat-uncategorized-da","7":"first","8":"instock","9":"shipping-taxable","10":"product-type-simple"},"_links":{"self":[{"href":"https:\/\/nordicmart.andreevmaster.com\/da\/wp-json\/wp\/v2\/product\/25679","targetHints":{"allow":["GET"]}}],"collection":[{"href":"https:\/\/nordicmart.andreevmaster.com\/da\/wp-json\/wp\/v2\/product"}],"about":[{"href":"https:\/\/nordicmart.andreevmaster.com\/da\/wp-json\/wp\/v2\/types\/product"}],"replies":[{"embeddable":true,"href":"https:\/\/nordicmart.andreevmaster.com\/da\/wp-json\/wp\/v2\/comments?post=25679"}],"wp:attachment":[{"href":"https:\/\/nordicmart.andreevmaster.com\/da\/wp-json\/wp\/v2\/media?parent=25679"}],"wp:term":[{"taxonomy":"product_brand","embeddable":true,"href":"https:\/\/nordicmart.andreevmaster.com\/da\/wp-json\/wp\/v2\/product_brand?post=25679"},{"taxonomy":"product_cat","embeddable":true,"href":"https:\/\/nordicmart.andreevmaster.com\/da\/wp-json\/wp\/v2\/product_cat?post=25679"},{"taxonomy":"product_tag","embeddable":true,"href":"https:\/\/nordicmart.andreevmaster.com\/da\/wp-json\/wp\/v2\/product_tag?post=25679"}],"curies":[{"name":"wp","href":"https:\/\/api.w.org\/{rel}","templated":true}]}}