{"id":25645,"date":"2026-02-27T00:29:01","date_gmt":"2026-02-27T00:29:01","guid":{"rendered":"https:\/\/nordicmart.andreevmaster.com\/product\/skoaesker-pakke-med-18-stabelbare-organisere-til-opbevaring-af-sko-sammenklappelige-og-alsidige-til-sneakers-passer-op-til-uk-storrelse-105-gennemsigtig-og-sort-lsp18sbkv1\/"},"modified":"2026-02-27T09:09:14","modified_gmt":"2026-02-27T09:09:14","slug":"skoaesker-pakke-med-18-stabelbare-organisere-til-opbevaring-af-sko-sammenklappelige-og-alsidige-til-sneakers-passer-op-til-uk-storrelse-105-gennemsigtig-og-sort-lsp18sbkv1","status":"publish","type":"product","link":"https:\/\/nordicmart.andreevmaster.com\/da\/vare\/skoaesker-pakke-med-18-stabelbare-organisere-til-opbevaring-af-sko-sammenklappelige-og-alsidige-til-sneakers-passer-op-til-uk-storrelse-105-gennemsigtig-og-sort-lsp18sbkv1\/","title":{"rendered":"Sko\u00e6sker, pakke med 18 stabelbare organisere til opbevaring af sko, sammenklappelige og alsidige til sneakers, passer op til UK st\u00f8rrelse 10,5, gennemsigtig og sort LSP18SBKV1"},"content":{"rendered":"<p>Spark rodet til hj\u00f8rne: Hvis dit hjem langsomt men sikkert er ved at blive et rod af sko, hvorfor s\u00e5 ikke organisere dem i denne pakke med 18 klassiske sko\u00e6sker med gennemsigtig krop og frontd\u00f8r? Se hele din samling i orden<\/p>\n<p>Hold det overskueligt: Du beh\u00f8ver ikke at tage dine skot\u00f8js\u00e6sker frem og lede efter dine pendlersko hver morgen &#8211; den gennemsigtige krop med den gennemsigtige frontd\u00f8r giver dig et glimt af dit t\u00e5rn af sko, som du nemt kan gribe fat i.<\/p>\n<p>Et snuptag at s\u00e6tte op: Du skal blot s\u00e6tte forsiden, bagsiden og kroppen sammen, s\u00e5 har du disse skoopbevarere med en indvendig st\u00f8rrelse p\u00e5 30 x 22,5 x 13,5 cm til maks. UK st\u00f8rrelse 10,5; hvert par sneakers, h\u00f8jh\u00e6lede eller flade sko f\u00e5r deres egen plads<\/p>\n<p>Stabl dem op: Hvis du vil opbevare kasserne p\u00e5 en organiseret m\u00e5de, g\u00f8r det tilsvarende slidse-design p\u00e5 toppen og bunden det nemt at stable dem; ventilationshuller lader dine sko \u00e5nde<\/p>\n<p>Hvad du f\u00e5r: Pakke med 18 gennemsigtige skobokse med klar frontd\u00f8r, stabelbart og sammenklappeligt design, ventilationshuller. Sig farvel til spredte sko overalt, og f\u00e5 styr p\u00e5 dine sko nu!<\/p>\n<p>Sig farvel til rodede bunker af skoKaster du bare dine sko ind i garderoben hver gang og ender med en rodet bunke sko efter et stykke tid? Du b\u00f8r slippe af med denne d\u00e5rlige vane! K\u00f8b disse 18 sko\u00e6sker, og opbevar alle dine sko p\u00e6nt og ordentligt, indtil du f\u00e5r mulighed for at bruge dem n\u00e6ste gang. Organiser skoene effektivtAlle sko op til st\u00f8rrelse 42 passer i disse kasser og kan opbevares st\u00f8vfrit. Har du brug for dine hvide sandaler? Find dem p\u00e5 et \u00f8jeblik, \u00e5bn d\u00f8ren til den relevante kasse, og tag dine sko ud \u2013 perfekt, hvis du har travlt om morgenen! Endnu bedre er det, at flere af disse kasser kan stables oven p\u00e5 hinanden for at spare plads, hvilket g\u00f8r dem ideelle til gangen, garderoben eller opbevaringshylden. Produktdetaljer:- Farve: Gennemsigtig krop, sort- Materiale: Korpus af PP (polypropylen), l\u00e5ge af PS (polystyren)- St\u00f8rrelse pr. kasse: 33,3 x 23 x 14 cm (L x B x H)- Indvendig st\u00f8rrelse pr. kasse: 30 x 22,5 x 13,5 cm (L x B x H)- V\u00e6gt: 5,3 kgLeveringsomfang:- 18 x skot\u00f8js\u00e6ske- 1 x brugsanvisning (DE, EN, FR, ES, IT)SONGMICS Bem\u00e6rkninger:- F\u00f8lg monteringsvejledningen og videoen for at samle produktet. M\u00e5l venligst dine sko, f\u00f8r du k\u00f8ber dem, og tjek, om de passer i disse skobokse.<\/p>\n","protected":false},"excerpt":{"rendered":"<p>Spark rodet til hj\u00f8rne: Hvis dit hjem langsomt men sikkert er ved at blive et rod af sko, hvorfor s\u00e5 ikke organisere dem i denne pakke med 18 klassiske sko\u00e6sker med gennemsigtig krop og frontd\u00f8r? Se hele din samling i orden Hold det overskueligt: Du beh\u00f8ver ikke at tage dine skot\u00f8js\u00e6sker frem og lede efter [&hellip;]<\/p>\n","protected":false},"featured_media":0,"comment_status":"open","ping_status":"closed","template":"","meta":[],"product_brand":[],"product_cat":[31],"product_tag":[],"class_list":{"0":"post-25645","1":"product","2":"type-product","3":"status-publish","5":"product_cat-uncategorized-da","7":"first","8":"instock","9":"shipping-taxable","10":"product-type-simple"},"_links":{"self":[{"href":"https:\/\/nordicmart.andreevmaster.com\/da\/wp-json\/wp\/v2\/product\/25645","targetHints":{"allow":["GET"]}}],"collection":[{"href":"https:\/\/nordicmart.andreevmaster.com\/da\/wp-json\/wp\/v2\/product"}],"about":[{"href":"https:\/\/nordicmart.andreevmaster.com\/da\/wp-json\/wp\/v2\/types\/product"}],"replies":[{"embeddable":true,"href":"https:\/\/nordicmart.andreevmaster.com\/da\/wp-json\/wp\/v2\/comments?post=25645"}],"wp:attachment":[{"href":"https:\/\/nordicmart.andreevmaster.com\/da\/wp-json\/wp\/v2\/media?parent=25645"}],"wp:term":[{"taxonomy":"product_brand","embeddable":true,"href":"https:\/\/nordicmart.andreevmaster.com\/da\/wp-json\/wp\/v2\/product_brand?post=25645"},{"taxonomy":"product_cat","embeddable":true,"href":"https:\/\/nordicmart.andreevmaster.com\/da\/wp-json\/wp\/v2\/product_cat?post=25645"},{"taxonomy":"product_tag","embeddable":true,"href":"https:\/\/nordicmart.andreevmaster.com\/da\/wp-json\/wp\/v2\/product_tag?post=25645"}],"curies":[{"name":"wp","href":"https:\/\/api.w.org\/{rel}","templated":true}]}}