{"id":25615,"date":"2026-02-27T00:28:53","date_gmt":"2026-02-27T00:28:53","guid":{"rendered":"https:\/\/nordicmart.andreevmaster.com\/product\/skoaesker-hvide-2\/"},"modified":"2026-02-27T09:09:08","modified_gmt":"2026-02-27T09:09:08","slug":"skoaesker-hvide-2","status":"publish","type":"product","link":"https:\/\/nordicmart.andreevmaster.com\/da\/vare\/skoaesker-hvide-2\/","title":{"rendered":"Sko\u00e6sker hvide"},"content":{"rendered":"<p>Produktdetaljer:Farve: HvidMateriale: PP-plast (polypropylen), ABS-plastYdre m\u00e5l pr. kasse: 27 x 34,5 x 19 cm (L x B x H)Indvendige m\u00e5l pr. kasse: 25,5 x 33 x 17,5 cm (L x B x H)V\u00e6gt pr. kasse: 0,74 kgLeveringsomfang:12 x skoboks1 x vejledning (DE, EN, FR, IT, ES)SONGMICS Bem\u00e6rkninger:Saml venligst produktet i henhold til vejledningen. M\u00e5l venligst dine sko f\u00f8r k\u00f8b, og tjek, om de passer i disse skobokse.<\/p>\n","protected":false},"excerpt":{"rendered":"<p>Produktdetaljer:Farve: HvidMateriale: PP-plast (polypropylen), ABS-plastYdre m\u00e5l pr. kasse: 27 x 34,5 x 19 cm (L x B x H)Indvendige m\u00e5l pr. kasse: 25,5 x 33 x 17,5 cm (L x B x H)V\u00e6gt pr. kasse: 0,74 kgLeveringsomfang:12 x skoboks1 x vejledning (DE, EN, FR, IT, ES)SONGMICS Bem\u00e6rkninger:Saml venligst produktet i henhold til vejledningen. M\u00e5l venligst [&hellip;]<\/p>\n","protected":false},"featured_media":0,"comment_status":"open","ping_status":"closed","template":"","meta":[],"product_brand":[],"product_cat":[31],"product_tag":[],"class_list":{"0":"post-25615","1":"product","2":"type-product","3":"status-publish","5":"product_cat-uncategorized-da","7":"first","8":"instock","9":"shipping-taxable","10":"product-type-simple"},"_links":{"self":[{"href":"https:\/\/nordicmart.andreevmaster.com\/da\/wp-json\/wp\/v2\/product\/25615","targetHints":{"allow":["GET"]}}],"collection":[{"href":"https:\/\/nordicmart.andreevmaster.com\/da\/wp-json\/wp\/v2\/product"}],"about":[{"href":"https:\/\/nordicmart.andreevmaster.com\/da\/wp-json\/wp\/v2\/types\/product"}],"replies":[{"embeddable":true,"href":"https:\/\/nordicmart.andreevmaster.com\/da\/wp-json\/wp\/v2\/comments?post=25615"}],"wp:attachment":[{"href":"https:\/\/nordicmart.andreevmaster.com\/da\/wp-json\/wp\/v2\/media?parent=25615"}],"wp:term":[{"taxonomy":"product_brand","embeddable":true,"href":"https:\/\/nordicmart.andreevmaster.com\/da\/wp-json\/wp\/v2\/product_brand?post=25615"},{"taxonomy":"product_cat","embeddable":true,"href":"https:\/\/nordicmart.andreevmaster.com\/da\/wp-json\/wp\/v2\/product_cat?post=25615"},{"taxonomy":"product_tag","embeddable":true,"href":"https:\/\/nordicmart.andreevmaster.com\/da\/wp-json\/wp\/v2\/product_tag?post=25615"}],"curies":[{"name":"wp","href":"https:\/\/api.w.org\/{rel}","templated":true}]}}