{"id":25594,"date":"2026-02-27T00:28:47","date_gmt":"2026-02-27T00:28:47","guid":{"rendered":"https:\/\/nordicmart.andreevmaster.com\/product\/plasthylde-6-kuber-sort-2\/"},"modified":"2026-02-27T09:09:04","modified_gmt":"2026-02-27T09:09:04","slug":"plasthylde-6-kuber-sort-2","status":"publish","type":"product","link":"https:\/\/nordicmart.andreevmaster.com\/da\/vare\/plasthylde-6-kuber-sort-2\/","title":{"rendered":"Plasthylde 6 kuber sort"},"content":{"rendered":"<p>En anderledes form for opbevaringsplads: i sovev\u00e6relset overfor sengen? Eller hvor vil du gerne placere denne opbevaringshylde? I arbejdsv\u00e6relset som bogreol, p\u00e5 b\u00f8rnev\u00e6relset til opbevaring af leget\u00f8j, i opbevaringsrummet eller i garagen &#8211; det er kun fantasien, der s\u00e6tter gr\u00e6nser! Hvad skal man g\u00f8re, hvis stofhylden bliver beskidt? Det skal du ikke bekymre dig om! Det ikke-v\u00e6vede stof er let at vedligeholde og vandafvisende, en fugtig klud er alt, hvad du beh\u00f8ver for at reng\u00f8re den.Produktdetaljer:Farve: Sort Materiale: Ikke-v\u00e6vet stof (100 g\/m\u00b2), st\u00e5lr\u00f8r (\u00d8 12 mm), plastforbindelser St\u00f8rrelse: 105 x 30 x 105 cm (L x B x H) V\u00e6gt: 1,7 kg Max. statisk belastningskapacitet pr. hylde: 8 kg Max. statisk belastningskapacitet: 48 kgLeveringsomfang:1 x opbevaringshylde1 x brugsanvisning (DE, EN, FR, ES, IT)SONGMICS Bem\u00e6rkninger:N\u00e5r du bruger hylden, skal du placere den op ad v\u00e6ggen og opbevare tunge genstande i de nederste rum.Brug ikke dette produkt udend\u00f8rs.<\/p>\n","protected":false},"excerpt":{"rendered":"<p>En anderledes form for opbevaringsplads: i sovev\u00e6relset overfor sengen? Eller hvor vil du gerne placere denne opbevaringshylde? I arbejdsv\u00e6relset som bogreol, p\u00e5 b\u00f8rnev\u00e6relset til opbevaring af leget\u00f8j, i opbevaringsrummet eller i garagen &#8211; det er kun fantasien, der s\u00e6tter gr\u00e6nser! Hvad skal man g\u00f8re, hvis stofhylden bliver beskidt? Det skal du ikke bekymre dig om! [&hellip;]<\/p>\n","protected":false},"featured_media":0,"comment_status":"open","ping_status":"closed","template":"","meta":[],"product_brand":[],"product_cat":[31],"product_tag":[],"class_list":{"0":"post-25594","1":"product","2":"type-product","3":"status-publish","5":"product_cat-uncategorized-da","7":"first","8":"instock","9":"shipping-taxable","10":"product-type-simple"},"_links":{"self":[{"href":"https:\/\/nordicmart.andreevmaster.com\/da\/wp-json\/wp\/v2\/product\/25594","targetHints":{"allow":["GET"]}}],"collection":[{"href":"https:\/\/nordicmart.andreevmaster.com\/da\/wp-json\/wp\/v2\/product"}],"about":[{"href":"https:\/\/nordicmart.andreevmaster.com\/da\/wp-json\/wp\/v2\/types\/product"}],"replies":[{"embeddable":true,"href":"https:\/\/nordicmart.andreevmaster.com\/da\/wp-json\/wp\/v2\/comments?post=25594"}],"wp:attachment":[{"href":"https:\/\/nordicmart.andreevmaster.com\/da\/wp-json\/wp\/v2\/media?parent=25594"}],"wp:term":[{"taxonomy":"product_brand","embeddable":true,"href":"https:\/\/nordicmart.andreevmaster.com\/da\/wp-json\/wp\/v2\/product_brand?post=25594"},{"taxonomy":"product_cat","embeddable":true,"href":"https:\/\/nordicmart.andreevmaster.com\/da\/wp-json\/wp\/v2\/product_cat?post=25594"},{"taxonomy":"product_tag","embeddable":true,"href":"https:\/\/nordicmart.andreevmaster.com\/da\/wp-json\/wp\/v2\/product_tag?post=25594"}],"curies":[{"name":"wp","href":"https:\/\/api.w.org\/{rel}","templated":true}]}}