{"id":25491,"date":"2026-02-27T00:28:21","date_gmt":"2026-02-27T00:28:21","guid":{"rendered":"https:\/\/nordicmart.andreevmaster.com\/product\/songmics-baenk-med-opbevaringsplads-saedekasse-opbevaringsboks-sammenklappelig-maks-statisk-belastningskapacitet-300-kg-med-metalinddelingsgitter-120-l-110-x-38-x-38-cm-imiteret-linned-2\/"},"modified":"2026-02-27T09:08:43","modified_gmt":"2026-02-27T09:08:43","slug":"songmics-baenk-med-opbevaringsplads-saedekasse-opbevaringsboks-sammenklappelig-maks-statisk-belastningskapacitet-300-kg-med-metalinddelingsgitter-120-l-110-x-38-x-38-cm-imiteret-linned-2","status":"publish","type":"product","link":"https:\/\/nordicmart.andreevmaster.com\/da\/vare\/songmics-baenk-med-opbevaringsplads-saedekasse-opbevaringsboks-sammenklappelig-maks-statisk-belastningskapacitet-300-kg-med-metalinddelingsgitter-120-l-110-x-38-x-38-cm-imiteret-linned-2\/","title":{"rendered":"Songmics b\u00e6nk med opbevaringsplads, s\u00e6dekasse, opbevaringsboks, sammenklappelig, maks. statisk belastningskapacitet 300 kg, med metalinddelingsgitter, 120 L, 110 x 38 x 38 cm, imiteret linned"},"content":{"rendered":"<p>St\u00e6rk og holdbar funktion: lavet af E1 standard tyk MDF, overlegen linnedstof og polstret pude, bl\u00f8d og fugtbestandig. Ingen deformation<\/p>\n<p>Skjult opbevaringsplads: masser af opbevaringsplads indeni som en praktisk opbevaringsboks. Rummelig plads 150L til at gemme rod v\u00e6k, holde t\u00f8j, leget\u00f8j, magasiner, t\u00e6pper, senget\u00f8j perfekt<\/p>\n<p>Dobbelt som komfortabelt s\u00e6de: polstret med skum med h\u00f8j densitet, bl\u00f8dt og superstabilt at sidde p\u00e5. Den maksimale v\u00e6gtkapacitet er op til 300 kg<\/p>\n<p>Ekstremt nem at s\u00e6tte op: Leveres fladt pakket, tager kun f\u00e5 sekunder at samle. Sammenklappeligt design g\u00f8r det muligt at pakke den sammen, n\u00e5r den ikke er i brug.Enkelt og dekorativt udseende: en delikat og alsidig b\u00e6nk, der kan bruges som natbord, bogreol eller fodskammel, og som passer perfekt til dine m\u00f8bler i stuen eller sovev\u00e6relset. Takket v\u00e6re sit design opfylder den flere form\u00e5l p\u00e5 \u00e9n gang og er s\u00e6rligt velegnet til sm\u00e5 lejligheder med begr\u00e6nset opbevaringsplads. Den er ogs\u00e5 absolut stabil. Selv hvis der sidder en h\u00f8j og tung person p\u00e5 den, kan den sagtens holde til det. Basen giver ekstra beskyttelse mod fugt. Bem\u00e6rk: &#8211; Ikke et leget\u00f8j! M\u00e5 kun bruges af sm\u00e5 b\u00f8rn under direkte opsyn af voksne. Detaljer om produktet: &#8211; M\u00e5l (udvendigt): 110 x 38 x 38 cm (B x H x D) &#8211; M\u00e5l (indvendigt): 107 x 34 x 33,5 cm (B x H x D) &#8211; M\u00e5l (sammenfoldet): 110 x 38 x 7 cm &#8211; Farve: M\u00f8rkegr\u00e5 &#8211; Materiale: h\u00f8r + MDF-plade + skum &#8211; Nettov\u00e6gt: 8,6 kg &#8211; Bruttov\u00e6gt: 9,4 kg &#8211; Maks. Maks. belastningskapacitet: 300 kg Leveringsomfang: &#8211; 1 x s\u00e6dekiste<\/p>\n","protected":false},"excerpt":{"rendered":"<p>St\u00e6rk og holdbar funktion: lavet af E1 standard tyk MDF, overlegen linnedstof og polstret pude, bl\u00f8d og fugtbestandig. Ingen deformation Skjult opbevaringsplads: masser af opbevaringsplads indeni som en praktisk opbevaringsboks. Rummelig plads 150L til at gemme rod v\u00e6k, holde t\u00f8j, leget\u00f8j, magasiner, t\u00e6pper, senget\u00f8j perfekt Dobbelt som komfortabelt s\u00e6de: polstret med skum med h\u00f8j densitet, [&hellip;]<\/p>\n","protected":false},"featured_media":0,"comment_status":"open","ping_status":"closed","template":"","meta":[],"product_brand":[],"product_cat":[31],"product_tag":[],"class_list":{"0":"post-25491","1":"product","2":"type-product","3":"status-publish","5":"product_cat-uncategorized-da","7":"first","8":"instock","9":"shipping-taxable","10":"purchasable","11":"product-type-simple"},"_links":{"self":[{"href":"https:\/\/nordicmart.andreevmaster.com\/da\/wp-json\/wp\/v2\/product\/25491","targetHints":{"allow":["GET"]}}],"collection":[{"href":"https:\/\/nordicmart.andreevmaster.com\/da\/wp-json\/wp\/v2\/product"}],"about":[{"href":"https:\/\/nordicmart.andreevmaster.com\/da\/wp-json\/wp\/v2\/types\/product"}],"replies":[{"embeddable":true,"href":"https:\/\/nordicmart.andreevmaster.com\/da\/wp-json\/wp\/v2\/comments?post=25491"}],"wp:attachment":[{"href":"https:\/\/nordicmart.andreevmaster.com\/da\/wp-json\/wp\/v2\/media?parent=25491"}],"wp:term":[{"taxonomy":"product_brand","embeddable":true,"href":"https:\/\/nordicmart.andreevmaster.com\/da\/wp-json\/wp\/v2\/product_brand?post=25491"},{"taxonomy":"product_cat","embeddable":true,"href":"https:\/\/nordicmart.andreevmaster.com\/da\/wp-json\/wp\/v2\/product_cat?post=25491"},{"taxonomy":"product_tag","embeddable":true,"href":"https:\/\/nordicmart.andreevmaster.com\/da\/wp-json\/wp\/v2\/product_tag?post=25491"}],"curies":[{"name":"wp","href":"https:\/\/api.w.org\/{rel}","templated":true}]}}