{"id":25369,"date":"2026-02-27T00:27:49","date_gmt":"2026-02-27T00:27:49","guid":{"rendered":"https:\/\/nordicmart.andreevmaster.com\/product\/118-tommer-lille-sammenklappelig-ottoman-2-stk-opbevaringsfod-fodstotte-fodstotte-til-stuen-sovevaerelset-kollegievaerelset-morkegra-u\/"},"modified":"2026-02-27T09:08:18","modified_gmt":"2026-02-27T09:08:18","slug":"118-tommer-lille-sammenklappelig-ottoman-2-stk-opbevaringsfod-fodstotte-fodstotte-til-stuen-sovevaerelset-kollegievaerelset-morkegra-u","status":"publish","type":"product","link":"https:\/\/nordicmart.andreevmaster.com\/da\/vare\/118-tommer-lille-sammenklappelig-ottoman-2-stk-opbevaringsfod-fodstotte-fodstotte-til-stuen-sovevaerelset-kollegievaerelset-morkegra-u\/","title":{"rendered":"11,8 tommer lille sammenklappelig ottoman, 2 stk., opbevaringsfod, fodst\u00f8tte, fodst\u00f8tte, til stuen, sovev\u00e6relset, kollegiev\u00e6relset, m\u00f8rkegr\u00e5 U"},"content":{"rendered":"<p>[Stilfuld og robust] Disse opbevaringspuf har et stilfuldt stof, der ligner h\u00f8r, med fine syninger. Takket v\u00e6re de tykke, robuste fiberplader kan hver puf b\u00e6re op til 120 kg (286 lbs).<br \/>\nBEHAGELIG S\u00c6DE: Fyldt med h\u00f8jdensitets skum og betrukket med stof, der ligner h\u00f8r, giver disse opbevaringsb\u00e6nke et bl\u00f8dt, robust og \u00e5ndbart s\u00e6de for optimal komfort.<br \/>\nRigelig opbevaringsplads: Hver af disse sammenklappelige ottomaner, der m\u00e5ler 11,8&#8243; D x 11,8&#8243; B x 11,8&#8243; H og har en samlet volumen p\u00e5 22 liter (6 gallon), kan bruges til at opbevare senget\u00f8j, puder, t\u00e6pper, magasiner og meget mere.<\/p>\n<p>Let at s\u00e6tte op og folde sammen: Takket v\u00e6re det unikke sammenklappelige design kan disse opbevaringsb\u00e6nke s\u00e6ttes op p\u00e5 f\u00e5 sekunder. N\u00e5r de er foldet sammen, er de nemme at opbevare, n\u00e5r de ikke er i brug, hvilket sparer plads i dit hjem.<\/p>\n<p>MANGE ANVENDELSESMULIGHEDER: Brug disse opbevaringsb\u00e6nke som opbevaringskasser, fodskamler eller endda sofaborde. De kan placeres hvor du vil, f.eks. i stuen, ved siden af sengen, i entreen eller under vinduet. <\/p>\n<p>Tekniske oplysninger:<\/p>\n<p>Farver: Farver: Farver: Farver: Farver: 1: Farve: M\u00f8rkegr\u00e5<br \/>\nMateriale: MDF (medium densitet fiberplade), l\u00e6rredsagtig stof, skumgummi polstring.<br \/>\nEnkelt opbevaringsb\u00e6nk:<br \/>\n(30 x 30 x 30 cm).<br \/>\nProduktets v\u00e6gt: 1,6 kg (3,5 lb).<br \/>\nMaks. statisk b\u00e6reevne: 130 kg (286 lb)<br \/>\nRumfang: 6 gal. (22 l)<br \/>\nIndhold i pakken:<\/p>\n<p>2 x opbevaringspuf<\/p>\n","protected":false},"excerpt":{"rendered":"<p>[Stilfuld og robust] Disse opbevaringspuf har et stilfuldt stof, der ligner h\u00f8r, med fine syninger. Takket v\u00e6re de tykke, robuste fiberplader kan hver puf b\u00e6re op til 120 kg (286 lbs). BEHAGELIG S\u00c6DE: Fyldt med h\u00f8jdensitets skum og betrukket med stof, der ligner h\u00f8r, giver disse opbevaringsb\u00e6nke et bl\u00f8dt, robust og \u00e5ndbart s\u00e6de for optimal [&hellip;]<\/p>\n","protected":false},"featured_media":0,"comment_status":"open","ping_status":"closed","template":"","meta":[],"product_brand":[],"product_cat":[31],"product_tag":[],"class_list":{"0":"post-25369","1":"product","2":"type-product","3":"status-publish","5":"product_cat-uncategorized-da","7":"first","8":"instock","9":"shipping-taxable","10":"product-type-simple"},"_links":{"self":[{"href":"https:\/\/nordicmart.andreevmaster.com\/da\/wp-json\/wp\/v2\/product\/25369","targetHints":{"allow":["GET"]}}],"collection":[{"href":"https:\/\/nordicmart.andreevmaster.com\/da\/wp-json\/wp\/v2\/product"}],"about":[{"href":"https:\/\/nordicmart.andreevmaster.com\/da\/wp-json\/wp\/v2\/types\/product"}],"replies":[{"embeddable":true,"href":"https:\/\/nordicmart.andreevmaster.com\/da\/wp-json\/wp\/v2\/comments?post=25369"}],"wp:attachment":[{"href":"https:\/\/nordicmart.andreevmaster.com\/da\/wp-json\/wp\/v2\/media?parent=25369"}],"wp:term":[{"taxonomy":"product_brand","embeddable":true,"href":"https:\/\/nordicmart.andreevmaster.com\/da\/wp-json\/wp\/v2\/product_brand?post=25369"},{"taxonomy":"product_cat","embeddable":true,"href":"https:\/\/nordicmart.andreevmaster.com\/da\/wp-json\/wp\/v2\/product_cat?post=25369"},{"taxonomy":"product_tag","embeddable":true,"href":"https:\/\/nordicmart.andreevmaster.com\/da\/wp-json\/wp\/v2\/product_tag?post=25369"}],"curies":[{"name":"wp","href":"https:\/\/api.w.org\/{rel}","templated":true}]}}