{"id":25315,"date":"2026-02-27T00:27:36","date_gmt":"2026-02-27T00:27:36","guid":{"rendered":"https:\/\/nordicmart.andreevmaster.com\/product\/hojdejusterbart-elektrisk-skrivebord-spanplade-stal-oxford-stof-vintage-brun-160-cm\/"},"modified":"2026-02-27T09:08:07","modified_gmt":"2026-02-27T09:08:07","slug":"hojdejusterbart-elektrisk-skrivebord-spanplade-stal-oxford-stof-vintage-brun-160-cm","status":"publish","type":"product","link":"https:\/\/nordicmart.andreevmaster.com\/da\/vare\/hojdejusterbart-elektrisk-skrivebord-spanplade-stal-oxford-stof-vintage-brun-160-cm\/","title":{"rendered":"H\u00f8jdejusterbart elektrisk skrivebord sp\u00e5nplade st\u00e5l Oxford stof vintage brun 160 cm"},"content":{"rendered":"<p>[Monitoimis\u00e4\u00e4din] Med op- og ned-knapperne kan du justere bordets h\u00f8jde fra 72 til 120 cm; takket v\u00e6re hukommelsesfunktionen kan du gemme 4 \u00f8nskede h\u00f8jder; bordet har stadig en USB-port til opladning af mobiltelefoner.[Organisator og kroge p\u00e5 siderne] Vaskbar stoforganizer til b\u00f8ger og papirvarer, der kan flyttes til venstre eller h\u00f8jre, og en dobbeltkrog til hovedtelefoner og tasker. Intet fremmer koncentrationen mere end et ryddeligt skrivebord![K\u00f8rselssikring] Af sikkerhedsm\u00e6ssige \u00e5rsager stopper h\u00f8jdejusteringsmekanismen og k\u00f8rer det h\u00f8jdejusterbare bordstel elektrisk lidt bagud, n\u00e5r det st\u00f8der mod en h\u00e5rd forhindring under k\u00f8rsel. Stabil og st\u00f8jsvag: Takket v\u00e6re dobbelte st\u00f8tteben, st\u00e5lben og justerbare ben, der kan erstattes af fire hjul, er bordet stabilt og kan b\u00e6re op til 80 kg, og det har ogs\u00e5 et lavt st\u00f8jniveau, n\u00e5r h\u00f8jden justeres.<\/p>\n<p>Hvad f\u00e5r du: H\u00f8jdejusterbart bord med klare instruktioner og m\u00e6rkede dele for nem samling, hylde til stikkontakt og 2 huller til kabelf\u00f8ring, der sikrer p\u00e6n kabelstyring.<\/p>\n<p>&#8211; Materiale: sp\u00e5nplade, st\u00e5l, Oxford-stof<br \/>\n&#8211; St\u00f8rrelse: 60D x 140W x 120H cm (L x B x H)<br \/>\nv\u00e6gt: 32 kg<br \/>\n&#8211; Maksimal statisk totalbelastning: 80 kg<\/p>\n<p>Hvad f\u00e5r du:<br \/>\n&#8211; 1 x skrivebord<br \/>\n&#8211; 1 x adapter.<br \/>\n&#8211; 1 x controller<br \/>\n&#8211; 2 x kroge.<br \/>\n&#8211; 1 x tilbeh\u00f8rspakke.<br \/>\n&#8211; 1 x vejledning<\/p>\n","protected":false},"excerpt":{"rendered":"<p>[Monitoimis\u00e4\u00e4din] Med op- og ned-knapperne kan du justere bordets h\u00f8jde fra 72 til 120 cm; takket v\u00e6re hukommelsesfunktionen kan du gemme 4 \u00f8nskede h\u00f8jder; bordet har stadig en USB-port til opladning af mobiltelefoner.[Organisator og kroge p\u00e5 siderne] Vaskbar stoforganizer til b\u00f8ger og papirvarer, der kan flyttes til venstre eller h\u00f8jre, og en dobbeltkrog til hovedtelefoner [&hellip;]<\/p>\n","protected":false},"featured_media":0,"comment_status":"open","ping_status":"closed","template":"","meta":[],"product_brand":[],"product_cat":[31],"product_tag":[],"class_list":{"0":"post-25315","1":"product","2":"type-product","3":"status-publish","5":"product_cat-uncategorized-da","7":"first","8":"instock","9":"shipping-taxable","10":"product-type-simple"},"_links":{"self":[{"href":"https:\/\/nordicmart.andreevmaster.com\/da\/wp-json\/wp\/v2\/product\/25315","targetHints":{"allow":["GET"]}}],"collection":[{"href":"https:\/\/nordicmart.andreevmaster.com\/da\/wp-json\/wp\/v2\/product"}],"about":[{"href":"https:\/\/nordicmart.andreevmaster.com\/da\/wp-json\/wp\/v2\/types\/product"}],"replies":[{"embeddable":true,"href":"https:\/\/nordicmart.andreevmaster.com\/da\/wp-json\/wp\/v2\/comments?post=25315"}],"wp:attachment":[{"href":"https:\/\/nordicmart.andreevmaster.com\/da\/wp-json\/wp\/v2\/media?parent=25315"}],"wp:term":[{"taxonomy":"product_brand","embeddable":true,"href":"https:\/\/nordicmart.andreevmaster.com\/da\/wp-json\/wp\/v2\/product_brand?post=25315"},{"taxonomy":"product_cat","embeddable":true,"href":"https:\/\/nordicmart.andreevmaster.com\/da\/wp-json\/wp\/v2\/product_cat?post=25315"},{"taxonomy":"product_tag","embeddable":true,"href":"https:\/\/nordicmart.andreevmaster.com\/da\/wp-json\/wp\/v2\/product_tag?post=25315"}],"curies":[{"name":"wp","href":"https:\/\/api.w.org\/{rel}","templated":true}]}}