{"id":25244,"date":"2026-02-27T00:27:18","date_gmt":"2026-02-27T00:27:18","guid":{"rendered":"https:\/\/nordicmart.andreevmaster.com\/product\/elektrisk-bordstel-med-motoriseret-hojdejustering-justerbar-laengde-stal-sort-lsd010b01v1\/"},"modified":"2026-02-27T09:07:52","modified_gmt":"2026-02-27T09:07:52","slug":"elektrisk-bordstel-med-motoriseret-hojdejustering-justerbar-laengde-stal-sort-lsd010b01v1","status":"publish","type":"product","link":"https:\/\/nordicmart.andreevmaster.com\/da\/vare\/elektrisk-bordstel-med-motoriseret-hojdejustering-justerbar-laengde-stal-sort-lsd010b01v1\/","title":{"rendered":"Elektrisk bordstel med motoriseret h\u00f8jdejustering, justerbar l\u00e6ngde, st\u00e5l, sort LSD010B01V1"},"content":{"rendered":"<p>Bliv ved med at v\u00e6re produktiv: Sidde i en stol eller st\u00e5 og str\u00e6kke benene? Takket v\u00e6re motoren giver dette skrivebordsstativ dig mulighed for at arbejde dynamisk for at reducere muskelsp\u00e6ndinger og forbedre koncentrationen.<\/p>\n<p>Juster efter behov: Brug fjernbetjeningen til at justere h\u00f8jden trinl\u00f8st mellem 71 og 112 cm! \u00c6ndr din position, s\u00e5 du f\u00f8ler dig bedst tilpas og forbliver energisk<\/p>\n<p>Et perfekt par: St\u00e5lrammens l\u00e6ngde kan justeres mellem 115 og 147 cm, og den kan b\u00e6re op til 100 kg. Det er det ideelle match til SONGMICS-bordplader p\u00e5 120 x 60 cm eller 140 x 70 cm.Detaljer at overveje: Kvalitetsmotoren sikrer en j\u00e6vn og st\u00f8jsvag drift, s\u00e5 den ikke rykker eller giver en hvinende lyd fra sig, n\u00e5r den l\u00f8ftes eller s\u00e6nkes. De medf\u00f8lgende organisatorer holder styr p\u00e5 kablerne, s\u00e5 du slipper for rod.Hvad du f\u00e5r: Et elektrisk skrivebordsstativ med justerbar h\u00f8jde, en adapter, en controller og klare instruktioner, der hj\u00e6lper dig med at blive hurtigt f\u00e6rdig med monteringen. Hvis du elsker dit kontorjob, men din krop lider under det, hvorfor s\u00e5 ikke pr\u00f8ve et elektrisk skrivebordsstel med justerbar h\u00f8jde? Ikke alene vil du begynde at arbejde glad, men du vil ogs\u00e5 slutte glad, tilfreds og smertefri. Andre fordele ved dette elektriske skrivebordsstativ: Juster h\u00f8jden p\u00e5 dette skrivebord med fjernbetjening; M\u00e6rkevaremotor; trinl\u00f8s h\u00f8jdejustering og lydl\u00f8s;Justerbar l\u00e6ngde; velegnet til skriveborde i forskellige st\u00f8rrelser. Produktdetaljer: Farve: Sort Materiale: St\u00e5l St\u00f8rrelse: (115-147) x 60 x (71-112) cm (L x B x H) Lydstyrke: &lt;50db Justeringshastighed: 25 mm\/s Max. Statisk belastningskapacitet: 100 kgH\u00f8jdejustering: 71-112 cmPassende til hvilke bordplader: 120-180 cm lang, 60-80 cm bredV\u00e6gt: 22 kgLeveringsomfang:1 x Elektrisk bordstativ1 x Adapter1 x Fjernbetjening1 x Tilbeh\u00f8rspakke1 x Vejledning (DE, EN, IT, ES, FR)SONGMICS Bem\u00e6rkninger:Nulstil systemet i henhold til vejledningen, n\u00e5r du bruger det for f\u00f8rste gang eller i tilf\u00e6lde af str\u00f8mafbrydelse under h\u00f8jdejustering.S\u00f8rg for, at bordrammen ikke blokeres under h\u00e6ve- og s\u00e6nkeprocessen. Placer ikke bordet direkte op ad en v\u00e6g, og dette produkt er kun beregnet til indend\u00f8rs brug. Hold alle elektriske komponenter v\u00e6k fra v\u00e6sker, og brug kun produktet i h\u00f8jst 2 minutter ad gangen. Efter denne periode b\u00f8r bordstellet ikke flyttes i 18 minutter for at undg\u00e5 at beskadige motoren.<\/p>\n","protected":false},"excerpt":{"rendered":"<p>Bliv ved med at v\u00e6re produktiv: Sidde i en stol eller st\u00e5 og str\u00e6kke benene? Takket v\u00e6re motoren giver dette skrivebordsstativ dig mulighed for at arbejde dynamisk for at reducere muskelsp\u00e6ndinger og forbedre koncentrationen. Juster efter behov: Brug fjernbetjeningen til at justere h\u00f8jden trinl\u00f8st mellem 71 og 112 cm! \u00c6ndr din position, s\u00e5 du f\u00f8ler [&hellip;]<\/p>\n","protected":false},"featured_media":0,"comment_status":"open","ping_status":"closed","template":"","meta":[],"product_brand":[],"product_cat":[31],"product_tag":[],"class_list":{"0":"post-25244","1":"product","2":"type-product","3":"status-publish","5":"product_cat-uncategorized-da","7":"first","8":"instock","9":"shipping-taxable","10":"product-type-simple"},"_links":{"self":[{"href":"https:\/\/nordicmart.andreevmaster.com\/da\/wp-json\/wp\/v2\/product\/25244","targetHints":{"allow":["GET"]}}],"collection":[{"href":"https:\/\/nordicmart.andreevmaster.com\/da\/wp-json\/wp\/v2\/product"}],"about":[{"href":"https:\/\/nordicmart.andreevmaster.com\/da\/wp-json\/wp\/v2\/types\/product"}],"replies":[{"embeddable":true,"href":"https:\/\/nordicmart.andreevmaster.com\/da\/wp-json\/wp\/v2\/comments?post=25244"}],"wp:attachment":[{"href":"https:\/\/nordicmart.andreevmaster.com\/da\/wp-json\/wp\/v2\/media?parent=25244"}],"wp:term":[{"taxonomy":"product_brand","embeddable":true,"href":"https:\/\/nordicmart.andreevmaster.com\/da\/wp-json\/wp\/v2\/product_brand?post=25244"},{"taxonomy":"product_cat","embeddable":true,"href":"https:\/\/nordicmart.andreevmaster.com\/da\/wp-json\/wp\/v2\/product_cat?post=25244"},{"taxonomy":"product_tag","embeddable":true,"href":"https:\/\/nordicmart.andreevmaster.com\/da\/wp-json\/wp\/v2\/product_tag?post=25244"}],"curies":[{"name":"wp","href":"https:\/\/api.w.org\/{rel}","templated":true}]}}