{"id":25166,"date":"2026-02-27T00:26:57","date_gmt":"2026-02-27T00:26:57","guid":{"rendered":"https:\/\/nordicmart.andreevmaster.com\/product\/hoj-opbevaringsskab\/"},"modified":"2026-02-27T09:07:37","modified_gmt":"2026-02-27T09:07:37","slug":"hoj-opbevaringsskab","status":"publish","type":"product","link":"https:\/\/nordicmart.andreevmaster.com\/da\/vare\/hoj-opbevaringsskab\/","title":{"rendered":"H\u00f8j opbevaringsskab"},"content":{"rendered":"<p>Rustikt tr\u00e6overdel, mat sort finish, t\u00e6t metalnetd\u00f8r, stilfulde h\u00e5ndtag og koniske ben kombineres med en moderne, industriel stil og giver personlighed overalt, hvor du placerer dette gulvskab.Da dette h\u00f8je opbevaringsskab tager s\u00e5 lidt plads, men bag d\u00f8rene har 4 hylder, hvor du kan placere b\u00f8ger, kontorartikler og andet, er det en livredder \u2013 is\u00e6r for dem, der har lidt plads.<\/p>\n<p> Som altid g\u00f8r justerbare modeller livet lettere. Dette skab har en justerbar hylde med 5 h\u00f8jder, s\u00e5 du kan opbevare flere genstande i forskellige h\u00f8jder. Derudover sikrer 4 justerbare ben, at dit skab altid st\u00e5r stabilt.<\/p>\n<p> Dette skab med en solid st\u00e5lramme og en specialdesignet tr\u00e6hylde har nemt plads til kaffekopper, glas, b\u00f8ger eller din filmsamling. Hver d\u00f8r er udstyret med en magnetl\u00e5s, der g\u00f8r det nemt at \u00e5bne og lukke skabet t\u00e6t.Specifikationer: &#8211; Farve: Rustic Brown, Black &#8211; Materiale: Rustic Brown, Black &#8211; Materiale: Rustic Brown, Black: Materiale: Lastulevy, ter\u00e4s- Produktst\u00f8rrelse: 15,7 &#8220;L x 11,8 &#8220;L x 55,1 &#8220;K (40 x 30 x 140 cm) Pakkens indhold:- 1 x Opbevaringsskab- 1 x Monteringss\u00e6t- 1 x Brugsanvisning (EN, DE, FR, ES, IT)<\/p>\n","protected":false},"excerpt":{"rendered":"<p>Rustikt tr\u00e6overdel, mat sort finish, t\u00e6t metalnetd\u00f8r, stilfulde h\u00e5ndtag og koniske ben kombineres med en moderne, industriel stil og giver personlighed overalt, hvor du placerer dette gulvskab.Da dette h\u00f8je opbevaringsskab tager s\u00e5 lidt plads, men bag d\u00f8rene har 4 hylder, hvor du kan placere b\u00f8ger, kontorartikler og andet, er det en livredder \u2013 is\u00e6r for [&hellip;]<\/p>\n","protected":false},"featured_media":0,"comment_status":"open","ping_status":"closed","template":"","meta":[],"product_brand":[],"product_cat":[31],"product_tag":[],"class_list":{"0":"post-25166","1":"product","2":"type-product","3":"status-publish","5":"product_cat-uncategorized-da","7":"first","8":"instock","9":"shipping-taxable","10":"product-type-simple"},"_links":{"self":[{"href":"https:\/\/nordicmart.andreevmaster.com\/da\/wp-json\/wp\/v2\/product\/25166","targetHints":{"allow":["GET"]}}],"collection":[{"href":"https:\/\/nordicmart.andreevmaster.com\/da\/wp-json\/wp\/v2\/product"}],"about":[{"href":"https:\/\/nordicmart.andreevmaster.com\/da\/wp-json\/wp\/v2\/types\/product"}],"replies":[{"embeddable":true,"href":"https:\/\/nordicmart.andreevmaster.com\/da\/wp-json\/wp\/v2\/comments?post=25166"}],"wp:attachment":[{"href":"https:\/\/nordicmart.andreevmaster.com\/da\/wp-json\/wp\/v2\/media?parent=25166"}],"wp:term":[{"taxonomy":"product_brand","embeddable":true,"href":"https:\/\/nordicmart.andreevmaster.com\/da\/wp-json\/wp\/v2\/product_brand?post=25166"},{"taxonomy":"product_cat","embeddable":true,"href":"https:\/\/nordicmart.andreevmaster.com\/da\/wp-json\/wp\/v2\/product_cat?post=25166"},{"taxonomy":"product_tag","embeddable":true,"href":"https:\/\/nordicmart.andreevmaster.com\/da\/wp-json\/wp\/v2\/product_tag?post=25166"}],"curies":[{"name":"wp","href":"https:\/\/api.w.org\/{rel}","templated":true}]}}