{"id":25165,"date":"2026-02-27T00:26:57","date_gmt":"2026-02-27T00:26:57","guid":{"rendered":"https:\/\/nordicmart.andreevmaster.com\/product\/opbevaringsskab\/"},"modified":"2026-02-27T09:07:37","modified_gmt":"2026-02-27T09:07:37","slug":"opbevaringsskab","status":"publish","type":"product","link":"https:\/\/nordicmart.andreevmaster.com\/da\/vare\/opbevaringsskab\/","title":{"rendered":"Opbevaringsskab"},"content":{"rendered":"<p>Varme rustikke brune tr\u00e6farver, sort st\u00e5lramme, t\u00e6tte netd\u00f8re og koniske ben \u2013 disse detaljer kombineres i dette opbevaringsskab, hvilket g\u00f8r det til et stilfuldt industrielt v\u00e6rk, der vil g\u00f8re indtryk i dit hjem.<br \/>\nPlacer smukke vaser og fotorammer p\u00e5 bordpladen og opbevar b\u00f8ger og h\u00e5ndarbejde i de to opbevaringshylder nedenunder. Din samling inde i skabet er delvist skjult og delvist synlig bag de matte, sorte metalnetd\u00f8re, hvilket g\u00f8r dem endnu mere attraktive.<\/p>\n<p>Skabet, der er udstyret med god stil og funktionel opbevaringsplads, er designet til ethvert rum \u2013 i stuen som vitrineskab, i sovev\u00e6relset til t\u00f8j og senget\u00f8j, i entreen til udend\u00f8rsudstyr, p\u00e5 kontoret til kontorartikler, i spisestuen til service eller i garderoben til kosmetik&#8230;<\/p>\n<p>Vil du ikke samle det? Ingen problem. Takket v\u00e6re de nummererede dele og de letforst\u00e5elige instruktioner kan du samle dette opbevaringsskab p\u00e5 et \u00f8jeblik. Justerbare ben udligner uj\u00e6vnheder i gulvet.<\/p>\n<p>Tekniske oplysninger:- Farve: &#8211; Farve: Farve: Rustic Brown, Black- Materiale: Rustic Brown, Black- Materiale: Rustic Brown, Black: Materiale: Sp\u00e5nplade, st\u00e5l- Produktst\u00f8rrelse: 29,5&#8243; L x 12,9&#8243; B x 39,3&#8243; H (75 x 33 x 100 cm) Pakkens indhold:- 1 x Opbevaringsskab- 1 x Monteringss\u00e6t- 1 x Vejledning (EN, DE, FR, ES, IT)<\/p>\n","protected":false},"excerpt":{"rendered":"<p>Varme rustikke brune tr\u00e6farver, sort st\u00e5lramme, t\u00e6tte netd\u00f8re og koniske ben \u2013 disse detaljer kombineres i dette opbevaringsskab, hvilket g\u00f8r det til et stilfuldt industrielt v\u00e6rk, der vil g\u00f8re indtryk i dit hjem. Placer smukke vaser og fotorammer p\u00e5 bordpladen og opbevar b\u00f8ger og h\u00e5ndarbejde i de to opbevaringshylder nedenunder. Din samling inde i skabet [&hellip;]<\/p>\n","protected":false},"featured_media":0,"comment_status":"open","ping_status":"closed","template":"","meta":[],"product_brand":[],"product_cat":[31],"product_tag":[],"class_list":{"0":"post-25165","1":"product","2":"type-product","3":"status-publish","5":"product_cat-uncategorized-da","7":"first","8":"instock","9":"shipping-taxable","10":"product-type-simple"},"_links":{"self":[{"href":"https:\/\/nordicmart.andreevmaster.com\/da\/wp-json\/wp\/v2\/product\/25165","targetHints":{"allow":["GET"]}}],"collection":[{"href":"https:\/\/nordicmart.andreevmaster.com\/da\/wp-json\/wp\/v2\/product"}],"about":[{"href":"https:\/\/nordicmart.andreevmaster.com\/da\/wp-json\/wp\/v2\/types\/product"}],"replies":[{"embeddable":true,"href":"https:\/\/nordicmart.andreevmaster.com\/da\/wp-json\/wp\/v2\/comments?post=25165"}],"wp:attachment":[{"href":"https:\/\/nordicmart.andreevmaster.com\/da\/wp-json\/wp\/v2\/media?parent=25165"}],"wp:term":[{"taxonomy":"product_brand","embeddable":true,"href":"https:\/\/nordicmart.andreevmaster.com\/da\/wp-json\/wp\/v2\/product_brand?post=25165"},{"taxonomy":"product_cat","embeddable":true,"href":"https:\/\/nordicmart.andreevmaster.com\/da\/wp-json\/wp\/v2\/product_cat?post=25165"},{"taxonomy":"product_tag","embeddable":true,"href":"https:\/\/nordicmart.andreevmaster.com\/da\/wp-json\/wp\/v2\/product_tag?post=25165"}],"curies":[{"name":"wp","href":"https:\/\/api.w.org\/{rel}","templated":true}]}}