{"id":25164,"date":"2026-02-27T00:26:57","date_gmt":"2026-02-27T00:26:57","guid":{"rendered":"https:\/\/nordicmart.andreevmaster.com\/product\/tv-opbevaringsskab\/"},"modified":"2026-02-27T09:07:37","modified_gmt":"2026-02-27T09:07:37","slug":"tv-opbevaringsskab","status":"publish","type":"product","link":"https:\/\/nordicmart.andreevmaster.com\/da\/vare\/tv-opbevaringsskab\/","title":{"rendered":"Tv-opbevaringsskab"},"content":{"rendered":"<p>N\u00e5r det drejer sig om et produkt, som alle familiemedlemmer kan bruge, hvorfor s\u00e5 ikke v\u00e6lge et, der har et flot design? Dette opbevaringsskab vil helt sikkert imponere med sine forskellige fantastiske detaljer \u2013 brune nuancer, mat sort st\u00e5lramme, t\u00e6tte netd\u00f8re og koniske ben.<br \/>\nPlacer fjernsynet p\u00e5 bordpladen og opbevar b\u00f8ger og medier i de to opbevaringshylder nedenunder. Din samling inde i skabet er delvist skjult og delvist synlig bag de matte, sorte metalnetd\u00f8re, hvilket g\u00f8r dem endnu mere attraktive at se p\u00e5.Dette skab er et alsidigt m\u00f8bel, som du kan bruge i forskellige rum i hjemmet \u2013 brug det som tv-skab i stuen til familiens underholdning, som sidebord ved sofaen eller l\u00e6nestolen til b\u00f8ger eller som linnedskab i sovev\u00e6relset til lagener og t\u00e6pper.VASAGLE tilbyder en komplet serie af m\u00f8bler i samme stil, der kan supplere dit hjem, herunder sideborde og h\u00f8je skabe. Du kan ogs\u00e5 skabe dit eget underholdningscenter ved at sammens\u00e6tte dem. S\u00f8g og find mere!<\/p>\n<p>Specifikationer:- Farve: Rustic Brown, Black- Materiale: Rustic Brown, Black- Materiale: Rustic Brown, Black: Materiale: Sp\u00e5nplade, st\u00e5l- Produktst\u00f8rrelse: 39,3&#8243; L x 13,7&#8243; B x 21,8&#8243; H (100 x 35 x 55,5 cm)- Maks. Bordpladens statiske belastningsevne: 30 kg (66 lb) &#8211; Maks. Statisk belastningskapacitet pr. indvendig hylde: Maks.: 44 lb (20 kg) Pakkens indhold: &#8211; 1 x TV-opbevaringsskab &#8211; 1 x monteringss\u00e6t &#8211; 1 x vejledning (EN, DE, FR, ES, IT)<\/p>\n","protected":false},"excerpt":{"rendered":"<p>N\u00e5r det drejer sig om et produkt, som alle familiemedlemmer kan bruge, hvorfor s\u00e5 ikke v\u00e6lge et, der har et flot design? Dette opbevaringsskab vil helt sikkert imponere med sine forskellige fantastiske detaljer \u2013 brune nuancer, mat sort st\u00e5lramme, t\u00e6tte netd\u00f8re og koniske ben. Placer fjernsynet p\u00e5 bordpladen og opbevar b\u00f8ger og medier i de [&hellip;]<\/p>\n","protected":false},"featured_media":0,"comment_status":"open","ping_status":"closed","template":"","meta":[],"product_brand":[],"product_cat":[31],"product_tag":[],"class_list":{"0":"post-25164","1":"product","2":"type-product","3":"status-publish","5":"product_cat-uncategorized-da","7":"first","8":"instock","9":"shipping-taxable","10":"product-type-simple"},"_links":{"self":[{"href":"https:\/\/nordicmart.andreevmaster.com\/da\/wp-json\/wp\/v2\/product\/25164","targetHints":{"allow":["GET"]}}],"collection":[{"href":"https:\/\/nordicmart.andreevmaster.com\/da\/wp-json\/wp\/v2\/product"}],"about":[{"href":"https:\/\/nordicmart.andreevmaster.com\/da\/wp-json\/wp\/v2\/types\/product"}],"replies":[{"embeddable":true,"href":"https:\/\/nordicmart.andreevmaster.com\/da\/wp-json\/wp\/v2\/comments?post=25164"}],"wp:attachment":[{"href":"https:\/\/nordicmart.andreevmaster.com\/da\/wp-json\/wp\/v2\/media?parent=25164"}],"wp:term":[{"taxonomy":"product_brand","embeddable":true,"href":"https:\/\/nordicmart.andreevmaster.com\/da\/wp-json\/wp\/v2\/product_brand?post=25164"},{"taxonomy":"product_cat","embeddable":true,"href":"https:\/\/nordicmart.andreevmaster.com\/da\/wp-json\/wp\/v2\/product_cat?post=25164"},{"taxonomy":"product_tag","embeddable":true,"href":"https:\/\/nordicmart.andreevmaster.com\/da\/wp-json\/wp\/v2\/product_tag?post=25164"}],"curies":[{"name":"wp","href":"https:\/\/api.w.org\/{rel}","templated":true}]}}