{"id":25122,"date":"2026-02-27T00:26:46","date_gmt":"2026-02-27T00:26:46","guid":{"rendered":"https:\/\/nordicmart.andreevmaster.com\/product\/skoopbevaringsbaenk-skoholder-med-opbevaringsboks-indgangsmobler-industriel-stil-stalramme-til-stuen-sovevaerelset-entreen-landlig-brun-og-sort\/"},"modified":"2026-02-27T09:07:29","modified_gmt":"2026-02-27T09:07:29","slug":"skoopbevaringsbaenk-skoholder-med-opbevaringsboks-indgangsmobler-industriel-stil-stalramme-til-stuen-sovevaerelset-entreen-landlig-brun-og-sort","status":"publish","type":"product","link":"https:\/\/nordicmart.andreevmaster.com\/da\/vare\/skoopbevaringsbaenk-skoholder-med-opbevaringsboks-indgangsmobler-industriel-stil-stalramme-til-stuen-sovevaerelset-entreen-landlig-brun-og-sort\/","title":{"rendered":"Skoopbevaringsb\u00e6nk, skoholder med opbevaringsboks, indgangsm\u00f8bler, industriel stil, st\u00e5lramme, til stuen, sovev\u00e6relset, entreen, landlig brun og sort"},"content":{"rendered":"","protected":false},"excerpt":{"rendered":"","protected":false},"featured_media":0,"comment_status":"open","ping_status":"closed","template":"","meta":[],"product_brand":[],"product_cat":[31],"product_tag":[],"class_list":{"0":"post-25122","1":"product","2":"type-product","3":"status-publish","5":"product_cat-uncategorized-da","7":"first","8":"instock","9":"shipping-taxable","10":"product-type-simple"},"_links":{"self":[{"href":"https:\/\/nordicmart.andreevmaster.com\/da\/wp-json\/wp\/v2\/product\/25122","targetHints":{"allow":["GET"]}}],"collection":[{"href":"https:\/\/nordicmart.andreevmaster.com\/da\/wp-json\/wp\/v2\/product"}],"about":[{"href":"https:\/\/nordicmart.andreevmaster.com\/da\/wp-json\/wp\/v2\/types\/product"}],"replies":[{"embeddable":true,"href":"https:\/\/nordicmart.andreevmaster.com\/da\/wp-json\/wp\/v2\/comments?post=25122"}],"wp:attachment":[{"href":"https:\/\/nordicmart.andreevmaster.com\/da\/wp-json\/wp\/v2\/media?parent=25122"}],"wp:term":[{"taxonomy":"product_brand","embeddable":true,"href":"https:\/\/nordicmart.andreevmaster.com\/da\/wp-json\/wp\/v2\/product_brand?post=25122"},{"taxonomy":"product_cat","embeddable":true,"href":"https:\/\/nordicmart.andreevmaster.com\/da\/wp-json\/wp\/v2\/product_cat?post=25122"},{"taxonomy":"product_tag","embeddable":true,"href":"https:\/\/nordicmart.andreevmaster.com\/da\/wp-json\/wp\/v2\/product_tag?post=25122"}],"curies":[{"name":"wp","href":"https:\/\/api.w.org\/{rel}","templated":true}]}}