{"id":25092,"date":"2026-02-27T00:26:39","date_gmt":"2026-02-27T00:26:39","guid":{"rendered":"https:\/\/nordicmart.andreevmaster.com\/product\/skoholder-4-trins-skoopbevaringssystem-metalskoopbevaringssystem-til-20-par-sko-nem-montering-entre-sort-lsa14bk\/"},"modified":"2026-02-27T09:07:24","modified_gmt":"2026-02-27T09:07:24","slug":"skoholder-4-trins-skoopbevaringssystem-metalskoopbevaringssystem-til-20-par-sko-nem-montering-entre-sort-lsa14bk","status":"publish","type":"product","link":"https:\/\/nordicmart.andreevmaster.com\/da\/vare\/skoholder-4-trins-skoopbevaringssystem-metalskoopbevaringssystem-til-20-par-sko-nem-montering-entre-sort-lsa14bk\/","title":{"rendered":"Skoholder, 4-trins skoopbevaringssystem, metalskoopbevaringssystem til 20 par sko, nem montering, entre, sort LSA14BK"},"content":{"rendered":"<p>[Pit\u00e4\u00e4 paljon] Hold dine sko organiseret og let tilg\u00e6ngelige med denne 11,8&#8243; D x 36,2&#8243; B x 29,1&#8243; H skoholder. Den er rummelig nok til at rumme op til 16 par herresko eller 20 par damesko.Robust og holdbar: Denne skoholder er fremstillet af tykke metalr\u00f8r, der er forbundet med h\u00f8jkvalitets plastklemmer, og kan b\u00e6re op til 22 kg pr. hylde, hvilket giver dine sko et sikkert hjem.Nem at samle: Den enkle konstruktion, nummererede dele og illustrerede instruktioner g\u00f8r denne skoholder nem at samle. Og det bedste af det hele: Der kr\u00e6ves ingen v\u00e6rkt\u00f8j!<br \/>\nLet at reng\u00f8re: Takket v\u00e6re den bl\u00f8de bel\u00e6gning er denne skoholder let at reng\u00f8re med en bl\u00f8d, fugtig klud, hvilket sparer tid og energi.<br \/>\nMANGESIDIGT TIL ALLE RUM: Denne metalsko-reol er takket v\u00e6re sit enkle design og kompakte silhuet perfekt til garderoben, entreen, sovev\u00e6relset eller stuen. <\/p>\n<p>Tekniske oplysninger: &#8211; Farve: Sort &#8211; Materiale: metalr\u00f8r, plastkobling &#8211; Produktst\u00f8rrelse: 30*92*74 cm\/11,8*36,2*29,1 tommer &#8211; Produktv\u00e6gt: 3,5 lb (1,6 kg) &#8211; Maks. statisk belastning pr. niveau: 22 lb (10 kg) Pakkens indhold: &#8211; 1 4-trins skoholder. &#8211; 1 vippesikringss\u00e6t. &#8211; 1 brugsanvisning (engelsk sprog ikke garanteret).<\/p>\n","protected":false},"excerpt":{"rendered":"<p>[Pit\u00e4\u00e4 paljon] Hold dine sko organiseret og let tilg\u00e6ngelige med denne 11,8&#8243; D x 36,2&#8243; B x 29,1&#8243; H skoholder. Den er rummelig nok til at rumme op til 16 par herresko eller 20 par damesko.Robust og holdbar: Denne skoholder er fremstillet af tykke metalr\u00f8r, der er forbundet med h\u00f8jkvalitets plastklemmer, og kan b\u00e6re op [&hellip;]<\/p>\n","protected":false},"featured_media":0,"comment_status":"open","ping_status":"closed","template":"","meta":[],"product_brand":[],"product_cat":[31],"product_tag":[],"class_list":{"0":"post-25092","1":"product","2":"type-product","3":"status-publish","5":"product_cat-uncategorized-da","7":"first","8":"instock","9":"shipping-taxable","10":"product-type-simple"},"_links":{"self":[{"href":"https:\/\/nordicmart.andreevmaster.com\/da\/wp-json\/wp\/v2\/product\/25092","targetHints":{"allow":["GET"]}}],"collection":[{"href":"https:\/\/nordicmart.andreevmaster.com\/da\/wp-json\/wp\/v2\/product"}],"about":[{"href":"https:\/\/nordicmart.andreevmaster.com\/da\/wp-json\/wp\/v2\/types\/product"}],"replies":[{"embeddable":true,"href":"https:\/\/nordicmart.andreevmaster.com\/da\/wp-json\/wp\/v2\/comments?post=25092"}],"wp:attachment":[{"href":"https:\/\/nordicmart.andreevmaster.com\/da\/wp-json\/wp\/v2\/media?parent=25092"}],"wp:term":[{"taxonomy":"product_brand","embeddable":true,"href":"https:\/\/nordicmart.andreevmaster.com\/da\/wp-json\/wp\/v2\/product_brand?post=25092"},{"taxonomy":"product_cat","embeddable":true,"href":"https:\/\/nordicmart.andreevmaster.com\/da\/wp-json\/wp\/v2\/product_cat?post=25092"},{"taxonomy":"product_tag","embeddable":true,"href":"https:\/\/nordicmart.andreevmaster.com\/da\/wp-json\/wp\/v2\/product_tag?post=25092"}],"curies":[{"name":"wp","href":"https:\/\/api.w.org\/{rel}","templated":true}]}}