{"id":25057,"date":"2026-02-27T00:26:30","date_gmt":"2026-02-27T00:26:30","guid":{"rendered":"https:\/\/nordicmart.andreevmaster.com\/product\/vogn-med-4-hylder-smal-kokkenvogn-smal-hylde-med-hjul\/"},"modified":"2026-02-27T09:07:17","modified_gmt":"2026-02-27T09:07:17","slug":"vogn-med-4-hylder-smal-kokkenvogn-smal-hylde-med-hjul","status":"publish","type":"product","link":"https:\/\/nordicmart.andreevmaster.com\/da\/vare\/vogn-med-4-hylder-smal-kokkenvogn-smal-hylde-med-hjul\/","title":{"rendered":"Vogn med 4 hylder, smal k\u00f8kkenvogn, smal hylde med hjul"},"content":{"rendered":"<p>Produktoplysninger: &#8211; Farve: Farve: Farve: Vintage brun-sort: Materiale: sp\u00e5nplade, st\u00e5l &#8211; St\u00f8rrelse: 13 x 45,4 x 77 cm (B x L x H) &#8211; V\u00e6gt: 3,8 kg &#8211; Statisk maksimal belastning p\u00e5 \u00f8verste hylde: 5 kg &#8211; Maks. statisk belastning pr. ristkurv: 5 kg &#8211; Maks. statisk totalbelastning: 20 kg Leveringsomfang: &#8211; 1 x vogn &#8211; 1 x tilbeh\u00f8rspakke &#8211; 1 x brugsanvisning VASAGLE Bem\u00e6rkninger: &#8211; Af sikkerhedsm\u00e6ssige \u00e5rsager m\u00e5 b\u00f8rn ikke klatre op p\u00e5 produktet eller lege med det. Produktets maksimale statiske totalbelastning er 20 kg. Overskrid ikke denne maksimale v\u00e6gt. &#8211; Undg\u00e5 at placere dette produkt i fugtige omgivelser for at undg\u00e5 skader. Hvis der ved et uheld spildes vand p\u00e5 det, skal det straks t\u00f8rres af med en t\u00f8r klud.<\/p>\n","protected":false},"excerpt":{"rendered":"<p>Produktoplysninger: &#8211; Farve: Farve: Farve: Vintage brun-sort: Materiale: sp\u00e5nplade, st\u00e5l &#8211; St\u00f8rrelse: 13 x 45,4 x 77 cm (B x L x H) &#8211; V\u00e6gt: 3,8 kg &#8211; Statisk maksimal belastning p\u00e5 \u00f8verste hylde: 5 kg &#8211; Maks. statisk belastning pr. ristkurv: 5 kg &#8211; Maks. statisk totalbelastning: 20 kg Leveringsomfang: &#8211; 1 x vogn [&hellip;]<\/p>\n","protected":false},"featured_media":0,"comment_status":"open","ping_status":"closed","template":"","meta":[],"product_brand":[],"product_cat":[31],"product_tag":[],"class_list":{"0":"post-25057","1":"product","2":"type-product","3":"status-publish","5":"product_cat-uncategorized-da","7":"first","8":"instock","9":"shipping-taxable","10":"product-type-simple"},"_links":{"self":[{"href":"https:\/\/nordicmart.andreevmaster.com\/da\/wp-json\/wp\/v2\/product\/25057","targetHints":{"allow":["GET"]}}],"collection":[{"href":"https:\/\/nordicmart.andreevmaster.com\/da\/wp-json\/wp\/v2\/product"}],"about":[{"href":"https:\/\/nordicmart.andreevmaster.com\/da\/wp-json\/wp\/v2\/types\/product"}],"replies":[{"embeddable":true,"href":"https:\/\/nordicmart.andreevmaster.com\/da\/wp-json\/wp\/v2\/comments?post=25057"}],"wp:attachment":[{"href":"https:\/\/nordicmart.andreevmaster.com\/da\/wp-json\/wp\/v2\/media?parent=25057"}],"wp:term":[{"taxonomy":"product_brand","embeddable":true,"href":"https:\/\/nordicmart.andreevmaster.com\/da\/wp-json\/wp\/v2\/product_brand?post=25057"},{"taxonomy":"product_cat","embeddable":true,"href":"https:\/\/nordicmart.andreevmaster.com\/da\/wp-json\/wp\/v2\/product_cat?post=25057"},{"taxonomy":"product_tag","embeddable":true,"href":"https:\/\/nordicmart.andreevmaster.com\/da\/wp-json\/wp\/v2\/product_tag?post=25057"}],"curies":[{"name":"wp","href":"https:\/\/api.w.org\/{rel}","templated":true}]}}