{"id":24943,"date":"2026-02-27T00:26:00","date_gmt":"2026-02-27T00:26:00","guid":{"rendered":"https:\/\/nordicmart.andreevmaster.com\/product\/skohylde-10-trins-stikhylde-hyldesystem\/"},"modified":"2026-02-27T09:06:56","modified_gmt":"2026-02-27T09:06:56","slug":"skohylde-10-trins-stikhylde-hyldesystem","status":"publish","type":"product","link":"https:\/\/nordicmart.andreevmaster.com\/da\/vare\/skohylde-10-trins-stikhylde-hyldesystem\/","title":{"rendered":"Skohylde 10-trins, stikhylde, hyldesystem"},"content":{"rendered":"<p>Stabil, sikker og holdbar: PP-plastpanelerne er fastgjort til hinanden med h\u00f8jkvalitets ABS-samlinger, s\u00e5 hver enhed kan rumme op til 10 kg t\u00f8j eller sko. Derudover giver h\u00e6ldningsbeskyttelsen ekstra stabilitet og sikker brug. Kan tilpasses efter dine behov: Du kan opbygge og udvide dette reolsystem til forskellige former takket v\u00e6re de medf\u00f8lgende udskiftelige samlinger og tilpasse det til dit rum. Bestil flere boltefri hylder, s\u00e5 du kan udvide mulighederne endnu mere! Vi har forskellige lagerhylder i forskellige st\u00f8rrelser og farver. Se ogs\u00e5 SONGMICs andre produkter, hvis du ikke kan holde fingrene fra DIY! Produktoplysninger: Farve: Sort, halvgennemsigtige d\u00f8re Materiale: Sort, halvgennemsigtige d\u00f8re Materiale: Sort, halvgennemsigtige d\u00f8re: Materiale: PP-plastpaneler, st\u00e5lramme, ABS-plastbeslag St\u00f8rrelse (1 x 10): 43 x 31 x 173 cm (L x B x H)St\u00f8rrelse (2 x 5): V\u00e6gt: 7,2 kgMaksimal statisk belastning pr. hylde: 10 kgLeveringsomfang:12 x Sort plastisk hylde (40 x 30 cm)20 x Sort plastisk hylde (30 x 17 cm)10 x Sort plastreol (40 x 17 cm)10 x Halvt gennemsigtig plastreol (40 x 17 cm)48 x ABS-plastklemmer1 x Hammer2 x Spidsbeskyttelse1 x Brugsanvisning (DE, EN, FR, ES, IT)Plastklemmer: Indvendige gevind \u00f8ger friktionen, s\u00e5 paneler og klemmer sidder fast sammen. S\u00f8ml\u00f8s design: Det let buede design i de fire hj\u00f8rner af den metalliske ramme g\u00f8r, at klemmer og paneler sidder s\u00e6rligt fast, s\u00e5 st\u00f8v og insekter ikke kan tr\u00e6nge igennem.Ekstra sikkerhed: Hvert Songmics-reolsystem er udstyret med en h\u00e6ldningssikring, som du kan bruge til at fastg\u00f8re reolen til v\u00e6ggen. SONGICS-instruktioner: Sid ikke p\u00e5 produktet, og l\u00e6g ikke tunge genstande p\u00e5 det. Uds\u00e6t ikke produktet for st\u00e6rk sollys i l\u00e6ngere tid. Alle plastpaneler skal presses fast p\u00e5 forbindelsesstykkerne; brug ogs\u00e5 en hammer for at sikre, at alle enkeltdele er fast forbundet. Tryk desuden p\u00e5 samlingsdelene efter hver r\u00e6kke, indtil de sidder helt fast. Fastg\u00f8r produktet til v\u00e6ggen med den medf\u00f8lgende v\u00e6gbeskyttelse, hvis det er over 60 cm h\u00f8jt. Hold produktet v\u00e6k fra skarpe eller spidse genstande og ildkilder for at undg\u00e5 skader.<\/p>\n","protected":false},"excerpt":{"rendered":"<p>Stabil, sikker og holdbar: PP-plastpanelerne er fastgjort til hinanden med h\u00f8jkvalitets ABS-samlinger, s\u00e5 hver enhed kan rumme op til 10 kg t\u00f8j eller sko. Derudover giver h\u00e6ldningsbeskyttelsen ekstra stabilitet og sikker brug. Kan tilpasses efter dine behov: Du kan opbygge og udvide dette reolsystem til forskellige former takket v\u00e6re de medf\u00f8lgende udskiftelige samlinger og tilpasse [&hellip;]<\/p>\n","protected":false},"featured_media":0,"comment_status":"open","ping_status":"closed","template":"","meta":[],"product_brand":[],"product_cat":[31],"product_tag":[],"class_list":{"0":"post-24943","1":"product","2":"type-product","3":"status-publish","5":"product_cat-uncategorized-da","7":"first","8":"instock","9":"shipping-taxable","10":"product-type-simple"},"_links":{"self":[{"href":"https:\/\/nordicmart.andreevmaster.com\/da\/wp-json\/wp\/v2\/product\/24943","targetHints":{"allow":["GET"]}}],"collection":[{"href":"https:\/\/nordicmart.andreevmaster.com\/da\/wp-json\/wp\/v2\/product"}],"about":[{"href":"https:\/\/nordicmart.andreevmaster.com\/da\/wp-json\/wp\/v2\/types\/product"}],"replies":[{"embeddable":true,"href":"https:\/\/nordicmart.andreevmaster.com\/da\/wp-json\/wp\/v2\/comments?post=24943"}],"wp:attachment":[{"href":"https:\/\/nordicmart.andreevmaster.com\/da\/wp-json\/wp\/v2\/media?parent=24943"}],"wp:term":[{"taxonomy":"product_brand","embeddable":true,"href":"https:\/\/nordicmart.andreevmaster.com\/da\/wp-json\/wp\/v2\/product_brand?post=24943"},{"taxonomy":"product_cat","embeddable":true,"href":"https:\/\/nordicmart.andreevmaster.com\/da\/wp-json\/wp\/v2\/product_cat?post=24943"},{"taxonomy":"product_tag","embeddable":true,"href":"https:\/\/nordicmart.andreevmaster.com\/da\/wp-json\/wp\/v2\/product_tag?post=24943"}],"curies":[{"name":"wp","href":"https:\/\/api.w.org\/{rel}","templated":true}]}}