{"id":24907,"date":"2026-02-27T00:25:51","date_gmt":"2026-02-27T00:25:51","guid":{"rendered":"https:\/\/nordicmart.andreevmaster.com\/product\/sammenlasende-skoreol-rektangulaer-opbevaringsorganisator-modulaer-diy-opbevaringshylde-med-15-pladser-metaltradgarderobe-sort-2\/"},"modified":"2026-02-27T09:06:48","modified_gmt":"2026-02-27T09:06:48","slug":"sammenlasende-skoreol-rektangulaer-opbevaringsorganisator-modulaer-diy-opbevaringshylde-med-15-pladser-metaltradgarderobe-sort-2","status":"publish","type":"product","link":"https:\/\/nordicmart.andreevmaster.com\/da\/vare\/sammenlasende-skoreol-rektangulaer-opbevaringsorganisator-modulaer-diy-opbevaringshylde-med-15-pladser-metaltradgarderobe-sort-2\/","title":{"rendered":"Sammenl\u00e5sende skoreol, rektangul\u00e6r opbevaringsorganisator, modul\u00e6r DIY-opbevaringshylde med 15 pladser, metaltr\u00e5dgarderobe, sort"},"content":{"rendered":"<p>Udnyt din plads fuldt ud: Dette skostativ er designet til at udnytte gulvpladsen og kan stables og tilpasses til din plads og dine pr\u00e6ferencer, s\u00e5 du udnytter hver en centimeter af din korridor, stue, under trappen, garderobe, bag d\u00f8ren, loftsrum og kontor.Kan rumme alt: Med plads til 16-25 par sko kan du endelig f\u00e5 styr p\u00e5 dine h\u00f8jh\u00e6lede sko, sneakers og b\u00f8rnesko med denne sammenkoblede skohylde! Du kan ogs\u00e5 fjerne skillev\u00e6ggen for at f\u00e5 en st\u00f8rre hylde &#8211; dine h\u00f8jere sko eller dit plysleget\u00f8j f\u00e5r en hyggelig plads her. Kvalitet er vigtig: Med ABS-forbindelser af h\u00f8j kvalitet, en robust metalramme og vandt\u00e6tte PP-plastplader i tidl\u00f8s sort, der er nemme at reng\u00f8re, kan hver 22 x 35 x 22 cm (L x B x H) rumme op til 5 kg; desuden medf\u00f8lger der tippesikring, s\u00e5 din samling st\u00e5r sikkert.<\/p>\n<p>Nemmere end du tror: Med en hammer og illustrerede instruktioner er det en forn\u00f8jelse at samle denne skoopbevaring &#8211; n\u00e6sten som at lege med byggeklodser! Skal du flytte? Denne demonteringsvenlige enhed g\u00f8r det nemt at flytte!<\/p>\n<p>Hvad du f\u00e5r: En modul\u00e6r skoreol med 16 rummelige rum, der giver en mere ryddelig indgang, et s\u00e6t tippesikringer for ekstra sikkerhed og en detaljeret og letforst\u00e5elig vejledning, der g\u00f8r det nemt at samle.<\/p>\n<p>Stabil, sikker og holdbar: PP-plastpanelerne holdes godt sammen af ABS-forbindelser af h\u00f8j kvalitet, s\u00e5 hver enhed kan rumme op til 10 kg t\u00f8j eller sko. Desuden giver vippebeskyttelsen ekstra stabilitet og sikker brug Kan tilpasses dine behov: Du kan samle og udvide dette reolsystem i forskellige former takket v\u00e6re de medf\u00f8lgende erstatningsstik, s\u00e5 du kan tilpasse det til din plads. Bestil flere boltl\u00f8se reoler for at udvide dine muligheder yderligere! Vi har mange forskellige opbevaringshylder i forskellige st\u00f8rrelser og farver. S\u00e5 tag et kig p\u00e5 de andre produkter fra SONGMICS, hvis du ikke kan holde fingrene fra DIY!Produktdetaljer:Farve: SortMateriale: PP-plastpaneler, tr\u00e5dramme, ABS-plastforbindelserSt\u00f8rrelse trappeformet: 113 x 36 x 113 cm (L x B x H)St\u00f8rrelse rektangul\u00e6r (4 x 4): 91 x 36 x 91 cm (L x B x H)V\u00e6gt: 7,2 kg Max. statisk belastningskapacitet pr. kube: 10 kg Leveringsomfang: 16 x plastplade (22 x 22 cm) 40 x plastplade (22 x 35 cm) 52 x ABS plaststik 1 x hammer 2 x tipsikring 1 x brugsanvisning (DE, EN, FR, ES, IT)Plaststik: Lavet af ABS-plast af h\u00f8j kvalitet, hvilket giver en lang levetid; indvendige gevind \u00f8ger friktionskraften, s\u00e5 panelerne og stikkene holder godt sammen.S\u00f8ml\u00f8st design: Det let buede design p\u00e5 de 4 hj\u00f8rner af metalomkredsen g\u00f8r stikkene og panelerne ekstra t\u00e6t forbundne, s\u00e5 st\u00f8v eller insekter ikke kan komme igennem.Ekstra sikkerhed: Hvert Songmics pegboard-system er udstyret med anti-tip, s\u00e5 du kan forankre pegboard-hylden til v\u00e6ggen. SONGICS instruktioner: S\u00e6t dig ikke p\u00e5 produktet, og placer ikke tunge genstande p\u00e5 det. Uds\u00e6t ikke produktet for st\u00e6rkt sollys i l\u00e6ngere tid.Alle plastpaneler skal trykkes fast i forbindelsesstykkerne; brug ogs\u00e5 hammeren til at sikre en stabil forbindelse af alle individuelle dele. N\u00e5r du har samlet hver r\u00e6kke, skal du desuden trykke p\u00e5 forbindelsesstykkerne, indtil de er g\u00e5et helt i indgreb. Fastg\u00f8r produktet til v\u00e6ggen ved hj\u00e6lp af den medf\u00f8lgende vippeb\u00f8jle, hvis det er h\u00f8jere end 60 cm. Hold produktet v\u00e6k fra skarpe eller spidse genstande og ildkilder for at forhindre skader.<\/p>\n","protected":false},"excerpt":{"rendered":"<p>Udnyt din plads fuldt ud: Dette skostativ er designet til at udnytte gulvpladsen og kan stables og tilpasses til din plads og dine pr\u00e6ferencer, s\u00e5 du udnytter hver en centimeter af din korridor, stue, under trappen, garderobe, bag d\u00f8ren, loftsrum og kontor.Kan rumme alt: Med plads til 16-25 par sko kan du endelig f\u00e5 styr [&hellip;]<\/p>\n","protected":false},"featured_media":0,"comment_status":"open","ping_status":"closed","template":"","meta":[],"product_brand":[],"product_cat":[31],"product_tag":[],"class_list":{"0":"post-24907","1":"product","2":"type-product","3":"status-publish","5":"product_cat-uncategorized-da","7":"first","8":"instock","9":"shipping-taxable","10":"product-type-simple"},"_links":{"self":[{"href":"https:\/\/nordicmart.andreevmaster.com\/da\/wp-json\/wp\/v2\/product\/24907","targetHints":{"allow":["GET"]}}],"collection":[{"href":"https:\/\/nordicmart.andreevmaster.com\/da\/wp-json\/wp\/v2\/product"}],"about":[{"href":"https:\/\/nordicmart.andreevmaster.com\/da\/wp-json\/wp\/v2\/types\/product"}],"replies":[{"embeddable":true,"href":"https:\/\/nordicmart.andreevmaster.com\/da\/wp-json\/wp\/v2\/comments?post=24907"}],"wp:attachment":[{"href":"https:\/\/nordicmart.andreevmaster.com\/da\/wp-json\/wp\/v2\/media?parent=24907"}],"wp:term":[{"taxonomy":"product_brand","embeddable":true,"href":"https:\/\/nordicmart.andreevmaster.com\/da\/wp-json\/wp\/v2\/product_brand?post=24907"},{"taxonomy":"product_cat","embeddable":true,"href":"https:\/\/nordicmart.andreevmaster.com\/da\/wp-json\/wp\/v2\/product_cat?post=24907"},{"taxonomy":"product_tag","embeddable":true,"href":"https:\/\/nordicmart.andreevmaster.com\/da\/wp-json\/wp\/v2\/product_tag?post=24907"}],"curies":[{"name":"wp","href":"https:\/\/api.w.org\/{rel}","templated":true}]}}