{"id":24891,"date":"2026-02-27T00:25:47","date_gmt":"2026-02-27T00:25:47","guid":{"rendered":"https:\/\/nordicmart.andreevmaster.com\/product\/sammenlasende-skoholder-rektangulaer-opbevaringsorganisator-modulaer-diy-opbevaringshylde-med-12-pladser-40-x-30-x-17-cm-for-hver-plads-metaltradgarderobe-sort-lpc26hv1-2\/"},"modified":"2026-02-27T09:06:45","modified_gmt":"2026-02-27T09:06:45","slug":"sammenlasende-skoholder-rektangulaer-opbevaringsorganisator-modulaer-diy-opbevaringshylde-med-12-pladser-40-x-30-x-17-cm-for-hver-plads-metaltradgarderobe-sort-lpc26hv1-2","status":"publish","type":"product","link":"https:\/\/nordicmart.andreevmaster.com\/da\/vare\/sammenlasende-skoholder-rektangulaer-opbevaringsorganisator-modulaer-diy-opbevaringshylde-med-12-pladser-40-x-30-x-17-cm-for-hver-plads-metaltradgarderobe-sort-lpc26hv1-2\/","title":{"rendered":"Sammenl\u00e5sende skoholder, rektangul\u00e6r opbevaringsorganisator, modul\u00e6r DIY-opbevaringshylde med 12 pladser, 40 x 30 x 17 cm for hver plads, metaltr\u00e5dgarderobe, sort LPC26HV1"},"content":{"rendered":"<p>CHAOS HELPER: Denne skohylde er designet til at udnytte gulvpladsen og kan stables og tilpasses til din plads og dine pr\u00e6ferencer, s\u00e5 du f\u00e5r mest muligt ud af hver eneste centimeter af din korridor, stue, under trappen, garderobe, bag d\u00f8ren, p\u00e5 loftet og p\u00e5 kontoret.LETTERE END DU TROR: Med en hammer og illustrerede instruktioner er det en forn\u00f8jelse at samle denne skoopbevaring &#8211; n\u00e6sten som at lege med byggeklodser! Skal du flytte? Denne demonteringsvenlige enhed g\u00f8r det nemt at flytte! KVALITETEN ER AFG\u00d8RENDE: Hver plads p\u00e5 40 x 30 x 17 cm (L x B x H) kan rumme op til 10 kg og har ABS-forbindelser af h\u00f8j kvalitet, en robust metalramme og vandafvisende PP-plastplader, der er nemme at reng\u00f8re; Der medf\u00f8lger tippesikring, s\u00e5 din samling st\u00e5r sikkert. <\/p>\n<p>F\u00c5 PLADS TIL ALLE: Med plads til 24-35 par sko kan dine h\u00f8jh\u00e6lede sko, sneakers og b\u00f8rnesko endelig blive t\u00e6mmet af denne sammenl\u00e5ste skohylde! Du kan ogs\u00e5 fjerne skillev\u00e6ggen for at f\u00e5 en st\u00f8rre hylde til dine h\u00f8jere sko eller plysdyr. <\/p>\n<p>HVAD DU F\u00c5R: En skoopbevaring, der giver en attraktiv m\u00e5de at opbevare dine sko p\u00e5 en str\u00f8mlinet m\u00e5de. G\u00f8r dit v\u00e6relse komplet med denne alsidige skoreol!<\/p>\n<p>Stabil, sikker, holdbar PP-plastpanelerne holdes fast sammen af ABS-forbindelser af h\u00f8j kvalitet, s\u00e5 hver enhed kan rumme op til 10 kg t\u00f8j eller sko. Desuden giver vippebeskyttelsen ekstra stabilitet og sikker brug. Kan tilpasses dine behov Du kan bygge og udvide dette boltl\u00f8se reolsystem i forskellige former, s\u00e5 det passer til din plads, takket v\u00e6re de medf\u00f8lgende udskiftningsstik. Bestil flere boltl\u00f8se reoler for at udvide dine muligheder yderligere! Detaljer om produktet: &#8211; Farve: sort, halvgennemsigtige d\u00f8re &#8211; Materiale: PP-plastpaneler, tr\u00e5dramme, ABS-plastforbindelser &#8211; Maks. statisk belastningskapacitet pr. hylde: 10 kg Leveringsomfang: &#8211; 12 x sort plasthylde (40 x 17 cm) &#8211; 15 x sort plasthylde (40 x 30 cm) &#8211; 18 x sort plasthylde (30 x 17 cm) &#8211; 12 x halvgennemsigtig plasthylde (40 x 17 cm) &#8211; 42 x ABS-plastforbindelser &#8211; 1 x hammer &#8211; 2 x vippefangere &#8211; 1 x brugsanvisning (DE, EN, FR, ES, IT) SONGMICS Bem\u00e6rkninger: &#8211; S\u00e6t dig ikke p\u00e5 produktet, og placer ikke tunge genstande p\u00e5 det. &#8211; Uds\u00e6t ikke produktet for kraftigt sollys i l\u00e6ngere tid. &#8211; Alle plastpaneler skal trykkes fast i forbindelsesstykkerne; brug ogs\u00e5 hammeren til at sikre en stabil forbindelse af alle enkeltdele. N\u00e5r du har samlet hver r\u00e6kke, skal du ogs\u00e5 trykke p\u00e5 forbindelsesstykkerne, indtil de er helt i indgreb. &#8211; Fastg\u00f8r produktet til v\u00e6ggen ved hj\u00e6lp af den medf\u00f8lgende vippeb\u00f8jle, hvis det er h\u00f8jere end 60 cm. &#8211; Hold produktet v\u00e6k fra spidse eller skarpe genstande for at undg\u00e5 skader.<\/p>\n","protected":false},"excerpt":{"rendered":"<p>CHAOS HELPER: Denne skohylde er designet til at udnytte gulvpladsen og kan stables og tilpasses til din plads og dine pr\u00e6ferencer, s\u00e5 du f\u00e5r mest muligt ud af hver eneste centimeter af din korridor, stue, under trappen, garderobe, bag d\u00f8ren, p\u00e5 loftet og p\u00e5 kontoret.LETTERE END DU TROR: Med en hammer og illustrerede instruktioner er [&hellip;]<\/p>\n","protected":false},"featured_media":0,"comment_status":"open","ping_status":"closed","template":"","meta":[],"product_brand":[],"product_cat":[31],"product_tag":[],"class_list":{"0":"post-24891","1":"product","2":"type-product","3":"status-publish","5":"product_cat-uncategorized-da","7":"first","8":"instock","9":"shipping-taxable","10":"product-type-simple"},"_links":{"self":[{"href":"https:\/\/nordicmart.andreevmaster.com\/da\/wp-json\/wp\/v2\/product\/24891","targetHints":{"allow":["GET"]}}],"collection":[{"href":"https:\/\/nordicmart.andreevmaster.com\/da\/wp-json\/wp\/v2\/product"}],"about":[{"href":"https:\/\/nordicmart.andreevmaster.com\/da\/wp-json\/wp\/v2\/types\/product"}],"replies":[{"embeddable":true,"href":"https:\/\/nordicmart.andreevmaster.com\/da\/wp-json\/wp\/v2\/comments?post=24891"}],"wp:attachment":[{"href":"https:\/\/nordicmart.andreevmaster.com\/da\/wp-json\/wp\/v2\/media?parent=24891"}],"wp:term":[{"taxonomy":"product_brand","embeddable":true,"href":"https:\/\/nordicmart.andreevmaster.com\/da\/wp-json\/wp\/v2\/product_brand?post=24891"},{"taxonomy":"product_cat","embeddable":true,"href":"https:\/\/nordicmart.andreevmaster.com\/da\/wp-json\/wp\/v2\/product_cat?post=24891"},{"taxonomy":"product_tag","embeddable":true,"href":"https:\/\/nordicmart.andreevmaster.com\/da\/wp-json\/wp\/v2\/product_tag?post=24891"}],"curies":[{"name":"wp","href":"https:\/\/api.w.org\/{rel}","templated":true}]}}