{"id":24889,"date":"2026-02-27T00:25:47","date_gmt":"2026-02-27T00:25:47","guid":{"rendered":"https:\/\/nordicmart.andreevmaster.com\/product\/schmall-skoskab-semi-transparent-hvid-2\/"},"modified":"2026-02-27T09:06:45","modified_gmt":"2026-02-27T09:06:45","slug":"schmall-skoskab-semi-transparent-hvid-2","status":"publish","type":"product","link":"https:\/\/nordicmart.andreevmaster.com\/da\/vare\/schmall-skoskab-semi-transparent-hvid-2\/","title":{"rendered":"Schmall skoskab semi-transparent hvid"},"content":{"rendered":"<p>Herresko, damesko, b\u00f8rnesko, tumlesko, loafers, pumps osv. Den kombinerer lethed og stabilitet p\u00e5 en ideel m\u00e5de. Samlingen er baseret p\u00e5 et slags genialt plug-in-system, og den grafiske samlevejledning guider dig trin for trin til et praktisk pladsbesparende mirakel. Hvis det er n\u00f8dvendigt, kan skabet nemt skilles ad til pladsbesparende opbevaring eller transport. Uanset om du er p\u00e5 udkig efter et skoskab eller bare har brug for opbevaringsplads i gangen &#8211; Songmics tilbyder den rigtige l\u00f8sning til alle disse opgaver takket v\u00e6re sit fleksible system.Produktdetaljer: M\u00e5l: 83 x 31 x 88 cm (B x D x H) St\u00f8rrelse pr. terning: 40 x 30 x 17 cm (B x D x H) Materiale: PP-plast (top) + ABS-plast (forbindelsesstykke)Farve: halvgennemsigtig hvidMax. belastningskapacitet for hvert rum: 10 kg. Belastningskapacitet for hver hylde: 10 kgIngen detaljer er uv\u00e6sentligeLeveringsomfang:12 x PP-plade (40 x 30 cm; halvgennemsigtig hvid)10 x PP-plade (40 x 17 cm; halvgennemsigtig hvid)16 x PP-plade (30 x 17 cm; halvgennemsigtig hvid)38 x plaststik (sort)1 x gummihammer (175 g)1 x brugsanvisning (DE, EN, FR, IT, ES)1 x vippebeskyttelse (2 s\u00e6t nylonskruer, dyvler og stropper)Bem\u00e6rkninger:Da hylden hovedsageligt er lavet af PP-plast, skal du undg\u00e5 at trykke p\u00e5 hylden med h\u00f8jt tryk, sl\u00e5 den med stor kraft eller lade den komme i kontakt med skarpe genstande. Pas ogs\u00e5 p\u00e5, at du ikke s\u00e6tter dig p\u00e5 hylden. N\u00e5r du s\u00e6tter forbindelsesstykkerne p\u00e5, skal du v\u00e6re opm\u00e6rksom p\u00e5, at overfladerne med &#8220;Songmics&#8221;-logoet alle skal vende udad, og n\u00e5r du s\u00e6tter panelerne p\u00e5, skal du s\u00f8rge for, at de fors\u00e6nkede hj\u00f8rner p\u00e5 panelerne s\u00e6ttes ind i \u00e5bningerne p\u00e5 forbindelsesstykkerne med tryk hele vejen til enden. For at g\u00f8re dette skal du altid trykke p\u00e5 hvert forbindelsesstykke, n\u00e5r du har bygget et niveau, indtil delene er &#8220;helt nede&#8221; og klikker p\u00e5 plads. Man skal v\u00e6re omhyggelig med at sikre en pr\u00e6cis pasform, ellers vil reolen se sk\u00e6v ud Panelerne best\u00e5r af en metalramme, der er d\u00e6kket af en robust plastfilm, placeret over kanterne og derefter svejset. Det anbefales ikke at placere b\u00f8ger, h\u00e5ndv\u00e6gte eller andre tunge genstande indeni.<\/p>\n","protected":false},"excerpt":{"rendered":"<p>Herresko, damesko, b\u00f8rnesko, tumlesko, loafers, pumps osv. Den kombinerer lethed og stabilitet p\u00e5 en ideel m\u00e5de. Samlingen er baseret p\u00e5 et slags genialt plug-in-system, og den grafiske samlevejledning guider dig trin for trin til et praktisk pladsbesparende mirakel. Hvis det er n\u00f8dvendigt, kan skabet nemt skilles ad til pladsbesparende opbevaring eller transport. Uanset om du [&hellip;]<\/p>\n","protected":false},"featured_media":0,"comment_status":"open","ping_status":"closed","template":"","meta":[],"product_brand":[],"product_cat":[31],"product_tag":[],"class_list":{"0":"post-24889","1":"product","2":"type-product","3":"status-publish","5":"product_cat-uncategorized-da","7":"first","8":"instock","9":"shipping-taxable","10":"product-type-simple"},"_links":{"self":[{"href":"https:\/\/nordicmart.andreevmaster.com\/da\/wp-json\/wp\/v2\/product\/24889","targetHints":{"allow":["GET"]}}],"collection":[{"href":"https:\/\/nordicmart.andreevmaster.com\/da\/wp-json\/wp\/v2\/product"}],"about":[{"href":"https:\/\/nordicmart.andreevmaster.com\/da\/wp-json\/wp\/v2\/types\/product"}],"replies":[{"embeddable":true,"href":"https:\/\/nordicmart.andreevmaster.com\/da\/wp-json\/wp\/v2\/comments?post=24889"}],"wp:attachment":[{"href":"https:\/\/nordicmart.andreevmaster.com\/da\/wp-json\/wp\/v2\/media?parent=24889"}],"wp:term":[{"taxonomy":"product_brand","embeddable":true,"href":"https:\/\/nordicmart.andreevmaster.com\/da\/wp-json\/wp\/v2\/product_brand?post=24889"},{"taxonomy":"product_cat","embeddable":true,"href":"https:\/\/nordicmart.andreevmaster.com\/da\/wp-json\/wp\/v2\/product_cat?post=24889"},{"taxonomy":"product_tag","embeddable":true,"href":"https:\/\/nordicmart.andreevmaster.com\/da\/wp-json\/wp\/v2\/product_tag?post=24889"}],"curies":[{"name":"wp","href":"https:\/\/api.w.org\/{rel}","templated":true}]}}