{"id":24878,"date":"2026-02-27T00:25:44","date_gmt":"2026-02-27T00:25:44","guid":{"rendered":"https:\/\/nordicmart.andreevmaster.com\/product\/sammenlasende-skoreol-rektangulaer-opbevaringsorganisator-modulaer-diy-opbevaringshylde-med-10-abninger-40-x-30-x-17-cm-for-hver-abning-plastgarderobe-med-dore-sort-2\/"},"modified":"2026-02-27T09:06:42","modified_gmt":"2026-02-27T09:06:42","slug":"sammenlasende-skoreol-rektangulaer-opbevaringsorganisator-modulaer-diy-opbevaringshylde-med-10-abninger-40-x-30-x-17-cm-for-hver-abning-plastgarderobe-med-dore-sort-2","status":"publish","type":"product","link":"https:\/\/nordicmart.andreevmaster.com\/da\/vare\/sammenlasende-skoreol-rektangulaer-opbevaringsorganisator-modulaer-diy-opbevaringshylde-med-10-abninger-40-x-30-x-17-cm-for-hver-abning-plastgarderobe-med-dore-sort-2\/","title":{"rendered":"Sammenl\u00e5sende skoreol, rektangul\u00e6r opbevaringsorganisator, modul\u00e6r DIY-opbevaringshylde med 10 \u00e5bninger, 40 x 30 x 17 cm for hver \u00e5bning, plastgarderobe med d\u00f8re, sort"},"content":{"rendered":"<p>Kaos, forsvind: Denne skohylde er designet til at udnytte gulvpladsen og kan stables og tilpasses til din plads og dine pr\u00e6ferencer, s\u00e5 du f\u00e5r mest muligt ud af hver eneste centimeter af din korridor, stue, under trappen, garderobe, bag d\u00f8ren, loftsrum og kontor.<br \/>\nNemmere end du tror: Med en hammer og illustrerede instruktioner er det en forn\u00f8jelse at samle denne skoopbevaring &#8211; n\u00e6sten som at lege med byggeklodser! Skal du flytte? Denne demonteringsvenlige enhed g\u00f8r det nemt at flytte!<\/p>\n<p>Kvalitet er vigtig: Hver 40 x 30 x 17 cm (L x B x H) plads kan rumme op til 10 kg og har ABS-forbindelser af h\u00f8j kvalitet, en robust metalramme og vandafvisende PP-plastplader, der er nemme at reng\u00f8re; der medf\u00f8lger tippesikring, s\u00e5 din samling st\u00e5r sikkert.<\/p>\n<p>Omfavn alle: Med plads til 20-30 par sko kan dine h\u00f8jh\u00e6lede sko, sneakers og b\u00f8rnesko endelig blive t\u00e6mmet af denne sammenl\u00e5sende skohylde! Du kan ogs\u00e5 fjerne skillev\u00e6ggen for at f\u00e5 en st\u00f8rre hylde til dine h\u00f8jere sko eller plysleget\u00f8j. Hvad du f\u00e5r med: En sammenh\u00e6ngende skohylde med 10 rum, masser af plads til at holde orden i kaos, et design, der kan tilpasses dine forskellige behov, en klar vejledning og en hammer til at lette monteringen.<\/p>\n<p>Stabil, sikker og holdbar: PP-plastpanelerne holdes fast sammen af ABS-forbindelser af h\u00f8j kvalitet, s\u00e5 hver enhed kan rumme op til 10 kg t\u00f8j eller sko. Desuden giver vippebeskyttelsen ekstra stabilitet og sikker brug Kan tilpasses dine behov: Du kan samle og udvide dette hyldesystem i forskellige former takket v\u00e6re de medf\u00f8lgende erstatningsstik, s\u00e5 det passer til dit rum. Bestil flere boltl\u00f8se hylder for at udvide dine muligheder yderligere! Vi har et stort udvalg af opbevaringshylder i forskellige st\u00f8rrelser og farver. S\u00e5 tag et kig p\u00e5 de andre produkter fra SONGMICS, hvis du ikke kan holde fingrene fra DIY!Produktdetaljer:Farve: Sort, halvgennemsigtige d\u00f8reMateriale: PP-plastpaneler, tr\u00e5dramme, ABS-plastforbindelserSt\u00f8rrelse (1 x 10): 43 x 31 x 173 cm (L x B x H)St\u00f8rrelse (2 x 5): 83 x 31 x 88 cm (L x B x H)V\u00e6gt: 7,2 kgMax. statisk belastningskapacitet pr. hylde: 10 kgLeveringsomfang:12 x Sort plasthylde (40 x 30 cm)20 x Sort plasthylde (30 x 17 cm)10 x Sort plasthylde (40 x 17 cm)10 x Halvgennemsigtig plasthylde (40 x 17 cm)48 x ABS plaststik1 x Hammer2 x Anti-tip1 x Vejledning (DE, EN, FR, ES, IT)Plaststik: Lavet af ABS-plast af h\u00f8j kvalitet, hvilket giver en lang levetid; indvendige gevind \u00f8ger friktionskraften, hvilket holder panelerne og stikkene godt sammen.S\u00f8ml\u00f8st design:Det let buede design p\u00e5 de 4 hj\u00f8rner af metalomkredsen g\u00f8r stikkene og panelerne ekstra t\u00e6t forbundne, s\u00e5 st\u00f8v eller insekter ikke kan komme igennem.Tilf\u00f8jet sikkerhed: Hvert Songmics pegboard-system er udstyret med anti-tip, du kan bruge det til at forankre pegboard-hylden til v\u00e6ggen. SONGICS instruktioner: S\u00e6t dig ikke p\u00e5 produktet, og placer ikke tunge genstande p\u00e5 det. Uds\u00e6t ikke produktet for st\u00e6rkt sollys i l\u00e6ngere tid.Alle plastpaneler skal trykkes fast i forbindelsesstykkerne; brug ogs\u00e5 hammeren til at sikre en stabil forbindelse af alle individuelle dele. N\u00e5r du har samlet hver r\u00e6kke, skal du desuden trykke p\u00e5 forbindelsesstykkerne, indtil de er helt i indgreb. Fastg\u00f8r produktet til v\u00e6ggen ved hj\u00e6lp af den medf\u00f8lgende vippeb\u00f8jle, hvis det er h\u00f8jere end 60 cm. Hold produktet v\u00e6k fra skarpe eller spidse genstande og ildkilder for at forhindre skader.<\/p>\n","protected":false},"excerpt":{"rendered":"<p>Kaos, forsvind: Denne skohylde er designet til at udnytte gulvpladsen og kan stables og tilpasses til din plads og dine pr\u00e6ferencer, s\u00e5 du f\u00e5r mest muligt ud af hver eneste centimeter af din korridor, stue, under trappen, garderobe, bag d\u00f8ren, loftsrum og kontor. Nemmere end du tror: Med en hammer og illustrerede instruktioner er det [&hellip;]<\/p>\n","protected":false},"featured_media":0,"comment_status":"open","ping_status":"closed","template":"","meta":[],"product_brand":[],"product_cat":[31],"product_tag":[],"class_list":{"0":"post-24878","1":"product","2":"type-product","3":"status-publish","5":"product_cat-uncategorized-da","7":"first","8":"instock","9":"shipping-taxable","10":"product-type-simple"},"_links":{"self":[{"href":"https:\/\/nordicmart.andreevmaster.com\/da\/wp-json\/wp\/v2\/product\/24878","targetHints":{"allow":["GET"]}}],"collection":[{"href":"https:\/\/nordicmart.andreevmaster.com\/da\/wp-json\/wp\/v2\/product"}],"about":[{"href":"https:\/\/nordicmart.andreevmaster.com\/da\/wp-json\/wp\/v2\/types\/product"}],"replies":[{"embeddable":true,"href":"https:\/\/nordicmart.andreevmaster.com\/da\/wp-json\/wp\/v2\/comments?post=24878"}],"wp:attachment":[{"href":"https:\/\/nordicmart.andreevmaster.com\/da\/wp-json\/wp\/v2\/media?parent=24878"}],"wp:term":[{"taxonomy":"product_brand","embeddable":true,"href":"https:\/\/nordicmart.andreevmaster.com\/da\/wp-json\/wp\/v2\/product_brand?post=24878"},{"taxonomy":"product_cat","embeddable":true,"href":"https:\/\/nordicmart.andreevmaster.com\/da\/wp-json\/wp\/v2\/product_cat?post=24878"},{"taxonomy":"product_tag","embeddable":true,"href":"https:\/\/nordicmart.andreevmaster.com\/da\/wp-json\/wp\/v2\/product_tag?post=24878"}],"curies":[{"name":"wp","href":"https:\/\/api.w.org\/{rel}","templated":true}]}}