{"id":24844,"date":"2026-02-27T00:25:36","date_gmt":"2026-02-27T00:25:36","guid":{"rendered":"https:\/\/nordicmart.andreevmaster.com\/product\/lotta-gra-2-dors-garderobe\/"},"modified":"2026-02-27T09:06:36","modified_gmt":"2026-02-27T09:06:36","slug":"lotta-gra-2-dors-garderobe","status":"publish","type":"product","link":"https:\/\/nordicmart.andreevmaster.com\/da\/vare\/lotta-gra-2-dors-garderobe\/","title":{"rendered":"Lotta gr\u00e5 2-d\u00f8rs garderobe"},"content":{"rendered":"<p>En rummelig garderobe med to d\u00f8re er et n\u00f8dvendigt m\u00f8bel i b\u00f8rnev\u00e6relset. Garderoben er opdelt i to dele: et stativ til at h\u00e6nge t\u00f8j p\u00e5 og rummelige hylder. Garderoben leveres komplet med en skuffe, der er et separat element under garderoben. <\/p>\n<p>**Vigtigste fordele:**<br \/>\n&#8211; rummelig skuffe<br \/>\n&#8211; 4 hylder indeni, herunder 3 med mulighed for at justere placeringen (venstre side af garderobeskabet), en hylde p\u00e5 tv\u00e6rs af garderobeskabet; stativ til at h\u00e6nge t\u00f8j p\u00e5 og under det: en hylde med mulighed for at justere placeringen (h\u00f8jre side af garderobeskabet)<br \/>\n&#8211; mulighed for v\u00e6gmontering<br \/>\n&#8211; opfylder europ\u00e6iske standarder og sikkerhedskrav<\/p>\n<p>**M\u00e5l (cm):**<br \/>\nh\u00f8jde: 203<br \/>\ndybde: 50<br \/>\nbredde: 117<\/p>\n<p>**M\u00f8belkonstruktion og finish:**<br \/>\n&#8211; m\u00f8belkroppen er lavet af lamineret plade af h\u00f8j kvalitet, der er modstandsdygtig over for skader og fugt og nem at holde ren<br \/>\n&#8211; bunden, som m\u00f8belkroppen er placeret p\u00e5, er lavet af egetr\u00e6<br \/>\n&#8211; skinner fra Blum er udstyret med et system, der bremser skuffernes lukning<br \/>\n&#8211; garderobed\u00f8rene \u00e5bnes med et &#8220;push to open&#8221;-system<\/p>\n<p>**Farver:**<br \/>\n&#8211; m\u00f8belkroppen er neutral gr\u00e5 med mat finish.- Basen (tr\u00e6benene) er lavet af egetr\u00e6. <\/p>\n<p>**Brugsanvisning:**<br \/>\nM\u00f8blerne skal t\u00f8rres af med en bl\u00f8d bomuldsklud fugtet med vand eller et produkt beregnet til m\u00f8belpleje.<\/p>\n<p>**Yderligere oplysninger:**<br \/>\nM\u00f8blerne leveres i pakker, der er beregnet til selvmontering. Pakkerne indeholder detaljerede monteringsvejledninger samt tilbeh\u00f8r (skruer osv.).<\/p>\n","protected":false},"excerpt":{"rendered":"<p>En rummelig garderobe med to d\u00f8re er et n\u00f8dvendigt m\u00f8bel i b\u00f8rnev\u00e6relset. Garderoben er opdelt i to dele: et stativ til at h\u00e6nge t\u00f8j p\u00e5 og rummelige hylder. Garderoben leveres komplet med en skuffe, der er et separat element under garderoben. **Vigtigste fordele:** &#8211; rummelig skuffe &#8211; 4 hylder indeni, herunder 3 med mulighed for [&hellip;]<\/p>\n","protected":false},"featured_media":0,"comment_status":"open","ping_status":"closed","template":"","meta":[],"product_brand":[],"product_cat":[31],"product_tag":[],"class_list":{"0":"post-24844","1":"product","2":"type-product","3":"status-publish","5":"product_cat-uncategorized-da","7":"first","8":"instock","9":"shipping-taxable","10":"purchasable","11":"product-type-simple"},"_links":{"self":[{"href":"https:\/\/nordicmart.andreevmaster.com\/da\/wp-json\/wp\/v2\/product\/24844","targetHints":{"allow":["GET"]}}],"collection":[{"href":"https:\/\/nordicmart.andreevmaster.com\/da\/wp-json\/wp\/v2\/product"}],"about":[{"href":"https:\/\/nordicmart.andreevmaster.com\/da\/wp-json\/wp\/v2\/types\/product"}],"replies":[{"embeddable":true,"href":"https:\/\/nordicmart.andreevmaster.com\/da\/wp-json\/wp\/v2\/comments?post=24844"}],"wp:attachment":[{"href":"https:\/\/nordicmart.andreevmaster.com\/da\/wp-json\/wp\/v2\/media?parent=24844"}],"wp:term":[{"taxonomy":"product_brand","embeddable":true,"href":"https:\/\/nordicmart.andreevmaster.com\/da\/wp-json\/wp\/v2\/product_brand?post=24844"},{"taxonomy":"product_cat","embeddable":true,"href":"https:\/\/nordicmart.andreevmaster.com\/da\/wp-json\/wp\/v2\/product_cat?post=24844"},{"taxonomy":"product_tag","embeddable":true,"href":"https:\/\/nordicmart.andreevmaster.com\/da\/wp-json\/wp\/v2\/product_tag?post=24844"}],"curies":[{"name":"wp","href":"https:\/\/api.w.org\/{rel}","templated":true}]}}