{"id":24839,"date":"2026-02-27T00:25:35","date_gmt":"2026-02-27T00:25:35","guid":{"rendered":"https:\/\/nordicmart.andreevmaster.com\/product\/lotta-gra-hylde\/"},"modified":"2026-02-27T09:06:35","modified_gmt":"2026-02-27T09:06:35","slug":"lotta-gra-hylde","status":"publish","type":"product","link":"https:\/\/nordicmart.andreevmaster.com\/da\/vare\/lotta-gra-hylde\/","title":{"rendered":"Lotta gr\u00e5 hylde"},"content":{"rendered":"<p>Hylden er et meget vigtigt element i b\u00f8rnev\u00e6relser og v\u00e6relser til sm\u00e5 b\u00f8rn. N\u00e5r barnet er lille, kan hylden h\u00e6nges inden for r\u00e6kkevidde, hvilket har en positiv indflydelse p\u00e5 barnets udvikling, og n\u00e5r barnet vokser, kan hyldens placering \u00e6ndres. Hylden vil pr\u00e6sentere b\u00f8rnenes skatte p\u00e5 smukkeste vis og kan ogs\u00e5 bruges som bogreol, hvor b\u00f8gerne placeres med forsiden vendt mod barnet, uden at man beh\u00f8ver at bekymre sig om, at b\u00f8gerne falder ned, da hylden er udstyret med en diskret, eg-begr\u00e6nser. Hylden har ogs\u00e5 en lille b\u00f8jle til t\u00f8j, rygs\u00e6kke osv. N\u00e5r man kombinerer flere hylder, kan man skabe en smuk og funktionel v\u00e6gdekoration.<br \/>\nVigtigste egenskaber og fordele:<br \/>\n&#8211; egebegr\u00e6nser, afsluttet med en lille b\u00f8jle<br \/>\n&#8211; g\u00f8r det muligt at h\u00e6nge og placere genstande\/b\u00f8ger\/ting osv. samtidigt<br \/>\n&#8211; organiserer rummet<br \/>\nM\u00e5l (cm):<br \/>\nh\u00f8jde: 10<br \/>\ndybde: 21,1<br \/>\nbredde: 63,7<\/p>\n<p>H\u00e5ndv\u00e6rk og finish:<br \/>\n&#8211; hylden er lavet af lamineret plade af h\u00f8j kvalitet, der er modstandsdygtig over for skader og fugt og nem at holde ren<br \/>\n&#8211; afgr\u00e6nsning med b\u00f8jle: egetr\u00e6 lakeret med farvel\u00f8s, b\u00f8rnesikker maling <\/p>\n<p>Farver:<br \/>\n&#8211; hylden er gr\u00e5 med mat finish<br \/>\n&#8211; afgr\u00e6nser med b\u00f8jle: egetr\u00e6 <\/p>\n<p>Brugsanvisning:<br \/>\nM\u00f8blerne skal t\u00f8rres af med en bl\u00f8d bomuldsklud fugtet med vand eller et produkt beregnet til m\u00f8belpleje.<\/p>\n<p>Yderligere oplysninger:<br \/>\nM\u00f8blerne leveres i pakker, der er beregnet til selvmontering. Pakkerne indeholder detaljerede monteringsvejledninger samt tilbeh\u00f8r (skruer osv.).<\/p>\n","protected":false},"excerpt":{"rendered":"<p>Hylden er et meget vigtigt element i b\u00f8rnev\u00e6relser og v\u00e6relser til sm\u00e5 b\u00f8rn. N\u00e5r barnet er lille, kan hylden h\u00e6nges inden for r\u00e6kkevidde, hvilket har en positiv indflydelse p\u00e5 barnets udvikling, og n\u00e5r barnet vokser, kan hyldens placering \u00e6ndres. Hylden vil pr\u00e6sentere b\u00f8rnenes skatte p\u00e5 smukkeste vis og kan ogs\u00e5 bruges som bogreol, hvor b\u00f8gerne [&hellip;]<\/p>\n","protected":false},"featured_media":0,"comment_status":"open","ping_status":"closed","template":"","meta":[],"product_brand":[],"product_cat":[31],"product_tag":[],"class_list":{"0":"post-24839","1":"product","2":"type-product","3":"status-publish","5":"product_cat-uncategorized-da","7":"first","8":"instock","9":"shipping-taxable","10":"purchasable","11":"product-type-simple"},"_links":{"self":[{"href":"https:\/\/nordicmart.andreevmaster.com\/da\/wp-json\/wp\/v2\/product\/24839","targetHints":{"allow":["GET"]}}],"collection":[{"href":"https:\/\/nordicmart.andreevmaster.com\/da\/wp-json\/wp\/v2\/product"}],"about":[{"href":"https:\/\/nordicmart.andreevmaster.com\/da\/wp-json\/wp\/v2\/types\/product"}],"replies":[{"embeddable":true,"href":"https:\/\/nordicmart.andreevmaster.com\/da\/wp-json\/wp\/v2\/comments?post=24839"}],"wp:attachment":[{"href":"https:\/\/nordicmart.andreevmaster.com\/da\/wp-json\/wp\/v2\/media?parent=24839"}],"wp:term":[{"taxonomy":"product_brand","embeddable":true,"href":"https:\/\/nordicmart.andreevmaster.com\/da\/wp-json\/wp\/v2\/product_brand?post=24839"},{"taxonomy":"product_cat","embeddable":true,"href":"https:\/\/nordicmart.andreevmaster.com\/da\/wp-json\/wp\/v2\/product_cat?post=24839"},{"taxonomy":"product_tag","embeddable":true,"href":"https:\/\/nordicmart.andreevmaster.com\/da\/wp-json\/wp\/v2\/product_tag?post=24839"}],"curies":[{"name":"wp","href":"https:\/\/api.w.org\/{rel}","templated":true}]}}