{"id":24836,"date":"2026-02-27T00:25:34","date_gmt":"2026-02-27T00:25:34","guid":{"rendered":"https:\/\/nordicmart.andreevmaster.com\/product\/lotta-gra-sengestel-90x200-med-skuffe\/"},"modified":"2026-02-27T09:06:35","modified_gmt":"2026-02-27T09:06:35","slug":"lotta-gra-sengestel-90x200-med-skuffe","status":"publish","type":"product","link":"https:\/\/nordicmart.andreevmaster.com\/da\/vare\/lotta-gra-sengestel-90x200-med-skuffe\/","title":{"rendered":"Lotta gr\u00e5 sengestel 90&#215;200 med skuffe"},"content":{"rendered":"<p>Et barn i v\u00e6kst har voksende behov. Med disse behov in mente har vi designet den store Lotta-seng. Den er perfekt til et \u00e6ldre barn eller en teenager p\u00e5 grund af sine standardm\u00e5l (200 cm x 90 cm), hvilket betyder, at det ikke er noget problem at v\u00e6lge den rigtige madras eller senget\u00f8j. Sengen har en udtr\u00e6kkelig skuffe, der er perfekt til opbevaring af senget\u00f8j, eller du kan l\u00e6gge en madras i den, s\u00e5 den fungerer som en ekstra seng \u2013 en fantastisk l\u00f8sning til s\u00f8skende eller overnattende g\u00e6ster. Skuffen er nem at tr\u00e6kke ud, selv for b\u00f8rn. Et smukt dekorativt og funktionelt tr\u00e6k ved sengen er den husformede ramme i egetr\u00e6, hvor du kan h\u00e6nge lysguirlander, organisers eller tekstiler. Rammen har ogs\u00e5 tre vandrette st\u00f8ttebj\u00e6lker. Du kan l\u00e6gge puder mod dem, som ikke glider af sengen, for at skabe et hyggeligt l\u00e6sehj\u00f8rne.Sengens design g\u00f8r, at den ser flot ud, n\u00e5r den placeres op ad en v\u00e6g eller midt i rummet. Vigtigste fordele: &#8211; fremstillet i overensstemmelse med europ\u00e6iske sikkerhedsstandarder &#8211; trendy husformet ramme med rygl\u00e6n p\u00e5 tre sider &#8211; skuffe med forst\u00e6rket bund, der kan bruges til opbevaring eller som en ekstra seng (valgfrit)- skuffe udstyret med hjul med gummibel\u00e6gning, der er sikker for dit gulv<br \/>\n&#8211; sengen kan udstyres med en universal beskyttelsesbarriere (valgfrit)<\/p>\n<p>M\u00e5l (cm):<br \/>\nl\u00e6ngde: 209,2<br \/>\nbredde: 93,2<br \/>\nsengeh\u00f8jde: 41,4<br \/>\nrammeh\u00f8jde: 169 cm<\/p>\n<p>Yderligere oplysninger: &#8211; den \u00f8verste seng er egnet til en madras: 90 cm x 200 cm &#8211; skuffen kan udstyres med en madras: 88 x 195. Med en 8 cm h\u00f8j madras kan skuffen med madras og senget\u00f8j let skubbes ind under sengen<br \/>\n&#8211; sengens maksimale belastning 120 kg<br \/>\n&#8211; skuffens maksimale belastning 100 kg<\/p>\n<p>&#8211; beregnet til b\u00f8rn fra ca. 5\/6 \u00e5r<\/p>\n<p>Finish og fremstillingsdetaljer:<br \/>\n&#8211; sengens ramme og skuffen er lavet af lamineret plade af h\u00f8j kvalitet<br \/>\n&#8211; husformet ramme lavet af egetr\u00e6<br \/>\n&#8211; madrasunderlag lavet af b\u00f8gefiner<br \/>\n&#8211; skuffe udstyret med hjul med gummib\u00e5ndsfineish<\/p>\n<p>Farver:<br \/>\n&#8211; sengens ramme er gr\u00e5 med en mat finish<br \/>\n&#8211; den husformede ramme er lavet af egetr\u00e6<\/p>\n<p>Retningslinjer for brug:<br \/>\nT\u00f8r sengen af med en bl\u00f8d bomuldsklud fugtet med vand eller m\u00f8belrens.<\/p>\n<p>Yderligere oplysninger:<br \/>\nM\u00f8blerne leveres i flade pakker og er beregnet til selvmontering. Der medf\u00f8lger detaljerede monteringsvejledninger og komponenter (skruer osv.).<\/p>\n","protected":false},"excerpt":{"rendered":"<p>Et barn i v\u00e6kst har voksende behov. Med disse behov in mente har vi designet den store Lotta-seng. Den er perfekt til et \u00e6ldre barn eller en teenager p\u00e5 grund af sine standardm\u00e5l (200 cm x 90 cm), hvilket betyder, at det ikke er noget problem at v\u00e6lge den rigtige madras eller senget\u00f8j. Sengen har [&hellip;]<\/p>\n","protected":false},"featured_media":0,"comment_status":"open","ping_status":"closed","template":"","meta":[],"product_brand":[],"product_cat":[31],"product_tag":[],"class_list":{"0":"post-24836","1":"product","2":"type-product","3":"status-publish","5":"product_cat-uncategorized-da","7":"first","8":"instock","9":"shipping-taxable","10":"purchasable","11":"product-type-simple"},"_links":{"self":[{"href":"https:\/\/nordicmart.andreevmaster.com\/da\/wp-json\/wp\/v2\/product\/24836","targetHints":{"allow":["GET"]}}],"collection":[{"href":"https:\/\/nordicmart.andreevmaster.com\/da\/wp-json\/wp\/v2\/product"}],"about":[{"href":"https:\/\/nordicmart.andreevmaster.com\/da\/wp-json\/wp\/v2\/types\/product"}],"replies":[{"embeddable":true,"href":"https:\/\/nordicmart.andreevmaster.com\/da\/wp-json\/wp\/v2\/comments?post=24836"}],"wp:attachment":[{"href":"https:\/\/nordicmart.andreevmaster.com\/da\/wp-json\/wp\/v2\/media?parent=24836"}],"wp:term":[{"taxonomy":"product_brand","embeddable":true,"href":"https:\/\/nordicmart.andreevmaster.com\/da\/wp-json\/wp\/v2\/product_brand?post=24836"},{"taxonomy":"product_cat","embeddable":true,"href":"https:\/\/nordicmart.andreevmaster.com\/da\/wp-json\/wp\/v2\/product_cat?post=24836"},{"taxonomy":"product_tag","embeddable":true,"href":"https:\/\/nordicmart.andreevmaster.com\/da\/wp-json\/wp\/v2\/product_tag?post=24836"}],"curies":[{"name":"wp","href":"https:\/\/api.w.org\/{rel}","templated":true}]}}