{"id":24833,"date":"2026-02-27T00:25:34","date_gmt":"2026-02-27T00:25:34","guid":{"rendered":"https:\/\/nordicmart.andreevmaster.com\/product\/lotta-gra-kommode-med-6-skuffer\/"},"modified":"2026-02-27T09:06:34","modified_gmt":"2026-02-27T09:06:34","slug":"lotta-gra-kommode-med-6-skuffer","status":"publish","type":"product","link":"https:\/\/nordicmart.andreevmaster.com\/da\/vare\/lotta-gra-kommode-med-6-skuffer\/","title":{"rendered":"Lotta gr\u00e5 kommode med 6 skuffer"},"content":{"rendered":"<p>Kommoden har 6 rummelige skuffer og er perfekt til b\u00f8rnev\u00e6relset eller for\u00e6ldrenes sovev\u00e6relse, is\u00e6r da den er velegnet til montering af en pusleplads.<br \/>\nVigtigste fordele:<br \/>\n&#8211; seks rummelige skuffer<br \/>\n&#8211; kan udstyres med en pusleplads til venstre, h\u00f8jre eller i midten<br \/>\n&#8211; kan fastg\u00f8res til en v\u00e6g (anbefales)<br \/>\n&#8211; opfylder europ\u00e6iske sikkerhedsstandarder<\/p>\n<p>M\u00e5l (cm):<br \/>\nh\u00f8jde: 85<br \/>\ndybde: 50<br \/>\nbredde: 1150<\/p>\n<p>Overflade og fremstillingsdetaljer:<br \/>\n&#8211; m\u00f8blets krop er lavet af lamineret plade af h\u00f8j kvalitet<br \/>\n&#8211; kommodens bund er lavet af egetr\u00e6<br \/>\n&#8211; Blum-skinner med soft close-mekanisme <\/p>\n<p>Farver:<br \/>\n&#8211; m\u00f8belkroppen er snehvid med mat finish<br \/>\n&#8211; bunden (tr\u00e6ben) er lavet af egetr\u00e6<\/p>\n<p>Retningslinjer for brug:<br \/>\nT\u00f8r sengen af med en bl\u00f8d bomuldsklud fugtet med vand eller m\u00f8belrens.<\/p>\n<p>Yderligere oplysninger:<br \/>\nM\u00f8blerne leveres i flade pakker og er beregnet til selvmontering. Der medf\u00f8lger detaljerede monteringsvejledninger og komponenter (skruer osv.).<\/p>\n","protected":false},"excerpt":{"rendered":"<p>Kommoden har 6 rummelige skuffer og er perfekt til b\u00f8rnev\u00e6relset eller for\u00e6ldrenes sovev\u00e6relse, is\u00e6r da den er velegnet til montering af en pusleplads. Vigtigste fordele: &#8211; seks rummelige skuffer &#8211; kan udstyres med en pusleplads til venstre, h\u00f8jre eller i midten &#8211; kan fastg\u00f8res til en v\u00e6g (anbefales) &#8211; opfylder europ\u00e6iske sikkerhedsstandarder M\u00e5l (cm): h\u00f8jde: [&hellip;]<\/p>\n","protected":false},"featured_media":0,"comment_status":"open","ping_status":"closed","template":"","meta":[],"product_brand":[],"product_cat":[31],"product_tag":[],"class_list":{"0":"post-24833","1":"product","2":"type-product","3":"status-publish","5":"product_cat-uncategorized-da","7":"first","8":"instock","9":"shipping-taxable","10":"purchasable","11":"product-type-simple"},"_links":{"self":[{"href":"https:\/\/nordicmart.andreevmaster.com\/da\/wp-json\/wp\/v2\/product\/24833","targetHints":{"allow":["GET"]}}],"collection":[{"href":"https:\/\/nordicmart.andreevmaster.com\/da\/wp-json\/wp\/v2\/product"}],"about":[{"href":"https:\/\/nordicmart.andreevmaster.com\/da\/wp-json\/wp\/v2\/types\/product"}],"replies":[{"embeddable":true,"href":"https:\/\/nordicmart.andreevmaster.com\/da\/wp-json\/wp\/v2\/comments?post=24833"}],"wp:attachment":[{"href":"https:\/\/nordicmart.andreevmaster.com\/da\/wp-json\/wp\/v2\/media?parent=24833"}],"wp:term":[{"taxonomy":"product_brand","embeddable":true,"href":"https:\/\/nordicmart.andreevmaster.com\/da\/wp-json\/wp\/v2\/product_brand?post=24833"},{"taxonomy":"product_cat","embeddable":true,"href":"https:\/\/nordicmart.andreevmaster.com\/da\/wp-json\/wp\/v2\/product_cat?post=24833"},{"taxonomy":"product_tag","embeddable":true,"href":"https:\/\/nordicmart.andreevmaster.com\/da\/wp-json\/wp\/v2\/product_tag?post=24833"}],"curies":[{"name":"wp","href":"https:\/\/api.w.org\/{rel}","templated":true}]}}