{"id":24832,"date":"2026-02-27T00:25:33","date_gmt":"2026-02-27T00:25:33","guid":{"rendered":"https:\/\/nordicmart.andreevmaster.com\/product\/bellamy-lotta-sengebeskyttelse-til-smaborn-gra\/"},"modified":"2026-02-27T09:06:34","modified_gmt":"2026-02-27T09:06:34","slug":"bellamy-lotta-sengebeskyttelse-til-smaborn-gra","status":"publish","type":"product","link":"https:\/\/nordicmart.andreevmaster.com\/da\/vare\/bellamy-lotta-sengebeskyttelse-til-smaborn-gra\/","title":{"rendered":"Bellamy Lotta sengebeskyttelse til sm\u00e5b\u00f8rn, gr\u00e5"},"content":{"rendered":"<p>Sengebeskyttelse er n\u00f8dvendig, n\u00e5r dit barn bliver st\u00f8rre, og barnesengen omdannes til en seng. Form\u00e5let er at beskytte det sovende barn mod at falde ud.<br \/>\nSengebeskyttelsen er lavet af massivt tr\u00e6, der er malet i snehvid farve. Der medf\u00f8lger en beskyttelsesgel\u00e6nder til Good Night-sengen, men der er mulighed for at k\u00f8be en ekstra. <\/p>\n<p>**Hvorfor k\u00f8be mig?**<br \/>\n&#8211; Den beskytter barnet mod at falde ud, n\u00e5r barnesengen omdannes til en seng. &#8211; Sengen kan monteres p\u00e5 h\u00f8jre eller venstre side af sengen. <\/p>\n<p>M\u00e5l (cm):<br \/>\nL\u00e6ngde: 47<br \/>\nH\u00f8jde: 29<br \/>\nDybde: 2 Brugsanvisning:<br \/>\nM\u00f8blerne skal t\u00f8rres af med en bl\u00f8d bomuldsklud fugtet med vand eller et produkt beregnet til m\u00f8belpleje.<\/p>\n<p>Yderligere oplysninger:<br \/>\nM\u00f8blerne leveres i pakker, der er beregnet til selvmontering. Pakkerne indeholder detaljerede monteringsvejledninger samt tilbeh\u00f8r (skruer osv.).<\/p>\n","protected":false},"excerpt":{"rendered":"<p>Sengebeskyttelse er n\u00f8dvendig, n\u00e5r dit barn bliver st\u00f8rre, og barnesengen omdannes til en seng. Form\u00e5let er at beskytte det sovende barn mod at falde ud. Sengebeskyttelsen er lavet af massivt tr\u00e6, der er malet i snehvid farve. Der medf\u00f8lger en beskyttelsesgel\u00e6nder til Good Night-sengen, men der er mulighed for at k\u00f8be en ekstra. **Hvorfor k\u00f8be [&hellip;]<\/p>\n","protected":false},"featured_media":0,"comment_status":"open","ping_status":"closed","template":"","meta":[],"product_brand":[],"product_cat":[31],"product_tag":[],"class_list":{"0":"post-24832","1":"product","2":"type-product","3":"status-publish","5":"product_cat-uncategorized-da","7":"first","8":"instock","9":"shipping-taxable","10":"purchasable","11":"product-type-simple"},"_links":{"self":[{"href":"https:\/\/nordicmart.andreevmaster.com\/da\/wp-json\/wp\/v2\/product\/24832","targetHints":{"allow":["GET"]}}],"collection":[{"href":"https:\/\/nordicmart.andreevmaster.com\/da\/wp-json\/wp\/v2\/product"}],"about":[{"href":"https:\/\/nordicmart.andreevmaster.com\/da\/wp-json\/wp\/v2\/types\/product"}],"replies":[{"embeddable":true,"href":"https:\/\/nordicmart.andreevmaster.com\/da\/wp-json\/wp\/v2\/comments?post=24832"}],"wp:attachment":[{"href":"https:\/\/nordicmart.andreevmaster.com\/da\/wp-json\/wp\/v2\/media?parent=24832"}],"wp:term":[{"taxonomy":"product_brand","embeddable":true,"href":"https:\/\/nordicmart.andreevmaster.com\/da\/wp-json\/wp\/v2\/product_brand?post=24832"},{"taxonomy":"product_cat","embeddable":true,"href":"https:\/\/nordicmart.andreevmaster.com\/da\/wp-json\/wp\/v2\/product_cat?post=24832"},{"taxonomy":"product_tag","embeddable":true,"href":"https:\/\/nordicmart.andreevmaster.com\/da\/wp-json\/wp\/v2\/product_tag?post=24832"}],"curies":[{"name":"wp","href":"https:\/\/api.w.org\/{rel}","templated":true}]}}