{"id":24828,"date":"2026-02-27T00:25:32","date_gmt":"2026-02-27T00:25:32","guid":{"rendered":"https:\/\/nordicmart.andreevmaster.com\/product\/lotta-sage-skrivebordsudvidelse\/"},"modified":"2026-02-27T09:06:33","modified_gmt":"2026-02-27T09:06:33","slug":"lotta-sage-skrivebordsudvidelse","status":"publish","type":"product","link":"https:\/\/nordicmart.andreevmaster.com\/da\/vare\/lotta-sage-skrivebordsudvidelse\/","title":{"rendered":"Lotta Sage skrivebordsudvidelse"},"content":{"rendered":"<p>Lotta skrivebordsudvidelsen er det perfekte tilbeh\u00f8r til alle, der \u00f8nsker at forbedre komforten, funktionaliteten og \u00e6stetikken p\u00e5 deres arbejdsplads. Uanset alder \u2013 b\u00f8rn, teenagere eller voksne \u2013 vil alle finde noget for sig selv i den. \u00a0 Vigtigste egenskaber: &#8211; Ergonomi og arbejdskomfort: Hj\u00e6lper med at h\u00e6ve sk\u00e6rmen til \u00f8jenh\u00f8jde, hvilket reducerer risikoen for lidelser forbundet med langvarigt arbejde ved computeren, s\u00e5som nakke- eller rygsmerter. Fremme af korrekt kropsholdning kan ogs\u00e5 reducere tr\u00e6thed, hvilket er s\u00e6rligt vigtigt for b\u00f8rn og teenagere under studier og for voksne, der tilbringer mange timer ved skrivebordet.- \u00d8get arbejdsplads: Takket v\u00e6re den ekstra plads, som hylden giver, er det lettere at administrere skrivebordspladsen. Det er en ideel l\u00f8sning til sm\u00e5 kontor- eller skoleartikler som notesb\u00f8ger, kuglepenne eller smartphones, hvilket g\u00f8r arbejdspladsen mere organiseret og funktionel.- Nem installation og alsidighed: Lotta-skrivebordshylden udm\u00e6rker sig ikke kun ved sin ergonomi og \u00e6stetik, men ogs\u00e5 ved sin ikke-invasive installation, der ikke kr\u00e6ver boring af huller i skrivebordet, hvilket g\u00f8r installationen enkel og hurtig uden at efterlade spor efter brug. Den passer til alle skrivebordsmodeller i denne serie, hvilket sikrer alsidighed i brugen. Derudover har hylden et praktisk kabelhul, der letter kabelorganisering og opretholder orden p\u00e5 skrivebordet.- Design og \u00e6stetik: Lotta-skrivebordshylden har et moderne design, der passer godt til forskellige indretninger, fra b\u00f8rnev\u00e6relset over teenagev\u00e6relset til voksenens hjemmekontor. <\/p>\n<p>Materiale og finish:<br \/>\n&#8211; Lamineret plade <\/p>\n<p>M\u00e5l:<\/p>\n<p>H\u00f8jde: 11,8 cm<br \/>\nDybde: 20 cm<br \/>\nBredde: 120 cm <\/p>\n<p>Tilg\u00e6ngelige farver:<br \/>\n-Snegr\u00e5<br \/>\n-Salvie<br \/>\n-Solnedgang<br \/>\n-Horizon <\/p>\n<p>Plejeinstruktioner:<br \/>\nM\u00f8blerne skal t\u00f8rres af med en bl\u00f8d bomuldsklud fugtet med vand eller et m\u00f8belplejeprodukt for at bevare deres sk\u00f8nhed og holdbarhed i mange \u00e5r.<\/p>\n<p>Yderligere oplysninger:<br \/>\nM\u00f8blerne leveres i pakker til selvmontering med letforst\u00e5elige instruktioner og det n\u00f8dvendige udstyr.<\/p>\n","protected":false},"excerpt":{"rendered":"<p>Lotta skrivebordsudvidelsen er det perfekte tilbeh\u00f8r til alle, der \u00f8nsker at forbedre komforten, funktionaliteten og \u00e6stetikken p\u00e5 deres arbejdsplads. Uanset alder \u2013 b\u00f8rn, teenagere eller voksne \u2013 vil alle finde noget for sig selv i den. \u00a0 Vigtigste egenskaber: &#8211; Ergonomi og arbejdskomfort: Hj\u00e6lper med at h\u00e6ve sk\u00e6rmen til \u00f8jenh\u00f8jde, hvilket reducerer risikoen for lidelser [&hellip;]<\/p>\n","protected":false},"featured_media":0,"comment_status":"open","ping_status":"closed","template":"","meta":[],"product_brand":[],"product_cat":[31],"product_tag":[],"class_list":{"0":"post-24828","1":"product","2":"type-product","3":"status-publish","5":"product_cat-uncategorized-da","7":"first","8":"instock","9":"shipping-taxable","10":"purchasable","11":"product-type-simple"},"_links":{"self":[{"href":"https:\/\/nordicmart.andreevmaster.com\/da\/wp-json\/wp\/v2\/product\/24828","targetHints":{"allow":["GET"]}}],"collection":[{"href":"https:\/\/nordicmart.andreevmaster.com\/da\/wp-json\/wp\/v2\/product"}],"about":[{"href":"https:\/\/nordicmart.andreevmaster.com\/da\/wp-json\/wp\/v2\/types\/product"}],"replies":[{"embeddable":true,"href":"https:\/\/nordicmart.andreevmaster.com\/da\/wp-json\/wp\/v2\/comments?post=24828"}],"wp:attachment":[{"href":"https:\/\/nordicmart.andreevmaster.com\/da\/wp-json\/wp\/v2\/media?parent=24828"}],"wp:term":[{"taxonomy":"product_brand","embeddable":true,"href":"https:\/\/nordicmart.andreevmaster.com\/da\/wp-json\/wp\/v2\/product_brand?post=24828"},{"taxonomy":"product_cat","embeddable":true,"href":"https:\/\/nordicmart.andreevmaster.com\/da\/wp-json\/wp\/v2\/product_cat?post=24828"},{"taxonomy":"product_tag","embeddable":true,"href":"https:\/\/nordicmart.andreevmaster.com\/da\/wp-json\/wp\/v2\/product_tag?post=24828"}],"curies":[{"name":"wp","href":"https:\/\/api.w.org\/{rel}","templated":true}]}}