{"id":24806,"date":"2026-02-27T00:25:27","date_gmt":"2026-02-27T00:25:27","guid":{"rendered":"https:\/\/nordicmart.andreevmaster.com\/product\/ekho-collection-opbevaringsbaenk-metsa-opbevaringsbaenk-forest\/"},"modified":"2026-02-27T09:06:29","modified_gmt":"2026-02-27T09:06:29","slug":"ekho-collection-opbevaringsbaenk-metsa-opbevaringsbaenk-forest","status":"publish","type":"product","link":"https:\/\/nordicmart.andreevmaster.com\/da\/vare\/ekho-collection-opbevaringsbaenk-metsa-opbevaringsbaenk-forest\/","title":{"rendered":"EKHO Collection &#8211; Opbevaringsb\u00e6nk, Mets\u00e4 &#8211; Opbevaringsb\u00e6nk, Forest"},"content":{"rendered":"<p>[Forbedr dit rum] Se VASAGLE EKHO Collection-kollektionens opbevaringsb\u00e6nk, hvor syntetisk l\u00e6der m\u00f8der raffineret syning. Dens bl\u00f8de konturer forbedrer sikkerheden, og sammen med det bl\u00f8de s\u00e6de opn\u00e5r den en perfekt balance mellem fasthed og fylde.[Komfort m\u00f8der bekvemmelighed] Lad dine h\u00e6nder glide over det glatte, let reng\u00f8rlige betr\u00e6k, og synk ned i det 6 cm tykke, faste 25D h\u00f8jresiliensskum, der er modstandsdygtigt over for deformation. Denne opbevaringsb\u00e6nk tilbyder b\u00e5de en behagelig siddeplads og nem vedligeholdelse. <\/p>\n<p>[Styrke, du kan stole p\u00e5] Denne opbevaringsb\u00e6nk med massivt tr\u00e6stel er konstrueret til at kunne b\u00e6re op til 300 kg (660 lb). Du kan stole p\u00e5 dens styrke og holdbarhed, n\u00e5r den bliver en p\u00e5lidelig del af dit hjem.<\/p>\n<p>[Rummelig med sikkerhedsl\u00e5se] Med en kapacitet p\u00e5 25 gal. (95 l) kan vores ottomanb\u00e6nk opbevare alt fra t\u00e6pper og puder til t\u00f8j p\u00e5 en p\u00e6n m\u00e5de. D\u00e6kslets dobbelte sikkerhedsl\u00e5se sikrer j\u00e6vn, sikker funktion og effektiv adgang til dine ting. <\/p>\n<p>Alsidighed skinner igennem] Uanset om det drejer sig om et charmerende sofabord i stuen, en skot\u00f8jsb\u00e6nk i entreen, en hyggelig b\u00e6nk i sovev\u00e6relset eller en stilfuld ekstra siddeplads i dit kl\u00e6deskab, tilpasser denne polstrede b\u00e6nk sig problemfrit til alle dine behov. Tekniske oplysninger:- Farve: B\u00e6nken er udstyret med et s\u00e6de, der ogs\u00e5 er designet til brug som siddeplads: Skovgr\u00f8n<br \/>\n&#8211; Materiale: PU (polyuretan) l\u00e6der, krydsfiner, massivt tr\u00e6.- Produktst\u00f8rrelse: 40 x 110 x 40 cm (15,7&#8243; D x 43,3&#8243; B x 15,7&#8243; H). &#8211; Produktv\u00e6gt: 15,3 kg (33,7 lb).- Maks. statisk belastning p\u00e5 s\u00e6det: 300 kg (660 lb)<br \/>\n&#8211; Maks. Opbevaringsrummets statiske belastbarhed: 132 lb (60 kg)<br \/>\n&#8211; Volumen: 25 gallon (95 l)<br \/>\nIndhold i pakken:<\/p>\n<p>&#8211; 1 x Opbevaringsstol<br \/>\n&#8211; 1 x Tilbeh\u00f8rss\u00e6t<br \/>\n&#8211; 1 x Brugsanvisning<\/p>\n","protected":false},"excerpt":{"rendered":"<p>[Forbedr dit rum] Se VASAGLE EKHO Collection-kollektionens opbevaringsb\u00e6nk, hvor syntetisk l\u00e6der m\u00f8der raffineret syning. Dens bl\u00f8de konturer forbedrer sikkerheden, og sammen med det bl\u00f8de s\u00e6de opn\u00e5r den en perfekt balance mellem fasthed og fylde.[Komfort m\u00f8der bekvemmelighed] Lad dine h\u00e6nder glide over det glatte, let reng\u00f8rlige betr\u00e6k, og synk ned i det 6 cm tykke, faste [&hellip;]<\/p>\n","protected":false},"featured_media":0,"comment_status":"open","ping_status":"closed","template":"","meta":[],"product_brand":[],"product_cat":[31],"product_tag":[],"class_list":{"0":"post-24806","1":"product","2":"type-product","3":"status-publish","5":"product_cat-uncategorized-da","7":"first","8":"instock","9":"shipping-taxable","10":"product-type-simple"},"_links":{"self":[{"href":"https:\/\/nordicmart.andreevmaster.com\/da\/wp-json\/wp\/v2\/product\/24806","targetHints":{"allow":["GET"]}}],"collection":[{"href":"https:\/\/nordicmart.andreevmaster.com\/da\/wp-json\/wp\/v2\/product"}],"about":[{"href":"https:\/\/nordicmart.andreevmaster.com\/da\/wp-json\/wp\/v2\/types\/product"}],"replies":[{"embeddable":true,"href":"https:\/\/nordicmart.andreevmaster.com\/da\/wp-json\/wp\/v2\/comments?post=24806"}],"wp:attachment":[{"href":"https:\/\/nordicmart.andreevmaster.com\/da\/wp-json\/wp\/v2\/media?parent=24806"}],"wp:term":[{"taxonomy":"product_brand","embeddable":true,"href":"https:\/\/nordicmart.andreevmaster.com\/da\/wp-json\/wp\/v2\/product_brand?post=24806"},{"taxonomy":"product_cat","embeddable":true,"href":"https:\/\/nordicmart.andreevmaster.com\/da\/wp-json\/wp\/v2\/product_cat?post=24806"},{"taxonomy":"product_tag","embeddable":true,"href":"https:\/\/nordicmart.andreevmaster.com\/da\/wp-json\/wp\/v2\/product_tag?post=24806"}],"curies":[{"name":"wp","href":"https:\/\/api.w.org\/{rel}","templated":true}]}}