{"id":24805,"date":"2026-02-27T00:25:27","date_gmt":"2026-02-27T00:25:27","guid":{"rendered":"https:\/\/nordicmart.andreevmaster.com\/product\/ekho-collection-sailytyspenkki-ottomaanipenkki-2\/"},"modified":"2026-02-27T09:06:29","modified_gmt":"2026-02-27T09:06:29","slug":"ekho-collection-sailytyspenkki-ottomaanipenkki-2","status":"publish","type":"product","link":"https:\/\/nordicmart.andreevmaster.com\/da\/vare\/ekho-collection-sailytyspenkki-ottomaanipenkki-2\/","title":{"rendered":"EKHO Collection &#8211; S\u00e4ilytyspenkki Ottomaanipenkki"},"content":{"rendered":"<p>[Forbedr dit rum] Oplev kombinationen af syntetisk l\u00e6der og raffinerede s\u00f8mme i VASAGLE EKHO-kollektionens opbevaringspuf. Dens bl\u00f8de konturer \u00f8ger sikkerheden, mens de elegante ben skaber en luftig fornemmelse, der balancerer sp\u00e6nding og fylde&#8230;[Komfort m\u00f8der bekvemmelighed] Lad dine h\u00e6nder glide over det glatte, let reng\u00f8rlige betr\u00e6k, og synk ned i 2,4&#8243; (6 cm) tykt, st\u00f8ttende 25D h\u00f8jresiliensskum, der er modstandsdygtigt over for deformation. Denne opbevaringsb\u00e6nk tilbyder b\u00e5de en behagelig siddeplads og nem vedligeholdelse.[Styrke, du kan stole p\u00e5] Takket v\u00e6re den massive tr\u00e6ramme og de stabile st\u00e5lben er denne opbevaringsb\u00e6nk konstrueret til at kunne b\u00e6re en imponerende v\u00e6gt p\u00e5 op til 300 kg (660 lb). Stol p\u00e5 dens styrke og holdbarhed, n\u00e5r den bliver en p\u00e5lidelig del af dit hjem.[Rummelig med sikkerhedsl\u00e5se] Med en kapacitet p\u00e5 15 gal. (57 l) kan vores ottoman-b\u00e6nk opbevare alt fra t\u00e6pper og puder til t\u00f8j p\u00e5 en p\u00e6n m\u00e5de. D\u00e6kslets dobbelte sikkerhedsskinner sikrer j\u00e6vn, sikker funktion og effektiv adgang til dine ting. <\/p>\n<p>[Alsidighed i top] Uanset om det drejer sig om et charmerende sofabord i stuen, en skot\u00f8jsb\u00e6nk i entreen, en hyggelig b\u00e6nk i sovev\u00e6relset eller en stilfuld ekstra siddeplads i dit kl\u00e6deskab, tilpasser denne polstrede b\u00e6nk sig problemfrit til alle dine behov. Tekniske oplysninger:- Farve: B\u00e6nken er udstyret med et s\u00e6de, der ogs\u00e5 er designet til brug som siddeplads: Skovgr\u00f8n<br \/>\n&#8211; Materiale: PU (polyurethan) l\u00e6der, krydsfiner, massivt tr\u00e6.- Produktst\u00f8rrelse: 40 x 120 x 45 cm (15,7&#8243; D x 47,2&#8243; B x 17,7&#8243; H). &#8211; Produktv\u00e6gt: 13,8 kg (30,4 lb).- Maks. statisk belastning af s\u00e6det: 300 kg (660 lb)<br \/>\n&#8211; Maks. Opbevaringsrummets statiske belastbarhed: 132 lb (60 kg)<br \/>\n&#8211; Volumen: 15 gallon (57 l)<br \/>\nIndhold i pakken:<\/p>\n<p>&#8211; 1 x Opbevaringsstol<br \/>\n&#8211; 1 x Tilbeh\u00f8rss\u00e6t<br \/>\n&#8211; 1 x Brugsanvisning<\/p>\n","protected":false},"excerpt":{"rendered":"<p>[Forbedr dit rum] Oplev kombinationen af syntetisk l\u00e6der og raffinerede s\u00f8mme i VASAGLE EKHO-kollektionens opbevaringspuf. Dens bl\u00f8de konturer \u00f8ger sikkerheden, mens de elegante ben skaber en luftig fornemmelse, der balancerer sp\u00e6nding og fylde&#8230;[Komfort m\u00f8der bekvemmelighed] Lad dine h\u00e6nder glide over det glatte, let reng\u00f8rlige betr\u00e6k, og synk ned i 2,4&#8243; (6 cm) tykt, st\u00f8ttende 25D [&hellip;]<\/p>\n","protected":false},"featured_media":0,"comment_status":"open","ping_status":"closed","template":"","meta":[],"product_brand":[],"product_cat":[31],"product_tag":[],"class_list":{"0":"post-24805","1":"product","2":"type-product","3":"status-publish","5":"product_cat-uncategorized-da","7":"first","8":"instock","9":"shipping-taxable","10":"product-type-simple"},"_links":{"self":[{"href":"https:\/\/nordicmart.andreevmaster.com\/da\/wp-json\/wp\/v2\/product\/24805","targetHints":{"allow":["GET"]}}],"collection":[{"href":"https:\/\/nordicmart.andreevmaster.com\/da\/wp-json\/wp\/v2\/product"}],"about":[{"href":"https:\/\/nordicmart.andreevmaster.com\/da\/wp-json\/wp\/v2\/types\/product"}],"replies":[{"embeddable":true,"href":"https:\/\/nordicmart.andreevmaster.com\/da\/wp-json\/wp\/v2\/comments?post=24805"}],"wp:attachment":[{"href":"https:\/\/nordicmart.andreevmaster.com\/da\/wp-json\/wp\/v2\/media?parent=24805"}],"wp:term":[{"taxonomy":"product_brand","embeddable":true,"href":"https:\/\/nordicmart.andreevmaster.com\/da\/wp-json\/wp\/v2\/product_brand?post=24805"},{"taxonomy":"product_cat","embeddable":true,"href":"https:\/\/nordicmart.andreevmaster.com\/da\/wp-json\/wp\/v2\/product_cat?post=24805"},{"taxonomy":"product_tag","embeddable":true,"href":"https:\/\/nordicmart.andreevmaster.com\/da\/wp-json\/wp\/v2\/product_tag?post=24805"}],"curies":[{"name":"wp","href":"https:\/\/api.w.org\/{rel}","templated":true}]}}