{"id":24804,"date":"2026-02-27T00:25:27","date_gmt":"2026-02-27T00:25:27","guid":{"rendered":"https:\/\/nordicmart.andreevmaster.com\/product\/ekho-collection-opbevaringsbaenk-entre-sovevaerelsesbaenk-15-gallon-syntetisk-laeder-med-syninger-mid-century-modern-sikkerhedshandtag-baereevne-660-lb-ink-black-u\/"},"modified":"2026-02-27T09:06:28","modified_gmt":"2026-02-27T09:06:28","slug":"ekho-collection-opbevaringsbaenk-entre-sovevaerelsesbaenk-15-gallon-syntetisk-laeder-med-syninger-mid-century-modern-sikkerhedshandtag-baereevne-660-lb-ink-black-u","status":"publish","type":"product","link":"https:\/\/nordicmart.andreevmaster.com\/da\/vare\/ekho-collection-opbevaringsbaenk-entre-sovevaerelsesbaenk-15-gallon-syntetisk-laeder-med-syninger-mid-century-modern-sikkerhedshandtag-baereevne-660-lb-ink-black-u\/","title":{"rendered":"EKHO Collection &#8211; Opbevaringsb\u00e6nk, Entr\u00e9 sovev\u00e6relsesb\u00e6nk, 15 gallon, syntetisk l\u00e6der med syninger, Mid-Century Modern, sikkerhedsh\u00e5ndtag, b\u00e6reevne 660 lb, Ink Black U"},"content":{"rendered":"","protected":false},"excerpt":{"rendered":"","protected":false},"featured_media":0,"comment_status":"open","ping_status":"closed","template":"","meta":[],"product_brand":[],"product_cat":[31],"product_tag":[],"class_list":{"0":"post-24804","1":"product","2":"type-product","3":"status-publish","5":"product_cat-uncategorized-da","7":"first","8":"instock","9":"shipping-taxable","10":"product-type-simple"},"_links":{"self":[{"href":"https:\/\/nordicmart.andreevmaster.com\/da\/wp-json\/wp\/v2\/product\/24804","targetHints":{"allow":["GET"]}}],"collection":[{"href":"https:\/\/nordicmart.andreevmaster.com\/da\/wp-json\/wp\/v2\/product"}],"about":[{"href":"https:\/\/nordicmart.andreevmaster.com\/da\/wp-json\/wp\/v2\/types\/product"}],"replies":[{"embeddable":true,"href":"https:\/\/nordicmart.andreevmaster.com\/da\/wp-json\/wp\/v2\/comments?post=24804"}],"wp:attachment":[{"href":"https:\/\/nordicmart.andreevmaster.com\/da\/wp-json\/wp\/v2\/media?parent=24804"}],"wp:term":[{"taxonomy":"product_brand","embeddable":true,"href":"https:\/\/nordicmart.andreevmaster.com\/da\/wp-json\/wp\/v2\/product_brand?post=24804"},{"taxonomy":"product_cat","embeddable":true,"href":"https:\/\/nordicmart.andreevmaster.com\/da\/wp-json\/wp\/v2\/product_cat?post=24804"},{"taxonomy":"product_tag","embeddable":true,"href":"https:\/\/nordicmart.andreevmaster.com\/da\/wp-json\/wp\/v2\/product_tag?post=24804"}],"curies":[{"name":"wp","href":"https:\/\/api.w.org\/{rel}","templated":true}]}}