{"id":24780,"date":"2026-02-27T00:25:21","date_gmt":"2026-02-27T00:25:21","guid":{"rendered":"https:\/\/nordicmart.andreevmaster.com\/product\/lotta-latte-bogreol\/"},"modified":"2026-02-27T09:06:24","modified_gmt":"2026-02-27T09:06:24","slug":"lotta-latte-bogreol","status":"publish","type":"product","link":"https:\/\/nordicmart.andreevmaster.com\/da\/vare\/lotta-latte-bogreol\/","title":{"rendered":"Lotta latte bogreol"},"content":{"rendered":"<p>En reol, hvor barnets skatte, leget\u00f8j og b\u00f8ger kan opbevares, er et n\u00f8dvendigt tilbeh\u00f8r i et b\u00f8rnev\u00e6relse. Placeringen af hylderne, som giver adgang selv for de yngste b\u00f8rn, er en stor fordel ved reolen. En s\u00e5dan l\u00f8sning l\u00e6rer dem rumlig organisering og orden. Reolen kan ogs\u00e5 med succes bruges som garderobe, da den d\u00e6kker indholdet takket v\u00e6re de sm\u00e5 l\u00e5ger, der lukker hylderne.<br \/>\nVigtigste fordele:<br \/>\n&#8211; 2 skabe, der kan \u00e5bnes<br \/>\n&#8211; forskellige hyldebredder g\u00f8r det lettere at organisere pladsen<br \/>\n&#8211; nem adgang til hylderne, selv for de yngste b\u00f8rn<br \/>\n&#8211; mulighed for v\u00e6gmontering<br \/>\n&#8211; opfylder europ\u00e6iske standarder og sikkerhedskrav<br \/>\nM\u00e5l (cm):<br \/>\nh\u00f8jde: 167<br \/>\ndybde: 39<br \/>\nbredde: 103<\/p>\n<p>Farver:<br \/>\n&#8211; m\u00f8belkroppen er lattefarvet med mat finish<br \/>\n&#8211; basen (tr\u00e6ben) er lavet af egetr\u00e6<\/p>\n<p>Brugsanvisning:<br \/>\nM\u00f8blerne skal t\u00f8rres af med en bl\u00f8d bomuldsklud fugtet med vand eller et produkt beregnet til m\u00f8belpleje.<\/p>\n<p>Yderligere oplysninger:<br \/>\nM\u00f8blerne leveres i pakker, der er beregnet til selvmontering. Pakkerne indeholder detaljerede monteringsvejledninger samt tilbeh\u00f8r (skruer osv.).<\/p>\n","protected":false},"excerpt":{"rendered":"<p>En reol, hvor barnets skatte, leget\u00f8j og b\u00f8ger kan opbevares, er et n\u00f8dvendigt tilbeh\u00f8r i et b\u00f8rnev\u00e6relse. Placeringen af hylderne, som giver adgang selv for de yngste b\u00f8rn, er en stor fordel ved reolen. En s\u00e5dan l\u00f8sning l\u00e6rer dem rumlig organisering og orden. Reolen kan ogs\u00e5 med succes bruges som garderobe, da den d\u00e6kker indholdet [&hellip;]<\/p>\n","protected":false},"featured_media":0,"comment_status":"open","ping_status":"closed","template":"","meta":[],"product_brand":[],"product_cat":[31],"product_tag":[],"class_list":{"0":"post-24780","1":"product","2":"type-product","3":"status-publish","5":"product_cat-uncategorized-da","7":"first","8":"instock","9":"shipping-taxable","10":"purchasable","11":"product-type-simple"},"_links":{"self":[{"href":"https:\/\/nordicmart.andreevmaster.com\/da\/wp-json\/wp\/v2\/product\/24780","targetHints":{"allow":["GET"]}}],"collection":[{"href":"https:\/\/nordicmart.andreevmaster.com\/da\/wp-json\/wp\/v2\/product"}],"about":[{"href":"https:\/\/nordicmart.andreevmaster.com\/da\/wp-json\/wp\/v2\/types\/product"}],"replies":[{"embeddable":true,"href":"https:\/\/nordicmart.andreevmaster.com\/da\/wp-json\/wp\/v2\/comments?post=24780"}],"wp:attachment":[{"href":"https:\/\/nordicmart.andreevmaster.com\/da\/wp-json\/wp\/v2\/media?parent=24780"}],"wp:term":[{"taxonomy":"product_brand","embeddable":true,"href":"https:\/\/nordicmart.andreevmaster.com\/da\/wp-json\/wp\/v2\/product_brand?post=24780"},{"taxonomy":"product_cat","embeddable":true,"href":"https:\/\/nordicmart.andreevmaster.com\/da\/wp-json\/wp\/v2\/product_cat?post=24780"},{"taxonomy":"product_tag","embeddable":true,"href":"https:\/\/nordicmart.andreevmaster.com\/da\/wp-json\/wp\/v2\/product_tag?post=24780"}],"curies":[{"name":"wp","href":"https:\/\/api.w.org\/{rel}","templated":true}]}}