{"id":24777,"date":"2026-02-27T00:25:20","date_gmt":"2026-02-27T00:25:20","guid":{"rendered":"https:\/\/nordicmart.andreevmaster.com\/product\/lotta-latte-junior-seng-90x200\/"},"modified":"2026-02-27T09:06:23","modified_gmt":"2026-02-27T09:06:23","slug":"lotta-latte-junior-seng-90x200","status":"publish","type":"product","link":"https:\/\/nordicmart.andreevmaster.com\/da\/vare\/lotta-latte-junior-seng-90x200\/","title":{"rendered":"Lotta latte junior seng 90&#215;200"},"content":{"rendered":"<p>Vigtigste fordele:<br \/>\n-fremstillet i overensstemmelse med europ\u00e6iske sikkerhedsstandarder<br \/>\n&#8211; klassisk design- passer godt ind i ethvert interi\u00f8r<br \/>\n&#8211; standardm\u00e5l- du kan nemt tilpasse madrassen eller senget\u00f8jet<br \/>\n&#8211; sengen kan udstyres med en universal beskyttelsesbarriere (valgfri)<\/p>\n<p>M\u00e5l (cm):<br \/>\nl\u00e6ngde: 218,2<br \/>\nbredde: 93,2<br \/>\nsengeh\u00f8jde: 56,6<br \/>\nrammeh\u00f8jde: 37<\/p>\n<p>Yderligere oplysninger:<br \/>\n&#8211; sengen er egnet til en madras: 90 cm x 200 cm<br \/>\n&#8211; madrasens h\u00f8jde: min. 12 cm<br \/>\n&#8211; sengens maksimale belastning 120 kg<br \/>\n&#8211; beregnet til b\u00f8rn fra ca. 5\/6 \u00e5r<\/p>\n<p>Overflade og fremstillingsdetaljer:<br \/>\n&#8211; sengens ramme er lavet af h\u00f8jkvalitets lamineret plade, der er modstandsdygtig over for skader og fugt og nem at holde ren<br \/>\n&#8211; madrasunderlag af b\u00f8gefiner<br \/>\n&#8211; benene er lavet af egetr\u00e6 <\/p>\n<p>Farver:<br \/>\n&#8211; m\u00f8blets krop er lattefarvet med mat finish<br \/>\n&#8211; basen (tr\u00e6benene) er lavet af egetr\u00e6<\/p>\n<p>Brugsanvisning:<br \/>\nM\u00f8blerne skal t\u00f8rres af med en bl\u00f8d bomuldsklud fugtet med vand eller et produkt beregnet til m\u00f8belpleje.\u00a0<\/p>\n<p>Yderligere oplysninger:<br \/>\nM\u00f8blerne leveres i pakker, der er beregnet til selvmontering. Pakkerne indeholder detaljerede monteringsvejledninger samt tilbeh\u00f8r (skruer osv.).<\/p>\n","protected":false},"excerpt":{"rendered":"<p>Vigtigste fordele: -fremstillet i overensstemmelse med europ\u00e6iske sikkerhedsstandarder &#8211; klassisk design- passer godt ind i ethvert interi\u00f8r &#8211; standardm\u00e5l- du kan nemt tilpasse madrassen eller senget\u00f8jet &#8211; sengen kan udstyres med en universal beskyttelsesbarriere (valgfri) M\u00e5l (cm): l\u00e6ngde: 218,2 bredde: 93,2 sengeh\u00f8jde: 56,6 rammeh\u00f8jde: 37 Yderligere oplysninger: &#8211; sengen er egnet til en madras: 90 [&hellip;]<\/p>\n","protected":false},"featured_media":0,"comment_status":"open","ping_status":"closed","template":"","meta":[],"product_brand":[],"product_cat":[31],"product_tag":[],"class_list":{"0":"post-24777","1":"product","2":"type-product","3":"status-publish","5":"product_cat-uncategorized-da","7":"first","8":"instock","9":"shipping-taxable","10":"purchasable","11":"product-type-simple"},"_links":{"self":[{"href":"https:\/\/nordicmart.andreevmaster.com\/da\/wp-json\/wp\/v2\/product\/24777","targetHints":{"allow":["GET"]}}],"collection":[{"href":"https:\/\/nordicmart.andreevmaster.com\/da\/wp-json\/wp\/v2\/product"}],"about":[{"href":"https:\/\/nordicmart.andreevmaster.com\/da\/wp-json\/wp\/v2\/types\/product"}],"replies":[{"embeddable":true,"href":"https:\/\/nordicmart.andreevmaster.com\/da\/wp-json\/wp\/v2\/comments?post=24777"}],"wp:attachment":[{"href":"https:\/\/nordicmart.andreevmaster.com\/da\/wp-json\/wp\/v2\/media?parent=24777"}],"wp:term":[{"taxonomy":"product_brand","embeddable":true,"href":"https:\/\/nordicmart.andreevmaster.com\/da\/wp-json\/wp\/v2\/product_brand?post=24777"},{"taxonomy":"product_cat","embeddable":true,"href":"https:\/\/nordicmart.andreevmaster.com\/da\/wp-json\/wp\/v2\/product_cat?post=24777"},{"taxonomy":"product_tag","embeddable":true,"href":"https:\/\/nordicmart.andreevmaster.com\/da\/wp-json\/wp\/v2\/product_tag?post=24777"}],"curies":[{"name":"wp","href":"https:\/\/api.w.org\/{rel}","templated":true}]}}