{"id":24775,"date":"2026-02-27T00:25:20","date_gmt":"2026-02-27T00:25:20","guid":{"rendered":"https:\/\/nordicmart.andreevmaster.com\/product\/lotta-latte-kommode\/"},"modified":"2026-02-27T09:06:23","modified_gmt":"2026-02-27T09:06:23","slug":"lotta-latte-kommode","status":"publish","type":"product","link":"https:\/\/nordicmart.andreevmaster.com\/da\/vare\/lotta-latte-kommode\/","title":{"rendered":"Lotta latte kommode"},"content":{"rendered":"<p>Bortset fra sengen er det det n\u00e6stvigtigste m\u00f8bel i b\u00f8rnev\u00e6relset. Som en del af Lotta-kollektionen vil vi gerne pr\u00e6sentere en rummelig kommode med tre skuffer. Den passer perfekt til sengen fra samme kollektion og har samme h\u00f8jde, hvilket g\u00f8r den ideel til opbevaring af de mest n\u00f8dvendige b\u00f8rnetilbeh\u00f8r. Kommodens top kan udstyres med et puslebord fra samme kollektion, som kan placeres til h\u00f8jre, venstre eller i midten af kommodens top.<br \/>\nVigtigste fordele:<br \/>\n&#8211; tre rummelige skuffer<br \/>\n&#8211; kan udstyres med et puslebord<br \/>\n&#8211; mulighed for at fastg\u00f8re til en v\u00e6g<br \/>\n&#8211; opfylder europ\u00e6iske standarder og sikkerhedskrav<br \/>\nM\u00e5l (cm):<br \/>\nh\u00f8jde: 91<br \/>\ndybde: 50<br \/>\nbredde: 107<\/p>\n<p>M\u00f8blets udf\u00f8relse og finish:<br \/>\n&#8211; m\u00f8blets krop er lavet af sp\u00e5nplader af h\u00f8j kvalitet<br \/>\n&#8211; bunden, som m\u00f8blets krop er placeret p\u00e5, er lavet af egetr\u00e6, lakeret med farvel\u00f8s b\u00f8rnesikker maling<br \/>\n&#8211; skinner fra Blum er udstyret med et system, der bremser skuffernes lukning <\/p>\n<p>Farver:<br \/>\n&#8211; m\u00f8belkroppen er lattefarvet med mat finish<br \/>\n&#8211; bunden er lavet af egetr\u00e6<\/p>\n<p>Brugsanvisning:<br \/>\nM\u00f8blerne skal t\u00f8rres af med en bl\u00f8d bomuldsklud fugtet med vand eller et produkt beregnet til m\u00f8belpleje.<\/p>\n<p>Yderligere oplysninger:<br \/>\nM\u00f8blerne leveres i pakker, der er beregnet til selvmontering. Pakkerne indeholder detaljerede monteringsvejledninger samt tilbeh\u00f8r (skruer osv.).<\/p>\n","protected":false},"excerpt":{"rendered":"<p>Bortset fra sengen er det det n\u00e6stvigtigste m\u00f8bel i b\u00f8rnev\u00e6relset. Som en del af Lotta-kollektionen vil vi gerne pr\u00e6sentere en rummelig kommode med tre skuffer. Den passer perfekt til sengen fra samme kollektion og har samme h\u00f8jde, hvilket g\u00f8r den ideel til opbevaring af de mest n\u00f8dvendige b\u00f8rnetilbeh\u00f8r. Kommodens top kan udstyres med et puslebord [&hellip;]<\/p>\n","protected":false},"featured_media":0,"comment_status":"open","ping_status":"closed","template":"","meta":[],"product_brand":[],"product_cat":[31],"product_tag":[],"class_list":{"0":"post-24775","1":"product","2":"type-product","3":"status-publish","5":"product_cat-uncategorized-da","7":"first","8":"instock","9":"shipping-taxable","10":"product-type-simple"},"_links":{"self":[{"href":"https:\/\/nordicmart.andreevmaster.com\/da\/wp-json\/wp\/v2\/product\/24775","targetHints":{"allow":["GET"]}}],"collection":[{"href":"https:\/\/nordicmart.andreevmaster.com\/da\/wp-json\/wp\/v2\/product"}],"about":[{"href":"https:\/\/nordicmart.andreevmaster.com\/da\/wp-json\/wp\/v2\/types\/product"}],"replies":[{"embeddable":true,"href":"https:\/\/nordicmart.andreevmaster.com\/da\/wp-json\/wp\/v2\/comments?post=24775"}],"wp:attachment":[{"href":"https:\/\/nordicmart.andreevmaster.com\/da\/wp-json\/wp\/v2\/media?parent=24775"}],"wp:term":[{"taxonomy":"product_brand","embeddable":true,"href":"https:\/\/nordicmart.andreevmaster.com\/da\/wp-json\/wp\/v2\/product_brand?post=24775"},{"taxonomy":"product_cat","embeddable":true,"href":"https:\/\/nordicmart.andreevmaster.com\/da\/wp-json\/wp\/v2\/product_cat?post=24775"},{"taxonomy":"product_tag","embeddable":true,"href":"https:\/\/nordicmart.andreevmaster.com\/da\/wp-json\/wp\/v2\/product_tag?post=24775"}],"curies":[{"name":"wp","href":"https:\/\/api.w.org\/{rel}","templated":true}]}}