{"id":24770,"date":"2026-02-27T00:25:19","date_gmt":"2026-02-27T00:25:19","guid":{"rendered":"https:\/\/nordicmart.andreevmaster.com\/product\/lotta-sne-garderobe\/"},"modified":"2026-02-27T09:06:22","modified_gmt":"2026-02-27T09:06:22","slug":"lotta-sne-garderobe","status":"publish","type":"product","link":"https:\/\/nordicmart.andreevmaster.com\/da\/vare\/lotta-sne-garderobe\/","title":{"rendered":"Lotta sne garderobe"},"content":{"rendered":"<p>To-d\u00f8rs, rummelig garderobe er et n\u00f8dvendigt m\u00f8bel i b\u00f8rnev\u00e6relset. Garderoben er opdelt i to dele: et stativ til at h\u00e6nge t\u00f8j p\u00e5 og rummelige hylder. Garderoben leveres komplet med en skuffe, der er et selvst\u00e6ndigt element under garderoben. <\/p>\n<p>**Vigtigste fordele:**<br \/>\n&#8211; rummelig skuffe<br \/>\n&#8211; 4 hylder indeni, heraf 3 med mulighed for at justere placeringen (venstre side af garderobeskabet), en hylde p\u00e5 tv\u00e6rs af garderobeskabet; stativ til at h\u00e6nge t\u00f8j p\u00e5 og under det: en hylde med mulighed for at justere placeringen (h\u00f8jre side af garderobeskabet)<br \/>\n&#8211; mulighed for v\u00e6gmontering<br \/>\n&#8211; opfylder europ\u00e6iske standarder og sikkerhedskrav<\/p>\n<p>**M\u00e5l (cm):**<br \/>\nh\u00f8jde: 203<br \/>\ndybde: 50<br \/>\nbredde: 117<br \/>\n**<br \/>\nM\u00f8blets udf\u00f8relse og finish:**<br \/>\n&#8211; m\u00f8belkroppen er lavet af lamineret plade af h\u00f8j kvalitet, der er modstandsdygtig over for skader og fugt og nem at holde ren<br \/>\n&#8211; basen, som m\u00f8belkroppen er placeret p\u00e5, er lavet af egetr\u00e6<br \/>\n&#8211; skinner fra Blum er udstyret med et system, der bremser skuffernes lukning<br \/>\n&#8211; garderobeskabsd\u00f8rene \u00e5bnes med et &#8220;push to open&#8221;-system<\/p>\n<p>**Farver:**<br \/>\n&#8211; M\u00f8belkroppen er snehvid med mat finish<br \/>\n&#8211; Basen (tr\u00e6ben) er lavet af egetr\u00e6<\/p>\n<p>**Brugsanvisning:**<br \/>\nM\u00f8blerne skal t\u00f8rres af med en bl\u00f8d bomuldsklud fugtet med vand eller et produkt beregnet til m\u00f8belpleje.<\/p>\n<p>**Yderligere oplysninger:**<br \/>\nM\u00f8blerne leveres i pakker, der er beregnet til selvmontering. Pakkerne indeholder detaljerede monteringsvejledninger samt tilbeh\u00f8r (skruer osv.).<\/p>\n","protected":false},"excerpt":{"rendered":"<p>To-d\u00f8rs, rummelig garderobe er et n\u00f8dvendigt m\u00f8bel i b\u00f8rnev\u00e6relset. Garderoben er opdelt i to dele: et stativ til at h\u00e6nge t\u00f8j p\u00e5 og rummelige hylder. Garderoben leveres komplet med en skuffe, der er et selvst\u00e6ndigt element under garderoben. **Vigtigste fordele:** &#8211; rummelig skuffe &#8211; 4 hylder indeni, heraf 3 med mulighed for at justere placeringen [&hellip;]<\/p>\n","protected":false},"featured_media":0,"comment_status":"open","ping_status":"closed","template":"","meta":[],"product_brand":[],"product_cat":[31],"product_tag":[],"class_list":{"0":"post-24770","1":"product","2":"type-product","3":"status-publish","5":"product_cat-uncategorized-da","7":"first","8":"instock","9":"shipping-taxable","10":"purchasable","11":"product-type-simple"},"_links":{"self":[{"href":"https:\/\/nordicmart.andreevmaster.com\/da\/wp-json\/wp\/v2\/product\/24770","targetHints":{"allow":["GET"]}}],"collection":[{"href":"https:\/\/nordicmart.andreevmaster.com\/da\/wp-json\/wp\/v2\/product"}],"about":[{"href":"https:\/\/nordicmart.andreevmaster.com\/da\/wp-json\/wp\/v2\/types\/product"}],"replies":[{"embeddable":true,"href":"https:\/\/nordicmart.andreevmaster.com\/da\/wp-json\/wp\/v2\/comments?post=24770"}],"wp:attachment":[{"href":"https:\/\/nordicmart.andreevmaster.com\/da\/wp-json\/wp\/v2\/media?parent=24770"}],"wp:term":[{"taxonomy":"product_brand","embeddable":true,"href":"https:\/\/nordicmart.andreevmaster.com\/da\/wp-json\/wp\/v2\/product_brand?post=24770"},{"taxonomy":"product_cat","embeddable":true,"href":"https:\/\/nordicmart.andreevmaster.com\/da\/wp-json\/wp\/v2\/product_cat?post=24770"},{"taxonomy":"product_tag","embeddable":true,"href":"https:\/\/nordicmart.andreevmaster.com\/da\/wp-json\/wp\/v2\/product_tag?post=24770"}],"curies":[{"name":"wp","href":"https:\/\/api.w.org\/{rel}","templated":true}]}}