{"id":24769,"date":"2026-02-27T00:25:18","date_gmt":"2026-02-27T00:25:18","guid":{"rendered":"https:\/\/nordicmart.andreevmaster.com\/product\/lotta-pinette-seng-90x200-skuffe-sne\/"},"modified":"2026-02-27T09:06:22","modified_gmt":"2026-02-27T09:06:22","slug":"lotta-pinette-seng-90x200-skuffe-sne","status":"publish","type":"product","link":"https:\/\/nordicmart.andreevmaster.com\/da\/vare\/lotta-pinette-seng-90x200-skuffe-sne\/","title":{"rendered":"Lotta\/ Pinette seng 90&#215;200 skuffe sne"},"content":{"rendered":"<p>Skuffen er perfekt til opbevaring af senget\u00f8j, men du kan ogs\u00e5 l\u00e6gge en madras i den, s\u00e5 den kan bruges som ekstra seng \u2013 en fantastisk l\u00f8sning til s\u00f8skende eller overnattende g\u00e6ster. Skuffen er nem at tr\u00e6kke ud, selv for b\u00f8rn. <\/p>\n<p> Vigtigste fordele:<br \/>\n &#8211; passer til Pinette 90&#215;200 og Lotta 90&#215;200 senge<br \/>\n&#8211; fremstillet i overensstemmelse med europ\u00e6iske sikkerhedsstandarder<br \/>\n &#8211; forst\u00e6rket bund, der kan bruges til opbevaring eller som en ekstra seng<br \/>\n &#8211; udstyret med hjul med gummibel\u00e6gning, der er sikre for dit gulv<br \/>\n &#8211; f\u00e5s i to farver: snehvid og neutral gr\u00e5. <\/p>\n<p> Skuffens m\u00e5l (cm):<br \/>\n l\u00e6ngde: 198<br \/>\n bredde: 92<br \/>\n h\u00f8jde: 20<\/p>\n<p> Yderligere oplysninger:<br \/>\n &#8211; skuffen kan udstyres med en madras: 90 x 185. Med en 8 cm h\u00f8j madras kan skuffen med madras og senget\u00f8j let skubbes ind under sengen<br \/>\n &#8211; maksimal belastning af skuffen 100 kg<\/p>\n<p> M\u00f8beldesign og finish:<br \/>\n &#8211; m\u00f8blerne er fremstillet af lamineret plade af h\u00f8j kvalitet, som er modstandsdygtig over for skader og fugt og nem at holde ren <\/p>\n<p> Farver:<br \/>\n&#8211; snehvid, mat finish<\/p>\n<p>Brugsanvisning:<br \/>\n M\u00f8blerne skal t\u00f8rres af med en bl\u00f8d bomuldsklud fugtet med vand eller m\u00f8belpolish. <\/p>\n<p>Yderligere oplysninger:<br \/>\n M\u00f8blerne leveres i kasser til selvmontering. Kasserne indeholder en detaljeret monteringsvejledning samt tilbeh\u00f8r (skruer osv.).<\/p>\n","protected":false},"excerpt":{"rendered":"<p>Skuffen er perfekt til opbevaring af senget\u00f8j, men du kan ogs\u00e5 l\u00e6gge en madras i den, s\u00e5 den kan bruges som ekstra seng \u2013 en fantastisk l\u00f8sning til s\u00f8skende eller overnattende g\u00e6ster. Skuffen er nem at tr\u00e6kke ud, selv for b\u00f8rn. Vigtigste fordele: &#8211; passer til Pinette 90&#215;200 og Lotta 90&#215;200 senge &#8211; fremstillet i [&hellip;]<\/p>\n","protected":false},"featured_media":0,"comment_status":"open","ping_status":"closed","template":"","meta":[],"product_brand":[],"product_cat":[31],"product_tag":[],"class_list":{"0":"post-24769","1":"product","2":"type-product","3":"status-publish","5":"product_cat-uncategorized-da","7":"first","8":"instock","9":"shipping-taxable","10":"purchasable","11":"product-type-simple"},"_links":{"self":[{"href":"https:\/\/nordicmart.andreevmaster.com\/da\/wp-json\/wp\/v2\/product\/24769","targetHints":{"allow":["GET"]}}],"collection":[{"href":"https:\/\/nordicmart.andreevmaster.com\/da\/wp-json\/wp\/v2\/product"}],"about":[{"href":"https:\/\/nordicmart.andreevmaster.com\/da\/wp-json\/wp\/v2\/types\/product"}],"replies":[{"embeddable":true,"href":"https:\/\/nordicmart.andreevmaster.com\/da\/wp-json\/wp\/v2\/comments?post=24769"}],"wp:attachment":[{"href":"https:\/\/nordicmart.andreevmaster.com\/da\/wp-json\/wp\/v2\/media?parent=24769"}],"wp:term":[{"taxonomy":"product_brand","embeddable":true,"href":"https:\/\/nordicmart.andreevmaster.com\/da\/wp-json\/wp\/v2\/product_brand?post=24769"},{"taxonomy":"product_cat","embeddable":true,"href":"https:\/\/nordicmart.andreevmaster.com\/da\/wp-json\/wp\/v2\/product_cat?post=24769"},{"taxonomy":"product_tag","embeddable":true,"href":"https:\/\/nordicmart.andreevmaster.com\/da\/wp-json\/wp\/v2\/product_tag?post=24769"}],"curies":[{"name":"wp","href":"https:\/\/api.w.org\/{rel}","templated":true}]}}