{"id":24768,"date":"2026-02-27T00:25:18","date_gmt":"2026-02-27T00:25:18","guid":{"rendered":"https:\/\/nordicmart.andreevmaster.com\/product\/lotta-sne-legetojskasse\/"},"modified":"2026-02-27T09:06:21","modified_gmt":"2026-02-27T09:06:21","slug":"lotta-sne-legetojskasse","status":"publish","type":"product","link":"https:\/\/nordicmart.andreevmaster.com\/da\/vare\/lotta-sne-legetojskasse\/","title":{"rendered":"Lotta sne leget\u00f8jskasse"},"content":{"rendered":"<p>Det er et af de n\u00f8dvendige elementer i b\u00f8rnev\u00e6relset, som hj\u00e6lper med at undg\u00e5 rod, opmuntrer b\u00f8rn til at respektere deres egne ejendele og l\u00e6rer dem at organisere rummet omkring sig. Den har hjul og en snor, s\u00e5 kisten kan transporteres. Den vil v\u00e6re en smuk og nyttig dekoration i b\u00f8rnev\u00e6relset.<br \/>\n**Vigtigste egenskaber og fordele:**<br \/>\n&#8211; opbevaringskapacitet og mobilitet<br \/>\n&#8211; l\u00e6rer b\u00f8rnene at holde orden<br \/>\n&#8211; hjulene har gummid\u00e6k, der forhindrer ridser i gulvet<\/p>\n<p>**M\u00e5l (cm):**<br \/>\nh\u00f8jde: 42<br \/>\ndybde: 46,5<br \/>\nbredde: 59<\/p>\n<p>**H\u00e5ndv\u00e6rk og finish:**<br \/>\n&#8211; kisten er lavet af lamineret plade af h\u00f8j kvalitet, der er modstandsdygtig over for skader og fugt og nem at holde ren<br \/>\n&#8211; hjul: b\u00f8gekrydsfiner med gummid\u00e6k <\/p>\n<p>**Farver:**<br \/>\n&#8211; kisten er snehvid med mat finish<br \/>\n&#8211; hjul: b\u00f8gefiner med gummihjul<\/p>\n<p>**Brugsanvisning:**<br \/>\nM\u00f8blerne skal t\u00f8rres af med en bl\u00f8d bomuldsklud fugtet med vand eller et produkt beregnet til m\u00f8belpleje.<\/p>\n<p>**Yderligere oplysninger:**<br \/>\nM\u00f8blerne leveres i pakker, der er beregnet til selvmontering. Pakkerne indeholder detaljerede monteringsvejledninger samt tilbeh\u00f8r (skruer osv.).<\/p>\n","protected":false},"excerpt":{"rendered":"<p>Det er et af de n\u00f8dvendige elementer i b\u00f8rnev\u00e6relset, som hj\u00e6lper med at undg\u00e5 rod, opmuntrer b\u00f8rn til at respektere deres egne ejendele og l\u00e6rer dem at organisere rummet omkring sig. Den har hjul og en snor, s\u00e5 kisten kan transporteres. Den vil v\u00e6re en smuk og nyttig dekoration i b\u00f8rnev\u00e6relset. **Vigtigste egenskaber og fordele:** [&hellip;]<\/p>\n","protected":false},"featured_media":0,"comment_status":"open","ping_status":"closed","template":"","meta":[],"product_brand":[],"product_cat":[31],"product_tag":[],"class_list":{"0":"post-24768","1":"product","2":"type-product","3":"status-publish","5":"product_cat-uncategorized-da","7":"first","8":"instock","9":"shipping-taxable","10":"purchasable","11":"product-type-simple"},"_links":{"self":[{"href":"https:\/\/nordicmart.andreevmaster.com\/da\/wp-json\/wp\/v2\/product\/24768","targetHints":{"allow":["GET"]}}],"collection":[{"href":"https:\/\/nordicmart.andreevmaster.com\/da\/wp-json\/wp\/v2\/product"}],"about":[{"href":"https:\/\/nordicmart.andreevmaster.com\/da\/wp-json\/wp\/v2\/types\/product"}],"replies":[{"embeddable":true,"href":"https:\/\/nordicmart.andreevmaster.com\/da\/wp-json\/wp\/v2\/comments?post=24768"}],"wp:attachment":[{"href":"https:\/\/nordicmart.andreevmaster.com\/da\/wp-json\/wp\/v2\/media?parent=24768"}],"wp:term":[{"taxonomy":"product_brand","embeddable":true,"href":"https:\/\/nordicmart.andreevmaster.com\/da\/wp-json\/wp\/v2\/product_brand?post=24768"},{"taxonomy":"product_cat","embeddable":true,"href":"https:\/\/nordicmart.andreevmaster.com\/da\/wp-json\/wp\/v2\/product_cat?post=24768"},{"taxonomy":"product_tag","embeddable":true,"href":"https:\/\/nordicmart.andreevmaster.com\/da\/wp-json\/wp\/v2\/product_tag?post=24768"}],"curies":[{"name":"wp","href":"https:\/\/api.w.org\/{rel}","templated":true}]}}