{"id":24766,"date":"2026-02-27T00:25:17","date_gmt":"2026-02-27T00:25:17","guid":{"rendered":"https:\/\/nordicmart.andreevmaster.com\/product\/lotta-pinette-tatam-puslebord\/"},"modified":"2026-02-27T09:06:21","modified_gmt":"2026-02-27T09:06:21","slug":"lotta-pinette-tatam-puslebord","status":"publish","type":"product","link":"https:\/\/nordicmart.andreevmaster.com\/da\/vare\/lotta-pinette-tatam-puslebord\/","title":{"rendered":"Lotta\/Pinette\/Tatam puslebord"},"content":{"rendered":"<p>Puslebordet er et element, som ingen mor og intet b\u00f8rnev\u00e6relse kan undv\u00e6re.<br \/>\nDet er et sikkert, hyggeligt og behageligt sted, der g\u00f8r b\u00f8rnepasning og bleeskift nemmere. Det passer perfekt til kommoden i samme serie, hvilket g\u00f8r det meget sikkert at bruge.<br \/>\nPuslebordet udvider kommodens overflade, hvilket g\u00f8r barnet sikkert, og alle plejeprodukter er inden for r\u00e6kkevidde. Begr\u00e6nsende kanter er et andet element, der p\u00e5virker puslebordets sikkerhed.<br \/>\nDerudover er b\u00e5de montering og demontering meget enkel og hurtig, og efter at puslebordet er taget af, efterlader det ingen m\u00e6rker p\u00e5 kommoden.<br \/>\nTakket v\u00e6re den perfekte tilpasning af kommoden og puslebordet ser begge m\u00f8bler virkelig elegante ud sammen.<\/p>\n<p>**Vigtigste fordele:**<br \/>\n&#8211; opfylder europ\u00e6iske standarder og sikkerhedskrav<br \/>\n&#8211; kan monteres til venstre, til h\u00f8jre og i midten af kommoden<\/p>\n<p>**M\u00e5l (cm):**<br \/>\nl\u00e6ngde: 75,8<br \/>\nbredde: 59,6<br \/>\nh\u00f8jde: 8<\/p>\n<p>**Yderligere oplysninger:**<br \/>\n&#8211; puslebordet kan udstyres med tekstilindsatser\/m\u00e5tter med maksimale dimensioner p\u00e5 56 cm x 75 cm<br \/>\n-maksimal v\u00e6gt for barnet: 15 kg<\/p>\n<p>**M\u00f8blernes udf\u00f8relse og finish:**<br \/>\n&#8211; puslebordet er fremstillet af lamineret plade af h\u00f8j kvalitet, der er modstandsdygtig over for skader og fugt og let at holde ren<br \/>\nFarver:<br \/>\n&#8211; puslebordet er snehvidt med mat finish<\/p>\n<p>**Brugsanvisning:**<br \/>\nM\u00f8blerne skal aft\u00f8rres med en bl\u00f8d bomuldsklud fugtet med vand eller et produkt beregnet til m\u00f8belpleje.<\/p>\n<p>**Yderligere oplysninger:**<br \/>\nM\u00f8blerne leveres i pakker, der er beregnet til selvmontering. Pakkerne indeholder detaljerede monteringsvejledninger samt tilbeh\u00f8r (skruer osv.).<\/p>\n","protected":false},"excerpt":{"rendered":"<p>Puslebordet er et element, som ingen mor og intet b\u00f8rnev\u00e6relse kan undv\u00e6re. Det er et sikkert, hyggeligt og behageligt sted, der g\u00f8r b\u00f8rnepasning og bleeskift nemmere. Det passer perfekt til kommoden i samme serie, hvilket g\u00f8r det meget sikkert at bruge. Puslebordet udvider kommodens overflade, hvilket g\u00f8r barnet sikkert, og alle plejeprodukter er inden for [&hellip;]<\/p>\n","protected":false},"featured_media":0,"comment_status":"open","ping_status":"closed","template":"","meta":[],"product_brand":[],"product_cat":[31],"product_tag":[],"class_list":{"0":"post-24766","1":"product","2":"type-product","3":"status-publish","5":"product_cat-uncategorized-da","7":"first","8":"instock","9":"shipping-taxable","10":"purchasable","11":"product-type-simple"},"_links":{"self":[{"href":"https:\/\/nordicmart.andreevmaster.com\/da\/wp-json\/wp\/v2\/product\/24766","targetHints":{"allow":["GET"]}}],"collection":[{"href":"https:\/\/nordicmart.andreevmaster.com\/da\/wp-json\/wp\/v2\/product"}],"about":[{"href":"https:\/\/nordicmart.andreevmaster.com\/da\/wp-json\/wp\/v2\/types\/product"}],"replies":[{"embeddable":true,"href":"https:\/\/nordicmart.andreevmaster.com\/da\/wp-json\/wp\/v2\/comments?post=24766"}],"wp:attachment":[{"href":"https:\/\/nordicmart.andreevmaster.com\/da\/wp-json\/wp\/v2\/media?parent=24766"}],"wp:term":[{"taxonomy":"product_brand","embeddable":true,"href":"https:\/\/nordicmart.andreevmaster.com\/da\/wp-json\/wp\/v2\/product_brand?post=24766"},{"taxonomy":"product_cat","embeddable":true,"href":"https:\/\/nordicmart.andreevmaster.com\/da\/wp-json\/wp\/v2\/product_cat?post=24766"},{"taxonomy":"product_tag","embeddable":true,"href":"https:\/\/nordicmart.andreevmaster.com\/da\/wp-json\/wp\/v2\/product_tag?post=24766"}],"curies":[{"name":"wp","href":"https:\/\/api.w.org\/{rel}","templated":true}]}}