{"id":24761,"date":"2026-02-27T00:25:16","date_gmt":"2026-02-27T00:25:16","guid":{"rendered":"https:\/\/nordicmart.andreevmaster.com\/product\/lotta-sne-barneseng-junior-seng-70x140\/"},"modified":"2026-02-27T09:06:20","modified_gmt":"2026-02-27T09:06:20","slug":"lotta-sne-barneseng-junior-seng-70x140","status":"publish","type":"product","link":"https:\/\/nordicmart.andreevmaster.com\/da\/vare\/lotta-sne-barneseng-junior-seng-70x140\/","title":{"rendered":"Lotta sne-barneseng\/junior seng 70&#215;140"},"content":{"rendered":"<p>Hovedpersonen i ethvert b\u00f8rnev\u00e6relse, som ud over at sove ogs\u00e5 bruges til lur og leg. Lotta-sengen opfylder takket v\u00e6re sin enkelhed, sikkerhed og mange praktiske l\u00f8sninger barnets grundl\u00e6ggende behov og giver samtidig en f\u00f8lelse af selvst\u00e6ndighed og uafh\u00e6ngighed.<br \/>\nUdstyret med en rummelig skuffe.<br \/>\n**Vigtigste fordele:**<br \/>\n&#8211; opfylder europ\u00e6iske standarder og sikkerhedskrav<br \/>\n&#8211; to aftagelige trin i den ene sengestel giver fri adgang til og fra sengen<br \/>\n&#8211; tre niveauer af stel under madrassen, tilpasset barnets udvikling (58\/43\/28,5 cm fra gulvet)<br \/>\n&#8211; mulighed for at omdanne til en sofa ved at fjerne en af rammerne<br \/>\n&#8211; mulighed for at omdanne til en lille sovesofa ved at fjerne to rammer og den \u00f8verste del af st\u00f8tterne<br \/>\n&#8211; forberedt til montering af en barriere, der beskytter barnet mod at falde ud af sengen, mens det sover<br \/>\n&#8211; rummelig skuffe p\u00e5 H\u00e4fele-skinner<br \/>\n&#8211; der kan k\u00f8bes en sikkerhedsbarriere til beskyttelse mod at falde ud (valgfrit tilbeh\u00f8r til sengen)<\/p>\n<p>**M\u00e5l (cm):**<br \/>\nl\u00e6ngde: 161<br \/>\nbredde: 75<br \/>\nh\u00f8jde: 89<\/p>\n<p>**Yderligere oplysninger:**<br \/>\n-sengen kan udstyres med en madras &#8211; m\u00e5l: 140 cm x 70 cm<br \/>\n-brugsperiode: op til ca. 6 \u00e5r.<\/p>\n<p>**M\u00f8blernes udf\u00f8relse og finish:**<br \/>\n&#8211; sengest\u00f8tter, skuffe og sovesofaens kant er lavet af lamineret plade af h\u00f8j kvalitet, der er modstandsdygtig over for skader og fugt og nem at holde ren<br \/>\n&#8211; bunden, som m\u00f8belkroppen er placeret p\u00e5, er lavet af egetr\u00e6, lakeret med farvel\u00f8s b\u00f8rnesikker maling<br \/>\n&#8211; stigerne er lavet af b\u00f8getr\u00e6, lakeret med b\u00f8rnesikker maling, certificeret i henhold til EN71\/3-standarden<br \/>\n&#8211; Blum-skinne er udstyret med et system, der bremser skuffens lukning<br \/>\n&#8211; madrasrammen er lavet af b\u00f8gefiner <\/p>\n<p>**Farver:**<br \/>\n&#8211; M\u00f8belkroppen er snehvid med mat finish<br \/>\n&#8211; Basen (tr\u00e6benene) er lavet af egetr\u00e6<\/p>\n<p>**Brugsanvisning:**<br \/>\nM\u00f8blerne skal t\u00f8rres af med en bl\u00f8d bomuldsklud fugtet med vand eller et produkt beregnet til m\u00f8belpleje.<br \/>\n**<br \/>\nYderligere oplysninger:**<br \/>\nM\u00f8blerne leveres i pakker, der er beregnet til selvmontering. Pakkerne indeholder detaljerede monteringsvejledninger samt tilbeh\u00f8r (skruer osv.).<\/p>\n","protected":false},"excerpt":{"rendered":"<p>Hovedpersonen i ethvert b\u00f8rnev\u00e6relse, som ud over at sove ogs\u00e5 bruges til lur og leg. Lotta-sengen opfylder takket v\u00e6re sin enkelhed, sikkerhed og mange praktiske l\u00f8sninger barnets grundl\u00e6ggende behov og giver samtidig en f\u00f8lelse af selvst\u00e6ndighed og uafh\u00e6ngighed. Udstyret med en rummelig skuffe. **Vigtigste fordele:** &#8211; opfylder europ\u00e6iske standarder og sikkerhedskrav &#8211; to aftagelige trin [&hellip;]<\/p>\n","protected":false},"featured_media":0,"comment_status":"open","ping_status":"closed","template":"","meta":[],"product_brand":[],"product_cat":[31],"product_tag":[],"class_list":{"0":"post-24761","1":"product","2":"type-product","3":"status-publish","5":"product_cat-uncategorized-da","7":"first","8":"instock","9":"shipping-taxable","10":"purchasable","11":"product-type-simple"},"_links":{"self":[{"href":"https:\/\/nordicmart.andreevmaster.com\/da\/wp-json\/wp\/v2\/product\/24761","targetHints":{"allow":["GET"]}}],"collection":[{"href":"https:\/\/nordicmart.andreevmaster.com\/da\/wp-json\/wp\/v2\/product"}],"about":[{"href":"https:\/\/nordicmart.andreevmaster.com\/da\/wp-json\/wp\/v2\/types\/product"}],"replies":[{"embeddable":true,"href":"https:\/\/nordicmart.andreevmaster.com\/da\/wp-json\/wp\/v2\/comments?post=24761"}],"wp:attachment":[{"href":"https:\/\/nordicmart.andreevmaster.com\/da\/wp-json\/wp\/v2\/media?parent=24761"}],"wp:term":[{"taxonomy":"product_brand","embeddable":true,"href":"https:\/\/nordicmart.andreevmaster.com\/da\/wp-json\/wp\/v2\/product_brand?post=24761"},{"taxonomy":"product_cat","embeddable":true,"href":"https:\/\/nordicmart.andreevmaster.com\/da\/wp-json\/wp\/v2\/product_cat?post=24761"},{"taxonomy":"product_tag","embeddable":true,"href":"https:\/\/nordicmart.andreevmaster.com\/da\/wp-json\/wp\/v2\/product_tag?post=24761"}],"curies":[{"name":"wp","href":"https:\/\/api.w.org\/{rel}","templated":true}]}}