{"id":24758,"date":"2026-02-27T00:25:15","date_gmt":"2026-02-27T00:25:15","guid":{"rendered":"https:\/\/nordicmart.andreevmaster.com\/product\/bellamy-lotta-royal-sengebeskyttelse-til-smaborn-i-farven-snow-timeless-white\/"},"modified":"2026-02-27T09:06:20","modified_gmt":"2026-02-27T09:06:20","slug":"bellamy-lotta-royal-sengebeskyttelse-til-smaborn-i-farven-snow-timeless-white","status":"publish","type":"product","link":"https:\/\/nordicmart.andreevmaster.com\/da\/vare\/bellamy-lotta-royal-sengebeskyttelse-til-smaborn-i-farven-snow-timeless-white\/","title":{"rendered":"Bellamy Lotta\/ Royal sengebeskyttelse til sm\u00e5b\u00f8rn i farven snow\/ timeless white"},"content":{"rendered":"<p>En beskyttende sengeg\u00e6rde er n\u00f8dvendig, n\u00e5r dit barn bliver st\u00f8rre, og barnesengen omdannes til en seng. Form\u00e5let er at beskytte det sovende barn mod at falde ud.<br \/>\nEn beskyttende sengeg\u00e6rde er lavet af massivt tr\u00e6, der er malet i snehvid farve. En beskyttende sengeg\u00e6rde er inkluderet i Good Night-sengen, men der er mulighed for at k\u00f8be en ekstra.**Hvorfor k\u00f8be mig?** &#8211; Den beskytter barnet mod at falde ud, n\u00e5r barnesengen omdannes til en seng. &#8211; Sengen kan monteres p\u00e5 h\u00f8jre eller venstre side af sengen. <\/p>\n<p>M\u00e5l (cm):<br \/>\nL\u00e6ngde: 47<br \/>\nH\u00f8jde: 29<br \/>\nDybde: 2 Brugsanvisning:<br \/>\nM\u00f8blerne skal t\u00f8rres af med en bl\u00f8d bomuldsklud fugtet med vand eller et produkt beregnet til m\u00f8belpleje.<\/p>\n<p>Yderligere oplysninger:<br \/>\nM\u00f8blerne leveres i pakker, der er beregnet til selvmontering. Pakkerne indeholder detaljerede monteringsvejledninger samt tilbeh\u00f8r (skruer osv.).<\/p>\n","protected":false},"excerpt":{"rendered":"<p>En beskyttende sengeg\u00e6rde er n\u00f8dvendig, n\u00e5r dit barn bliver st\u00f8rre, og barnesengen omdannes til en seng. Form\u00e5let er at beskytte det sovende barn mod at falde ud. En beskyttende sengeg\u00e6rde er lavet af massivt tr\u00e6, der er malet i snehvid farve. En beskyttende sengeg\u00e6rde er inkluderet i Good Night-sengen, men der er mulighed for at [&hellip;]<\/p>\n","protected":false},"featured_media":0,"comment_status":"open","ping_status":"closed","template":"","meta":[],"product_brand":[],"product_cat":[31],"product_tag":[],"class_list":{"0":"post-24758","1":"product","2":"type-product","3":"status-publish","5":"product_cat-uncategorized-da","7":"first","8":"instock","9":"shipping-taxable","10":"purchasable","11":"product-type-simple"},"_links":{"self":[{"href":"https:\/\/nordicmart.andreevmaster.com\/da\/wp-json\/wp\/v2\/product\/24758","targetHints":{"allow":["GET"]}}],"collection":[{"href":"https:\/\/nordicmart.andreevmaster.com\/da\/wp-json\/wp\/v2\/product"}],"about":[{"href":"https:\/\/nordicmart.andreevmaster.com\/da\/wp-json\/wp\/v2\/types\/product"}],"replies":[{"embeddable":true,"href":"https:\/\/nordicmart.andreevmaster.com\/da\/wp-json\/wp\/v2\/comments?post=24758"}],"wp:attachment":[{"href":"https:\/\/nordicmart.andreevmaster.com\/da\/wp-json\/wp\/v2\/media?parent=24758"}],"wp:term":[{"taxonomy":"product_brand","embeddable":true,"href":"https:\/\/nordicmart.andreevmaster.com\/da\/wp-json\/wp\/v2\/product_brand?post=24758"},{"taxonomy":"product_cat","embeddable":true,"href":"https:\/\/nordicmart.andreevmaster.com\/da\/wp-json\/wp\/v2\/product_cat?post=24758"},{"taxonomy":"product_tag","embeddable":true,"href":"https:\/\/nordicmart.andreevmaster.com\/da\/wp-json\/wp\/v2\/product_tag?post=24758"}],"curies":[{"name":"wp","href":"https:\/\/api.w.org\/{rel}","templated":true}]}}