{"id":24757,"date":"2026-02-27T00:25:15","date_gmt":"2026-02-27T00:25:15","guid":{"rendered":"https:\/\/nordicmart.andreevmaster.com\/product\/lotta-skrivebord-snow\/"},"modified":"2026-02-27T09:06:20","modified_gmt":"2026-02-27T09:06:20","slug":"lotta-skrivebord-snow","status":"publish","type":"product","link":"https:\/\/nordicmart.andreevmaster.com\/da\/vare\/lotta-skrivebord-snow\/","title":{"rendered":"Lotta skrivebord snow"},"content":{"rendered":"<p>Skrivebordet er designet med omhyggelig opm\u00e6rksomhed p\u00e5 detaljer og har en enkel form, der fremst\u00e5r minimalistisk. Det har to rummelige skuffer, skrivebordsafgr\u00e6nsninger og et hul til kabelf\u00f8ring, s\u00e5 du kan holde orden p\u00e5 dit skrivebord og undg\u00e5 kabelkaos.<\/p>\n<p>Vigtigste egenskaber og fordele:<br \/>\n&#8211; 2 rummelige skuffer med skinner<br \/>\n&#8211; bordkanter forhindrer genstande p\u00e5 bordpladen i at falde ned<br \/>\n&#8211; udstyret med et hul til kabelf\u00f8ring<\/p>\n<p>M\u00e5l (cm):<br \/>\nh\u00f8jde: 76<br \/>\nh\u00f8jde p\u00e5 skrivebord med kant: 86<br \/>\ndybde: 60,5<br \/>\nbredde: 120,2<\/p>\n<p>M\u00f8blets udf\u00f8relse og finish:<br \/>\n&#8211; M\u00f8belkroppen er lavet af lamineret plade af h\u00f8j kvalitet, der er modstandsdygtig over for skader og fugt og nem at holde ren<br \/>\n&#8211; Skuffefronter og sider af skrivebordet er lavet af lamineret plade af h\u00f8j kvalitet, der er modstandsdygtig over for slid og fugt og nem at reng\u00f8re og vedligeholde<br \/>\n&#8211; Basen, som m\u00f8belkroppen er placeret p\u00e5, er lavet af egetr\u00e6 og sp\u00e6ndtr\u00e5d<\/p>\n<p>Farver:<br \/>\n&#8211; Skrivebordet er snehvidt med mat finish<br \/>\n&#8211; Foden (tr\u00e6benene) er lavet af egetr\u00e6, og sp\u00e6ndtr\u00e5den er sort<\/p>\n<p>Brugsanvisning:<br \/>\nM\u00f8blerne skal t\u00f8rres af med en bl\u00f8d bomuldsklud fugtet med vand eller et produkt beregnet til m\u00f8belpleje.<\/p>\n<p>Yderligere oplysninger:<br \/>\nM\u00f8blerne leveres i pakker, der er beregnet til selvmontering. Pakkerne indeholder detaljerede monteringsvejledninger samt tilbeh\u00f8r (skruer osv.).<\/p>\n","protected":false},"excerpt":{"rendered":"<p>Skrivebordet er designet med omhyggelig opm\u00e6rksomhed p\u00e5 detaljer og har en enkel form, der fremst\u00e5r minimalistisk. Det har to rummelige skuffer, skrivebordsafgr\u00e6nsninger og et hul til kabelf\u00f8ring, s\u00e5 du kan holde orden p\u00e5 dit skrivebord og undg\u00e5 kabelkaos. Vigtigste egenskaber og fordele: &#8211; 2 rummelige skuffer med skinner &#8211; bordkanter forhindrer genstande p\u00e5 bordpladen i [&hellip;]<\/p>\n","protected":false},"featured_media":0,"comment_status":"open","ping_status":"closed","template":"","meta":[],"product_brand":[],"product_cat":[31],"product_tag":[],"class_list":{"0":"post-24757","1":"product","2":"type-product","3":"status-publish","5":"product_cat-uncategorized-da","7":"first","8":"instock","9":"shipping-taxable","10":"purchasable","11":"product-type-simple"},"_links":{"self":[{"href":"https:\/\/nordicmart.andreevmaster.com\/da\/wp-json\/wp\/v2\/product\/24757","targetHints":{"allow":["GET"]}}],"collection":[{"href":"https:\/\/nordicmart.andreevmaster.com\/da\/wp-json\/wp\/v2\/product"}],"about":[{"href":"https:\/\/nordicmart.andreevmaster.com\/da\/wp-json\/wp\/v2\/types\/product"}],"replies":[{"embeddable":true,"href":"https:\/\/nordicmart.andreevmaster.com\/da\/wp-json\/wp\/v2\/comments?post=24757"}],"wp:attachment":[{"href":"https:\/\/nordicmart.andreevmaster.com\/da\/wp-json\/wp\/v2\/media?parent=24757"}],"wp:term":[{"taxonomy":"product_brand","embeddable":true,"href":"https:\/\/nordicmart.andreevmaster.com\/da\/wp-json\/wp\/v2\/product_brand?post=24757"},{"taxonomy":"product_cat","embeddable":true,"href":"https:\/\/nordicmart.andreevmaster.com\/da\/wp-json\/wp\/v2\/product_cat?post=24757"},{"taxonomy":"product_tag","embeddable":true,"href":"https:\/\/nordicmart.andreevmaster.com\/da\/wp-json\/wp\/v2\/product_tag?post=24757"}],"curies":[{"name":"wp","href":"https:\/\/api.w.org\/{rel}","templated":true}]}}