{"id":24708,"date":"2026-02-27T00:25:03","date_gmt":"2026-02-27T00:25:03","guid":{"rendered":"https:\/\/nordicmart.andreevmaster.com\/product\/olohuone-stabilt-smalt-bord-i-industriel-stil-med-metalstel\/"},"modified":"2026-02-27T09:06:10","modified_gmt":"2026-02-27T09:06:10","slug":"olohuone-stabilt-smalt-bord-i-industriel-stil-med-metalstel","status":"publish","type":"product","link":"https:\/\/nordicmart.andreevmaster.com\/da\/vare\/olohuone-stabilt-smalt-bord-i-industriel-stil-med-metalstel\/","title":{"rendered":"Olohuone Stabilt, smalt bord i industriel stil med metalstel"},"content":{"rendered":"<p>Dette s\u00e6t med 2 sideborde i charmerende industriel stil og med praktiske hylder er klar til at servere dig en kop kaffe, snacks og alt, hvad du har brug for til en filmmaraton. Eller s\u00e6t en fotoramme og s\u00f8de mokkapajer p\u00e5 bordet for at skabe en hyggelig stemning. Brug de to sideborde sammen for at skabe et unikt sofabord foran sofaen. De er nemme at placere sammen for at spare plads eller som gemmested for fjernbetjeninger. Du kan ogs\u00e5 adskille dem i to rum for at \u00f8ge komforten. <\/p>\n<p>Uanset om du bruger det som sidebord ved siden af sofaen eller som natbord i sovev\u00e6relset, fungerer dette bordss\u00e6t som smurt. Eller s\u00e6t det i dit l\u00e6sehj\u00f8rne til b\u00f8ger og kuglepenne. Takket v\u00e6re det lille sidebord med forh\u00f8jet kant vil tragedien, hvor din elskede kuglepen ligger p\u00e5 gulvet med en \u00f8delagt spids, ikke l\u00e6ngere finde sted. <\/p>\n<p>Hvis du \u00f8nsker at skabe et ensartet, unikt look i hele dit hjem, kan du se n\u00e6rmere p\u00e5 de andre m\u00f8bler i VASAGLE-serien. VASAGLE d\u00e6kker alt fra entreen til stuen og badev\u00e6relset. Specifikationer: &#8211; Farve: Rustik brun (02BX)\/Honningbrun (02N)\/Greige (02B02) &#8211; Materiale: Materiale: Sp\u00e5nplade, metal- Stort bord: 45 x 40 x 55 cm- Lille bord: 40 x 14,9 x 20 cm (40 x 38 x 51 cm) &#8211; Produktv\u00e6gt: 19,4 lb (8,8 kg) &#8211; Maks. Statisk belastningskapacitet for stort bord: 66,1 lb (30 kg) &#8211; Maks. Statisk belastningskapacitet for lille bord: 28 kg Indhold i pakken: &#8211; 2 x sidebord &#8211; 1 x tilbeh\u00f8rss\u00e6t &#8211; 1 x brugsanvisning (EN, DE, FR, ES, IT)<\/p>\n","protected":false},"excerpt":{"rendered":"<p>Dette s\u00e6t med 2 sideborde i charmerende industriel stil og med praktiske hylder er klar til at servere dig en kop kaffe, snacks og alt, hvad du har brug for til en filmmaraton. Eller s\u00e6t en fotoramme og s\u00f8de mokkapajer p\u00e5 bordet for at skabe en hyggelig stemning. Brug de to sideborde sammen for at [&hellip;]<\/p>\n","protected":false},"featured_media":0,"comment_status":"open","ping_status":"closed","template":"","meta":[],"product_brand":[],"product_cat":[31],"product_tag":[],"class_list":{"0":"post-24708","1":"product","2":"type-product","3":"status-publish","5":"product_cat-uncategorized-da","7":"first","8":"instock","9":"shipping-taxable","10":"product-type-simple"},"_links":{"self":[{"href":"https:\/\/nordicmart.andreevmaster.com\/da\/wp-json\/wp\/v2\/product\/24708","targetHints":{"allow":["GET"]}}],"collection":[{"href":"https:\/\/nordicmart.andreevmaster.com\/da\/wp-json\/wp\/v2\/product"}],"about":[{"href":"https:\/\/nordicmart.andreevmaster.com\/da\/wp-json\/wp\/v2\/types\/product"}],"replies":[{"embeddable":true,"href":"https:\/\/nordicmart.andreevmaster.com\/da\/wp-json\/wp\/v2\/comments?post=24708"}],"wp:attachment":[{"href":"https:\/\/nordicmart.andreevmaster.com\/da\/wp-json\/wp\/v2\/media?parent=24708"}],"wp:term":[{"taxonomy":"product_brand","embeddable":true,"href":"https:\/\/nordicmart.andreevmaster.com\/da\/wp-json\/wp\/v2\/product_brand?post=24708"},{"taxonomy":"product_cat","embeddable":true,"href":"https:\/\/nordicmart.andreevmaster.com\/da\/wp-json\/wp\/v2\/product_cat?post=24708"},{"taxonomy":"product_tag","embeddable":true,"href":"https:\/\/nordicmart.andreevmaster.com\/da\/wp-json\/wp\/v2\/product_tag?post=24708"}],"curies":[{"name":"wp","href":"https:\/\/api.w.org\/{rel}","templated":true}]}}