{"id":24704,"date":"2026-02-27T00:25:02","date_gmt":"2026-02-27T00:25:02","guid":{"rendered":"https:\/\/nordicmart.andreevmaster.com\/product\/konsolbord-sofabord-smalt-entrebord-entrebord-med-2-skuffer-aben-opbevaringshylde-afrundede-hjorner-til-stuen-boho-stil-havrebeige-u\/"},"modified":"2026-02-27T09:06:09","modified_gmt":"2026-02-27T09:06:09","slug":"konsolbord-sofabord-smalt-entrebord-entrebord-med-2-skuffer-aben-opbevaringshylde-afrundede-hjorner-til-stuen-boho-stil-havrebeige-u","status":"publish","type":"product","link":"https:\/\/nordicmart.andreevmaster.com\/da\/vare\/konsolbord-sofabord-smalt-entrebord-entrebord-med-2-skuffer-aben-opbevaringshylde-afrundede-hjorner-til-stuen-boho-stil-havrebeige-u\/","title":{"rendered":"Konsolbord, sofabord, smalt entr\u00e9bord, entr\u00e9bord med 2 skuffer, \u00e5ben opbevaringshylde, afrundede hj\u00f8rner, til stuen, Boho-stil, havrebeige U"},"content":{"rendered":"<p>[Inviter boho-charme ind] Dette konsolbord emmer af boheme-stil, da dets beige nuance minder om naturens elementer, og den forreste del af kassen, der er lavet af PVC-rotting, tilf\u00f8jer tekstur. Perfekt til at forbedre et moderne rum eller berige en boho-indretning.<\/p>\n<p>[Robust konstruktion] Premium MDF kombineret med h\u00f8jkvalitets sp\u00e5nplade og holdbart plastrotting danner et stabilt sofabord, der nemt kan b\u00e6re op til 220 lb. Du kan trygt placere b\u00f8ger, lamper, potteplanter eller fotorammer p\u00e5 det!<\/p>\n<p>[Masser af opbevaringsplads] Hold orden med dette smalle entr\u00e9bord. Den har en stor bordplade, hvor du kan placere ofte anvendte genstande eller udstille dekorationer, 2 store kasser, hvor du kan gemme private genstande, og en \u00e5ben hylde til sko eller opbevaringskurve.<\/p>\n<p>[Nem vedligeholdelse og samling] Den glatte, vandafvisende MDF-overflade g\u00f8r det nemt at reng\u00f8re bordet \u2013 det skal blot t\u00f8rres af med en fugtig klud. Samlingen er ogs\u00e5 nem takket v\u00e6re de klare instruktioner og m\u00e6rkede dele. <\/p>\n<p>[Alsidigt multifunktionsbord] Uanset om du placerer dette bord i sovev\u00e6relset, stuen, entreen, arbejdsv\u00e6relset, spisestuen eller endda ved siden af trappen, passer det perfekt ind og giver samtidig en stilfuld ramme til at udstille fotorammer, vaser eller dekorationer.<\/p>\n<p>Tekniske oplysninger:<br \/>\nFarver: Farve: Farver: Farverne er mm: Havrebeige<br \/>\nMateriale: MDF (medium densitet fiberplade), sp\u00e5nplade, PVC (polyvinylchlorid) plast.Produktst\u00f8rrelse: 11,8&#8243; D x 39,4&#8243; B x 31,5&#8243; H (30 x 100 x 80 cm).Produktets v\u00e6gt: 16,6 kg (36,6 lb)<br \/>\nSamlet dimensioner Maks. statisk belastningskapacitet: 100 kg (220 lb)<\/p>\n<p>Indhold i pakken<br \/>\n1 x Konsolbord<br \/>\n1 x tilbeh\u00f8rss\u00e6t<br \/>\n1 x Brugsanvisning<\/p>\n","protected":false},"excerpt":{"rendered":"<p>[Inviter boho-charme ind] Dette konsolbord emmer af boheme-stil, da dets beige nuance minder om naturens elementer, og den forreste del af kassen, der er lavet af PVC-rotting, tilf\u00f8jer tekstur. Perfekt til at forbedre et moderne rum eller berige en boho-indretning. [Robust konstruktion] Premium MDF kombineret med h\u00f8jkvalitets sp\u00e5nplade og holdbart plastrotting danner et stabilt sofabord, [&hellip;]<\/p>\n","protected":false},"featured_media":0,"comment_status":"open","ping_status":"closed","template":"","meta":[],"product_brand":[],"product_cat":[31],"product_tag":[],"class_list":{"0":"post-24704","1":"product","2":"type-product","3":"status-publish","5":"product_cat-uncategorized-da","7":"first","8":"instock","9":"shipping-taxable","10":"product-type-simple"},"_links":{"self":[{"href":"https:\/\/nordicmart.andreevmaster.com\/da\/wp-json\/wp\/v2\/product\/24704","targetHints":{"allow":["GET"]}}],"collection":[{"href":"https:\/\/nordicmart.andreevmaster.com\/da\/wp-json\/wp\/v2\/product"}],"about":[{"href":"https:\/\/nordicmart.andreevmaster.com\/da\/wp-json\/wp\/v2\/types\/product"}],"replies":[{"embeddable":true,"href":"https:\/\/nordicmart.andreevmaster.com\/da\/wp-json\/wp\/v2\/comments?post=24704"}],"wp:attachment":[{"href":"https:\/\/nordicmart.andreevmaster.com\/da\/wp-json\/wp\/v2\/media?parent=24704"}],"wp:term":[{"taxonomy":"product_brand","embeddable":true,"href":"https:\/\/nordicmart.andreevmaster.com\/da\/wp-json\/wp\/v2\/product_brand?post=24704"},{"taxonomy":"product_cat","embeddable":true,"href":"https:\/\/nordicmart.andreevmaster.com\/da\/wp-json\/wp\/v2\/product_cat?post=24704"},{"taxonomy":"product_tag","embeddable":true,"href":"https:\/\/nordicmart.andreevmaster.com\/da\/wp-json\/wp\/v2\/product_tag?post=24704"}],"curies":[{"name":"wp","href":"https:\/\/api.w.org\/{rel}","templated":true}]}}