{"id":24443,"date":"2026-02-27T00:23:49","date_gmt":"2026-02-27T00:23:49","guid":{"rendered":"https:\/\/nordicmart.andreevmaster.com\/product\/tortorrer-til-toj-torrestativ-til-toj-med-3-drejelige-arme-til-bojler-4-ben-til-indendors-brug-sammenklappeligt-torrestativ-rustfrit-stal-plads-til-27-stykker-toj-1515-cm-hoj-hvid-og-solvfarve\/"},"modified":"2026-02-27T09:05:12","modified_gmt":"2026-02-27T09:05:12","slug":"tortorrer-til-toj-torrestativ-til-toj-med-3-drejelige-arme-til-bojler-4-ben-til-indendors-brug-sammenklappeligt-torrestativ-rustfrit-stal-plads-til-27-stykker-toj-1515-cm-hoj-hvid-og-solvfarve","status":"publish","type":"product","link":"https:\/\/nordicmart.andreevmaster.com\/da\/vare\/tortorrer-til-toj-torrestativ-til-toj-med-3-drejelige-arme-til-bojler-4-ben-til-indendors-brug-sammenklappeligt-torrestativ-rustfrit-stal-plads-til-27-stykker-toj-1515-cm-hoj-hvid-og-solvfarve\/","title":{"rendered":"T\u00f8rt\u00f8rrer til t\u00f8j, t\u00f8rrestativ til t\u00f8j med 3 drejelige arme til b\u00f8jler, 4 ben til indend\u00f8rs brug, sammenklappeligt t\u00f8rrestativ, rustfrit st\u00e5l, plads til 27 stykker t\u00f8j, 151,5 cm h\u00f8j, hvid og s\u00f8lvfarvet"},"content":{"rendered":"","protected":false},"excerpt":{"rendered":"","protected":false},"featured_media":0,"comment_status":"open","ping_status":"closed","template":"","meta":[],"product_brand":[],"product_cat":[31],"product_tag":[],"class_list":{"0":"post-24443","1":"product","2":"type-product","3":"status-publish","5":"product_cat-uncategorized-da","7":"first","8":"instock","9":"shipping-taxable","10":"product-type-simple"},"_links":{"self":[{"href":"https:\/\/nordicmart.andreevmaster.com\/da\/wp-json\/wp\/v2\/product\/24443","targetHints":{"allow":["GET"]}}],"collection":[{"href":"https:\/\/nordicmart.andreevmaster.com\/da\/wp-json\/wp\/v2\/product"}],"about":[{"href":"https:\/\/nordicmart.andreevmaster.com\/da\/wp-json\/wp\/v2\/types\/product"}],"replies":[{"embeddable":true,"href":"https:\/\/nordicmart.andreevmaster.com\/da\/wp-json\/wp\/v2\/comments?post=24443"}],"wp:attachment":[{"href":"https:\/\/nordicmart.andreevmaster.com\/da\/wp-json\/wp\/v2\/media?parent=24443"}],"wp:term":[{"taxonomy":"product_brand","embeddable":true,"href":"https:\/\/nordicmart.andreevmaster.com\/da\/wp-json\/wp\/v2\/product_brand?post=24443"},{"taxonomy":"product_cat","embeddable":true,"href":"https:\/\/nordicmart.andreevmaster.com\/da\/wp-json\/wp\/v2\/product_cat?post=24443"},{"taxonomy":"product_tag","embeddable":true,"href":"https:\/\/nordicmart.andreevmaster.com\/da\/wp-json\/wp\/v2\/product_tag?post=24443"}],"curies":[{"name":"wp","href":"https:\/\/api.w.org\/{rel}","templated":true}]}}