{"id":24291,"date":"2026-02-27T00:23:07","date_gmt":"2026-02-27T00:23:07","guid":{"rendered":"https:\/\/nordicmart.andreevmaster.com\/product\/opbevaringsskab-med-hylder\/"},"modified":"2026-02-27T09:04:42","modified_gmt":"2026-02-27T09:04:42","slug":"opbevaringsskab-med-hylder","status":"publish","type":"product","link":"https:\/\/nordicmart.andreevmaster.com\/da\/vare\/opbevaringsskab-med-hylder\/","title":{"rendered":"Opbevaringsskab med hylder"},"content":{"rendered":"<p>Har du brug for mere opbevaringsplads i entreen? Dette opbevaringsskab med 3 hylder giver dig den plads, du har brug for til de n\u00f8dvendige ting ved hovedd\u00f8ren. Tag skoene fra skabet, tag n\u00f8glerne og tegnebogen fra den \u00f8verste hylde, og start dagen p\u00e5 den rigtige m\u00e5de.<\/p>\n<p>Dette rummelige opbevaringsskab har 3 hylder, der kan justeres i h\u00f8jden, s\u00e5 du f\u00e5r plads til b\u00e5de store og sm\u00e5 ting. Har du store st\u00f8vler eller h\u00f8jh\u00e6lede sko, der kr\u00e6ver lidt mere plads? Sm\u00e5 sko, der ikke tager s\u00e5 meget plads? Det er ikke noget problem.Du beh\u00f8ver ikke bekymre dig om m\u00f8trikker og bolte. Med de nummererede dele og de letforst\u00e5elige instruktioner kan du nemt og hurtigt samle dette opbevaringsskab.Vil du have mere? Dette opbevaringsskab f\u00e5s i 2 forskellige farver. F\u00e5 det i en kombination af sort og brunt, hvis du \u00f8nsker et rustikt og moderne look, eller helt i hvidt, hvis du \u00f8nsker en minimalistisk stil. Husk at tjekke VASAGLE for flere overraskelser!<\/p>\n<p>Tekniske oplysninger: &#8211; Farve: Sort (B01)\/Hvid (W01) &#8211; Materiale: Sort (B01)\/Hvid (W01): Materiale: Sp\u00e5nplade, metal- Produktst\u00f8rrelse: 27,5 &#8220;L x 13,7 &#8220;L x 39,3 &#8220;H (70 x 35 x 100 cm) Pakkens indhold:- 1 x Opbevaringsskab- 1 x Monteringss\u00e6t- 1 x Vejledning (EN, DE, FR, ES, IT)<\/p>\n","protected":false},"excerpt":{"rendered":"<p>Har du brug for mere opbevaringsplads i entreen? Dette opbevaringsskab med 3 hylder giver dig den plads, du har brug for til de n\u00f8dvendige ting ved hovedd\u00f8ren. Tag skoene fra skabet, tag n\u00f8glerne og tegnebogen fra den \u00f8verste hylde, og start dagen p\u00e5 den rigtige m\u00e5de. Dette rummelige opbevaringsskab har 3 hylder, der kan justeres [&hellip;]<\/p>\n","protected":false},"featured_media":0,"comment_status":"open","ping_status":"closed","template":"","meta":[],"product_brand":[],"product_cat":[31],"product_tag":[],"class_list":{"0":"post-24291","1":"product","2":"type-product","3":"status-publish","5":"product_cat-uncategorized-da","7":"first","8":"instock","9":"shipping-taxable","10":"product-type-simple"},"_links":{"self":[{"href":"https:\/\/nordicmart.andreevmaster.com\/da\/wp-json\/wp\/v2\/product\/24291","targetHints":{"allow":["GET"]}}],"collection":[{"href":"https:\/\/nordicmart.andreevmaster.com\/da\/wp-json\/wp\/v2\/product"}],"about":[{"href":"https:\/\/nordicmart.andreevmaster.com\/da\/wp-json\/wp\/v2\/types\/product"}],"replies":[{"embeddable":true,"href":"https:\/\/nordicmart.andreevmaster.com\/da\/wp-json\/wp\/v2\/comments?post=24291"}],"wp:attachment":[{"href":"https:\/\/nordicmart.andreevmaster.com\/da\/wp-json\/wp\/v2\/media?parent=24291"}],"wp:term":[{"taxonomy":"product_brand","embeddable":true,"href":"https:\/\/nordicmart.andreevmaster.com\/da\/wp-json\/wp\/v2\/product_brand?post=24291"},{"taxonomy":"product_cat","embeddable":true,"href":"https:\/\/nordicmart.andreevmaster.com\/da\/wp-json\/wp\/v2\/product_cat?post=24291"},{"taxonomy":"product_tag","embeddable":true,"href":"https:\/\/nordicmart.andreevmaster.com\/da\/wp-json\/wp\/v2\/product_tag?post=24291"}],"curies":[{"name":"wp","href":"https:\/\/api.w.org\/{rel}","templated":true}]}}